{"id":6620,"date":"2026-01-21T16:32:47","date_gmt":"2026-01-21T15:32:47","guid":{"rendered":"https:\/\/recto-vrso.com\/recto-vrso\/"},"modified":"2026-02-13T10:44:53","modified_gmt":"2026-02-13T09:44:53","slug":"recto-vrso","status":"publish","type":"page","link":"https:\/\/recto-vrso.com\/en\/","title":{"rendered":"Recto VRso"},"content":{"rendered":"\n<section class=\"banner alignfull full-height\" style=\"background-image: url(https:\/\/recto-vrso.com\/wp-content\/uploads\/2026\/01\/54456357179_f6b12f62b4_k.jpg)\">>\n            <div class=\"video\">\n            <video autoplay muted loop>\n                <source src=\"https:\/\/recto-vrso.com\/wp-content\/uploads\/2026\/01\/YTDown.com_YouTube_Recto-VRso-2025-Aftermovie_Media_N2LhnkJ_gtQ_001_1080p.mp4\" type=\"video\/mp4\">\n            <\/video>\n        <\/div>\n        <div class=\"container\">\n        <div class=\"content\">\n            <h1>\n                Recto VRso: the immersive and interactive art festival            <\/h1>\n                        <p>\n                The ninth edition of the festival will take place from November 19 to 22 in Laval, at Le Quarante. Discover digital art through fun and immersive experiences!             <\/p>\n                            <a href=\"https:\/\/www.flickr.com\/photos\/123929093@N05\/collections\/72157722808141011\/\" target=\"_blank\" class=\"btn btn--gradient\">\n                    Discover the festival in photos                <\/a>\n                                <\/div>\n    <\/div>\n<\/section>\n<div style=\"height:50px\" aria-hidden=\"true\" class=\"wp-block-spacer\"><\/div>\n\n<style>.video-rounded {\n    border-radius: 50px;\n    overflow: hidden;\n}\n<\/style>\n\n<div class=\"wp-block-group alignfull has-global-padding is-layout-constrained wp-container-core-group-is-layout-3 wp-block-group-is-layout-constrained\">\n<div class=\"wp-block-group alignwide has-global-padding is-layout-constrained wp-block-group-is-layout-constrained\" style=\"margin-top:0rem;margin-bottom:0\">\n<div class=\"wp-block-columns alignwide order-reverse is-layout-flex wp-container-core-columns-is-layout-1 wp-block-columns-is-layout-flex\">\n<div class=\"wp-block-column is-vertically-aligned-center is-layout-flow wp-block-column-is-layout-flow\" style=\"padding-top:0rem;padding-bottom:0rem;flex-basis:45%\">\n<div class=\"wp-block-group has-background has-global-padding is-layout-constrained wp-container-core-group-is-layout-1 wp-block-group-is-layout-constrained\" style=\"background-color:#ffffff9e;padding-top:var(--wp--preset--spacing--50);padding-right:var(--wp--preset--spacing--40);padding-bottom:var(--wp--preset--spacing--50);padding-left:var(--wp--preset--spacing--40)\">\n<p class=\"has-contrast-color has-text-color has-link-color wp-elements-9ed98c272bcecddca65573a82a31cc64\" style=\"margin-top:0;margin-bottom:0;padding-top:0;padding-right:0;padding-bottom:0;padding-left:0\">9th edition from November 19 to 22, 2026<\/p>\n\n\n\n<h2 class=\"wp-block-heading has-contrast-color has-text-color has-link-color has-abril-fatface-font-family wp-elements-8cc6ed3905c14c52be89cec4c15e12c3\">Recto VRso: between Arts, Sciences and Technologies<\/h2>\n\n\n\n<p class=\"has-contrast-color has-text-color has-link-color wp-elements-58ad36266ec39ac33797c7aca01d6696\">Recto VRso is an <strong>international exhibition of art and virtual and mixed reality<\/strong> held as part of the Laval Virtual trade show. Con\u00e7ue par l\u2019artiste-chercheure Judith Guez, Recto VRso a pour objectif d\u2019inviter les \u0153uvres d\u2019artistes, de chercheurs, d\u2019\u00e9tudiants et d\u2019explorateurs qui interrogent de pr\u00e8s ou de loin le m\u00e9dium de la r\u00e9alit\u00e9 virtuelle, de mani\u00e8re \u00e0 faire \u00e9merger de nouvelles formes artistiques.<\/p>\n\n\n\n<p class=\"has-contrast-color has-text-color has-link-color wp-elements-8560896c59821a978b0c9f512a09a326\">The 9th edition of Recto VRso will take place from November 19 to 22, 2026. Admission to the festival is completely free and will be held at Le Quarante in Laval.<\/p>\n\n\n\n<div class=\"wp-block-buttons is-layout-flex wp-block-buttons-is-layout-flex\">\n<div class=\"wp-block-button has-custom-width wp-block-button__width-50 is-style-negative-btn is-style-negative-btn--1\"><a class=\"wp-block-button__link has-base-color has-contrast-background-color has-text-color has-background has-link-color wp-element-button\" style=\"border-radius:10px\">Exhibit in the Gallery<\/a><\/div>\n\n\n\n<div class=\"wp-block-button has-custom-width wp-block-button__width-50 is-style-negative-btn is-style-negative-btn--2\"><a class=\"wp-block-button__link has-base-color has-contrast-background-color has-text-color has-background has-link-color wp-element-button\" href=\"https:\/\/recto-vrso.com\/en\/art-vr-gallery-2025-en\/\" style=\"border-radius:10px\">Discover the 2025 edition<\/a><\/div>\n<\/div>\n<\/div>\n<\/div>\n\n\n\n<div class=\"wp-block-column is-vertically-aligned-center is-layout-flow wp-block-column-is-layout-flow\">\n<div data-id=\"69e735daaa788\" class=\"video-card video-rounded alignwide\" style=\"background-image: url(https:\/\/recto-vrso.com\/wp-content\/uploads\/2026\/01\/54456532405_c22ea158d9_k-1-768x512.jpg); aspect-ratio: 1\/1;\">\n    <div class=\"play\" dialog=\"video\" data-src=\"https:\/\/recto-vrso.com\/wp-content\/uploads\/2026\/01\/YTDown.com_YouTube_Recto-VRso-2025-Aftermovie_Media_N2LhnkJ_gtQ_001_1080p.mp4\">\n        <div class=\"play__btn\">\n            \u25b6\n        <\/div>\n        <div class=\"play__text\">\n            <div class=\"title\">Relive the previous edition<\/div>\n            <div class=\"timecode\">2:02<\/div>\n        <\/div>\n    <\/div>\n<\/div>\n<\/div>\n<\/div>\n<\/div>\n\n\n\n<div style=\"height:50px\" aria-hidden=\"true\" class=\"wp-block-spacer\"><\/div>\n<\/div>\n\n<div class=\"wp-block-group alignwide overflow-hidden has-custom-gradient-gradient-background has-background has-global-padding is-layout-constrained wp-container-core-group-is-layout-5 wp-block-group-is-layout-constrained\" style=\"border-radius:20px;margin-top:0;margin-bottom:0;padding-top:var(--wp--preset--spacing--80);padding-right:0;padding-bottom:0rem;padding-left:0\">\n<div class=\"wp-block-group alignwide has-global-padding is-layout-constrained wp-container-core-group-is-layout-4 wp-block-group-is-layout-constrained\" style=\"margin-bottom:var(--wp--preset--spacing--80);padding-right:var(--wp--preset--spacing--80);padding-left:var(--wp--preset--spacing--80)\">\n<div class=\"wp-block-columns alignwide is-layout-flex wp-container-core-columns-is-layout-2 wp-block-columns-is-layout-flex\" style=\"padding-top:var(--wp--preset--spacing--20);padding-right:0;padding-bottom:var(--wp--preset--spacing--20);padding-left:0\">\n<div class=\"wp-block-column is-layout-flow wp-container-core-column-is-layout-3 wp-block-column-is-layout-flow\">\n<p class=\"has-text-align-center has-base-color has-text-color has-link-color has-abril-fatface-font-family wp-elements-6be14f30c1e52240ec8b516b28645ef7\" style=\"margin-top:0;margin-bottom:0;padding-top:0;padding-bottom:0;font-size:5rem\">4<\/p>\n\n\n\n<p class=\"has-text-align-center has-base-color has-text-color has-link-color has-abril-fatface-font-family has-x-large-font-size wp-elements-1d205a6f6e687024427376c4aad1d0c3\" style=\"margin-top:0;margin-bottom:0;padding-top:0;padding-bottom:0\">days<\/p>\n<\/div>\n\n\n\n<div class=\"wp-block-column is-layout-flow wp-container-core-column-is-layout-4 wp-block-column-is-layout-flow\">\n<p class=\"has-text-align-center has-base-color has-text-color has-link-color has-abril-fatface-font-family wp-elements-9f0efb3142c21c996906f901514d8127\" style=\"margin-top:0;margin-bottom:0;padding-top:0;padding-bottom:0;font-size:5rem\">40<\/p>\n\n\n\n<p class=\"has-text-align-center has-base-color has-text-color has-link-color has-abril-fatface-font-family has-x-large-font-size wp-elements-e5f9c6a89583c35b1db7e1070d376de0\" style=\"margin-top:0;margin-bottom:0;padding-top:0;padding-bottom:0\">artworks<\/p>\n<\/div>\n\n\n\n<div class=\"wp-block-column is-layout-flow wp-container-core-column-is-layout-5 wp-block-column-is-layout-flow\">\n<p class=\"has-text-align-center has-base-color has-text-color has-link-color has-abril-fatface-font-family wp-elements-e5c338305e6451867bffdb8c01cfd9d1\" style=\"margin-top:0;margin-bottom:0;padding-top:0;padding-bottom:0;font-size:5rem\">75<\/p>\n\n\n\n<p class=\"has-text-align-center has-base-color has-text-color has-link-color has-abril-fatface-font-family has-x-large-font-size wp-elements-7411c56674482c85a7c9410acf7c213c\" style=\"margin-top:0;margin-bottom:0;padding-top:0;padding-bottom:0\">artists<\/p>\n<\/div>\n\n\n\n<div class=\"wp-block-column is-layout-flow wp-container-core-column-is-layout-6 wp-block-column-is-layout-flow\">\n<p class=\"has-text-align-center has-base-color has-text-color has-link-color has-abril-fatface-font-family wp-elements-55eb626cf8909200a4a22b9d60ebab21\" style=\"margin-top:0;margin-bottom:0;padding-top:0;padding-bottom:0;font-size:5rem\">2000<\/p>\n\n\n\n<p class=\"has-text-align-center has-base-color has-text-color has-link-color has-abril-fatface-font-family has-x-large-font-size wp-elements-fcb8b2227bc0ce28e78a2cfbd4cd7977\" style=\"margin-top:0;margin-bottom:0;padding-top:0;padding-bottom:0\">attendees<\/p>\n<\/div>\n<\/div>\n<\/div>\n<\/div>\n\n<div style=\"height:50px\" aria-hidden=\"true\" class=\"wp-block-spacer\"><\/div>\n\n<div class=\"wp-block-columns alignwide front is-layout-flex wp-container-core-columns-is-layout-3 wp-block-columns-is-layout-flex\" style=\"margin-top:0px;margin-bottom:var(--wp--preset--spacing--80)\">\n<div class=\"wp-block-column is-vertically-aligned-top is-layout-flow wp-block-column-is-layout-flow\">\n<figure class=\"wp-block-image aligncenter size-full\"><img loading=\"lazy\" decoding=\"async\" width=\"272\" height=\"228\" src=\"http:\/\/recto-vrso.com\/wp-content\/uploads\/2025\/01\/blob1.png\" alt=\"\" class=\"wp-image-5494\" style=\"object-fit:cover\"\/><\/figure>\n\n\n\n<h2 class=\"wp-block-heading has-contrast-color has-text-color has-link-color has-abril-fatface-font-family has-large-font-size wp-elements-7e2a351b819f5f33890707e3ef3a9b04\">The Art &amp; VR Gallery<\/h2>\n\n\n\n<p class=\"has-contrast-color has-text-color has-link-color wp-elements-55545872f59b56fe72bec5bf71364a6e\">The Art &amp; VR Gallery is the official exhibition of Recto VRso, offering <strong>more than a dozen international artists<\/strong> the opportunity to exhibit works exploring an annual theme.<\/p>\n\n\n\n<p class=\"has-contrast-color has-text-color has-link-color wp-elements-bd2f90ca1ad30d80ae32a94a90b4b8af\"><em>From November 19 to 22, at Le Quarante (Rue du Britais \u2013 Laval).<\/em><\/p>\n\n\n\n<div class=\"wp-block-buttons is-layout-flex wp-block-buttons-is-layout-flex\">\n<div class=\"wp-block-button is-style-fill\"><a class=\"wp-block-button__link wp-element-button\" href=\"https:\/\/recto-vrso.com\/call-art-vr-gallery\/\">Exhibit in the Gallery<\/a><\/div>\n<\/div>\n<\/div>\n\n\n\n<div class=\"wp-block-column is-vertically-aligned-top is-layout-flow wp-block-column-is-layout-flow\">\n<figure class=\"wp-block-image aligncenter size-full\"><img loading=\"lazy\" decoding=\"async\" width=\"296\" height=\"228\" src=\"http:\/\/recto-vrso.com\/wp-content\/uploads\/2025\/01\/blob2.png\" alt=\"\" class=\"wp-image-5496\" style=\"object-fit:cover\"\/><\/figure>\n\n\n\n<h2 class=\"wp-block-heading has-contrast-color has-text-color has-link-color has-abril-fatface-font-family has-large-font-size wp-elements-99db888bbee0b2553d10f974b94fa301\">The R&amp;C Lab&#8217;<\/h2>\n\n\n\n<p class=\"has-contrast-color has-text-color has-link-color wp-elements-c904caf738f2aa1364f075e96d617dcf\"><strong>The Research &amp; Creation Laboratory promotes artistic diversity by inviting established artists, students, researchers and collectives to take over different spaces.<\/strong> University and school projects in digital creation, guest curators, collectives, pioneering and emerging artists.<\/p>\n\n\n\n<p class=\"has-contrast-color has-text-color has-link-color wp-elements-bd2f90ca1ad30d80ae32a94a90b4b8af\"><em>From November 19 to 22, at Le Quarante (Rue du Britais \u2013 Laval).<\/em><\/p>\n<\/div>\n\n\n\n<div class=\"wp-block-column is-vertically-aligned-top is-layout-flow wp-block-column-is-layout-flow\">\n<figure class=\"wp-block-image aligncenter size-full\"><img loading=\"lazy\" decoding=\"async\" width=\"296\" height=\"228\" src=\"http:\/\/recto-vrso.com\/wp-content\/uploads\/2025\/01\/blob3.png\" alt=\"\" class=\"wp-image-5498\" style=\"object-fit:cover\"\/><\/figure>\n\n\n\n<h2 class=\"wp-block-heading has-contrast-color has-text-color has-link-color has-abril-fatface-font-family has-large-font-size wp-elements-8450ff346065df6b5c6e50636d11e482\">&#8220;Xtended&#8221;<\/h2>\n\n\n\n<p class=\"has-contrast-color has-text-color has-link-color wp-elements-cac01edbaf531c2fe03df8a141e3f504\">Recto VRso is expanding with \u2018Xtended\u2019, inviting you to <strong>explore digital discovery through fun, immersive experiences.<\/strong><\/p>\n\n\n\n<p class=\"has-contrast-color has-text-color has-link-color wp-elements-95a0247571e6600b9e4bcc5a06360350\"><em>November 21 and 22, at Le Quarante (Rue du Britais \u2013 Laval).<\/em><\/p>\n<\/div>\n<\/div>\n\n<div class=\"wp-block-cover alignwide\" style=\"border-radius:20px;padding-top:var(--wp--preset--spacing--50);padding-right:var(--wp--preset--spacing--50);padding-bottom:var(--wp--preset--spacing--50);padding-left:var(--wp--preset--spacing--50);min-height:387px;aspect-ratio:unset;\"><span aria-hidden=\"true\" class=\"wp-block-cover__background has-background-dim-60 has-background-dim wp-block-cover__gradient-background has-background-gradient has-midnight-gradient-background\"><\/span><img loading=\"lazy\" decoding=\"async\" width=\"2048\" height=\"1365\" class=\"wp-block-cover__image-background wp-image-6537\" alt=\"\" src=\"http:\/\/recto-vrso.com\/wp-content\/uploads\/2026\/01\/54456359784_5e7081d01c_k.jpg\" style=\"object-position:49% 44%\" data-object-fit=\"cover\" data-object-position=\"49% 44%\" srcset=\"https:\/\/recto-vrso.com\/wp-content\/uploads\/2026\/01\/54456359784_5e7081d01c_k.jpg 2048w, https:\/\/recto-vrso.com\/wp-content\/uploads\/2026\/01\/54456359784_5e7081d01c_k-300x200.jpg 300w, https:\/\/recto-vrso.com\/wp-content\/uploads\/2026\/01\/54456359784_5e7081d01c_k-1024x683.jpg 1024w, https:\/\/recto-vrso.com\/wp-content\/uploads\/2026\/01\/54456359784_5e7081d01c_k-768x512.jpg 768w, https:\/\/recto-vrso.com\/wp-content\/uploads\/2026\/01\/54456359784_5e7081d01c_k-1536x1024.jpg 1536w\" sizes=\"auto, (max-width: 2048px) 100vw, 2048px\" \/><div class=\"wp-block-cover__inner-container is-layout-flow wp-block-cover-is-layout-flow\">\n<h2 class=\"wp-block-heading has-text-align-center has-base-color has-text-color has-link-color has-large-font-size wp-elements-5f5ce2d6c4c5bff50a66df63b2e84087\">Discover the 2025 edition of<\/h2>\n\n\n\n<h2 class=\"wp-block-heading alignwide has-text-align-center has-base-color has-text-color has-link-color has-abril-fatface-font-family wp-elements-6744b944d9f801b145a3ab3d291bea37\" style=\"margin-top:0;margin-bottom:0;font-size:6.4vw\">Art &amp; VR Gallery<\/h2>\n\n\n\n<div class=\"wp-block-buttons is-content-justification-center is-layout-flex wp-container-core-buttons-is-layout-3 wp-block-buttons-is-layout-flex\">\n<div class=\"wp-block-button is-style-negative-btn is-style-negative-btn--3\"><a class=\"wp-block-button__link has-base-color has-contrast-background-color has-text-color has-background has-link-color wp-element-button\" href=\"https:\/\/recto-vrso.com\/en\/art-vr-gallery-2025-en\/\" style=\"border-radius:10px\">Know more<\/a><\/div>\n<\/div>\n<\/div><\/div>\n\n<div style=\"height:50px\" aria-hidden=\"true\" class=\"wp-block-spacer\"><\/div>\n","protected":false},"excerpt":{"rendered":"<p>9th edition from November 19 to 22, 2026 Recto VRso: between Arts, Sciences and Technologies Recto VRso is an international exhibition of art and virtual and mixed reality held as [&hellip;]<\/p>\n","protected":false},"author":6,"featured_media":6556,"parent":0,"menu_order":0,"comment_status":"closed","ping_status":"closed","template":"","meta":{"_acf_changed":false,"content-type":"","footnotes":""},"class_list":["post-6620","page","type-page","status-publish","has-post-thumbnail","hentry"],"acf":[],"yoast_head":"<!-- This site is optimized with the Yoast SEO plugin v26.8 - https:\/\/yoast.com\/product\/yoast-seo-wordpress\/ -->\n<title>Recto VRso 2026<\/title>\n<meta name=\"description\" content=\"Recto VRso returns from November 19 to 22, 2026, for its 9th edition. An international festival combining arts, science, and technology!\" \/>\n<meta name=\"robots\" content=\"index, follow, max-snippet:-1, max-image-preview:large, max-video-preview:-1\" \/>\n<link rel=\"canonical\" href=\"https:\/\/recto-vrso.com\/en\/\" \/>\n<meta property=\"og:locale\" content=\"en_US\" \/>\n<meta property=\"og:type\" content=\"article\" \/>\n<meta property=\"og:title\" content=\"Recto VRso 2026\" \/>\n<meta property=\"og:description\" content=\"Recto VRso returns from November 19 to 22, 2026, for its 9th edition. An international festival combining arts, science, and technology!\" \/>\n<meta property=\"og:url\" content=\"https:\/\/recto-vrso.com\/en\/\" \/>\n<meta property=\"og:site_name\" content=\"Recto VRso\" \/>\n<meta property=\"article:modified_time\" content=\"2026-02-13T09:44:53+00:00\" \/>\n<meta property=\"og:image\" content=\"https:\/\/recto-vrso.com\/wp-content\/uploads\/2026\/01\/54456532405_c22ea158d9_k-1.jpg\" \/>\n\t<meta property=\"og:image:width\" content=\"2047\" \/>\n\t<meta property=\"og:image:height\" content=\"1365\" \/>\n\t<meta property=\"og:image:type\" content=\"image\/jpeg\" \/>\n<meta name=\"twitter:card\" content=\"summary_large_image\" \/>\n<meta name=\"twitter:label1\" content=\"Est. reading time\" \/>\n\t<meta name=\"twitter:data1\" content=\"3 minutes\" \/>\n<script type=\"application\/ld+json\" class=\"yoast-schema-graph\">{\"@context\":\"https:\/\/schema.org\",\"@graph\":[{\"@type\":\"WebPage\",\"@id\":\"https:\/\/recto-vrso.com\/en\/\",\"url\":\"https:\/\/recto-vrso.com\/en\/\",\"name\":\"Recto VRso 2026\",\"isPartOf\":{\"@id\":\"https:\/\/recto-vrso.com\/#website\"},\"primaryImageOfPage\":{\"@id\":\"https:\/\/recto-vrso.com\/en\/#primaryimage\"},\"image\":{\"@id\":\"https:\/\/recto-vrso.com\/en\/#primaryimage\"},\"thumbnailUrl\":\"https:\/\/recto-vrso.com\/wp-content\/uploads\/2026\/01\/54456532405_c22ea158d9_k-1.jpg\",\"datePublished\":\"2026-01-21T15:32:47+00:00\",\"dateModified\":\"2026-02-13T09:44:53+00:00\",\"description\":\"Recto VRso returns from November 19 to 22, 2026, for its 9th edition. An international festival combining arts, science, and technology!\",\"inLanguage\":\"en-US\",\"potentialAction\":[{\"@type\":\"ReadAction\",\"target\":[\"https:\/\/recto-vrso.com\/en\/\"]}]},{\"@type\":\"ImageObject\",\"inLanguage\":\"en-US\",\"@id\":\"https:\/\/recto-vrso.com\/en\/#primaryimage\",\"url\":\"https:\/\/recto-vrso.com\/wp-content\/uploads\/2026\/01\/54456532405_c22ea158d9_k-1.jpg\",\"contentUrl\":\"https:\/\/recto-vrso.com\/wp-content\/uploads\/2026\/01\/54456532405_c22ea158d9_k-1.jpg\",\"width\":2047,\"height\":1365},{\"@type\":\"WebSite\",\"@id\":\"https:\/\/recto-vrso.com\/#website\",\"url\":\"https:\/\/recto-vrso.com\/\",\"name\":\"Recto VRso\",\"description\":\"\",\"potentialAction\":[{\"@type\":\"SearchAction\",\"target\":{\"@type\":\"EntryPoint\",\"urlTemplate\":\"https:\/\/recto-vrso.com\/?s={search_term_string}\"},\"query-input\":{\"@type\":\"PropertyValueSpecification\",\"valueRequired\":true,\"valueName\":\"search_term_string\"}}],\"inLanguage\":\"en-US\"}]}<\/script>\n<!-- \/ Yoast SEO plugin. -->","yoast_head_json":{"title":"Recto VRso 2026","description":"Recto VRso returns from November 19 to 22, 2026, for its 9th edition. An international festival combining arts, science, and technology!","robots":{"index":"index","follow":"follow","max-snippet":"max-snippet:-1","max-image-preview":"max-image-preview:large","max-video-preview":"max-video-preview:-1"},"canonical":"https:\/\/recto-vrso.com\/en\/","og_locale":"en_US","og_type":"article","og_title":"Recto VRso 2026","og_description":"Recto VRso returns from November 19 to 22, 2026, for its 9th edition. An international festival combining arts, science, and technology!","og_url":"https:\/\/recto-vrso.com\/en\/","og_site_name":"Recto VRso","article_modified_time":"2026-02-13T09:44:53+00:00","og_image":[{"width":2047,"height":1365,"url":"https:\/\/recto-vrso.com\/wp-content\/uploads\/2026\/01\/54456532405_c22ea158d9_k-1.jpg","type":"image\/jpeg"}],"twitter_card":"summary_large_image","twitter_misc":{"Est. reading time":"3 minutes"},"schema":{"@context":"https:\/\/schema.org","@graph":[{"@type":"WebPage","@id":"https:\/\/recto-vrso.com\/en\/","url":"https:\/\/recto-vrso.com\/en\/","name":"Recto VRso 2026","isPartOf":{"@id":"https:\/\/recto-vrso.com\/#website"},"primaryImageOfPage":{"@id":"https:\/\/recto-vrso.com\/en\/#primaryimage"},"image":{"@id":"https:\/\/recto-vrso.com\/en\/#primaryimage"},"thumbnailUrl":"https:\/\/recto-vrso.com\/wp-content\/uploads\/2026\/01\/54456532405_c22ea158d9_k-1.jpg","datePublished":"2026-01-21T15:32:47+00:00","dateModified":"2026-02-13T09:44:53+00:00","description":"Recto VRso returns from November 19 to 22, 2026, for its 9th edition. An international festival combining arts, science, and technology!","inLanguage":"en-US","potentialAction":[{"@type":"ReadAction","target":["https:\/\/recto-vrso.com\/en\/"]}]},{"@type":"ImageObject","inLanguage":"en-US","@id":"https:\/\/recto-vrso.com\/en\/#primaryimage","url":"https:\/\/recto-vrso.com\/wp-content\/uploads\/2026\/01\/54456532405_c22ea158d9_k-1.jpg","contentUrl":"https:\/\/recto-vrso.com\/wp-content\/uploads\/2026\/01\/54456532405_c22ea158d9_k-1.jpg","width":2047,"height":1365},{"@type":"WebSite","@id":"https:\/\/recto-vrso.com\/#website","url":"https:\/\/recto-vrso.com\/","name":"Recto VRso","description":"","potentialAction":[{"@type":"SearchAction","target":{"@type":"EntryPoint","urlTemplate":"https:\/\/recto-vrso.com\/?s={search_term_string}"},"query-input":{"@type":"PropertyValueSpecification","valueRequired":true,"valueName":"search_term_string"}}],"inLanguage":"en-US"}]}},"_links":{"self":[{"href":"https:\/\/recto-vrso.com\/en\/wp-json\/wp\/v2\/pages\/6620","targetHints":{"allow":["GET"]}}],"collection":[{"href":"https:\/\/recto-vrso.com\/en\/wp-json\/wp\/v2\/pages"}],"about":[{"href":"https:\/\/recto-vrso.com\/en\/wp-json\/wp\/v2\/types\/page"}],"author":[{"embeddable":true,"href":"https:\/\/recto-vrso.com\/en\/wp-json\/wp\/v2\/users\/6"}],"replies":[{"embeddable":true,"href":"https:\/\/recto-vrso.com\/en\/wp-json\/wp\/v2\/comments?post=6620"}],"version-history":[{"count":4,"href":"https:\/\/recto-vrso.com\/en\/wp-json\/wp\/v2\/pages\/6620\/revisions"}],"predecessor-version":[{"id":6803,"href":"https:\/\/recto-vrso.com\/en\/wp-json\/wp\/v2\/pages\/6620\/revisions\/6803"}],"wp:featuredmedia":[{"embeddable":true,"href":"https:\/\/recto-vrso.com\/en\/wp-json\/wp\/v2\/media\/6556"}],"wp:attachment":[{"href":"https:\/\/recto-vrso.com\/en\/wp-json\/wp\/v2\/media?parent=6620"}],"curies":[{"name":"wp","href":"https:\/\/api.w.org\/{rel}","templated":true}]}}