{"id":5471,"date":"2025-01-16T14:45:41","date_gmt":"2025-01-16T13:45:41","guid":{"rendered":"https:\/\/recto-vrso.com\/phytopoiesis\/"},"modified":"2025-01-31T13:55:03","modified_gmt":"2025-01-31T12:55:03","slug":"phytopoiesis","status":"publish","type":"page","link":"https:\/\/recto-vrso.com\/en\/phytopoiesis\/","title":{"rendered":"Phytopo\u00efesis"},"content":{"rendered":"\n<section class=\"banner alignfull \" style=\"background-image: url(https:\/\/recto-vrso.com\/wp-content\/uploads\/2025\/01\/PHYTOPOIESIS_Scenocosme-scaled.jpg)\">>\n        <div class=\"container\">\n        <div class=\"content\">\n            <h1>\n                Phytopo\u00efesis            <\/h1>\n                            <h2>When nature becomes an artist and reacts to your presence.<\/h2>\n                        <p>\n                Interactive installation \/ Interactive plant and artificial intelligence by Gr\u00e9gory Lasserre &#038; Ana\u00efs Met den Ancxt.            <\/p>\n                                <\/div>\n    <\/div>\n<\/section>\n<div style=\"height:25px\" aria-hidden=\"true\" class=\"wp-block-spacer\"><\/div>\n\n<div class=\"wp-block-columns alignwide are-vertically-aligned-center is-layout-flex wp-container-core-columns-is-layout-1 wp-block-columns-is-layout-flex\">\n<div class=\"wp-block-column is-vertically-aligned-center is-layout-flow wp-block-column-is-layout-flow\">\n<p class=\"has-contrast-color has-text-color has-link-color has-hwt-mardell-font-family wp-elements-bd94acb578a8db16ba3700fd3edbc9c0\" style=\"font-size:35px\">Recto VRso<\/p>\n\n\n\n<h2 class=\"wp-block-heading has-contrast-color has-text-color has-link-color wp-elements-5a0a5198401a73b6df6ee21db286ab05\">Phytopo\u00efesis<\/h2>\n\n\n\n<p><em>Phytopo\u00efesis<\/em> is an interactive visual and sound art installation composed of a living plant capable of generating images using artificial intelligence.<\/p>\n\n\n\n<p>Sensitive to our electrostatic energy, the plant reacts to human touch and proximity with evolving sound characters and images.<\/p>\n\n\n\n<div class=\"wp-block-buttons is-layout-flex wp-block-buttons-is-layout-flex\">\n<div class=\"wp-block-button is-style-outline is-style-outline--1\"><a class=\"wp-block-button__link wp-element-button\" href=\"https:\/\/www.youtube.com\/watch?v=E2i_oqGb_ww\" target=\"_blank\" rel=\"noreferrer noopener\">Know more<\/a><\/div>\n<\/div>\n<\/div>\n\n\n\n<div class=\"wp-block-column is-vertically-aligned-center is-layout-flow wp-block-column-is-layout-flow\">\n<figure class=\"wp-block-image size-full has-custom-border is-style-default\"><img loading=\"lazy\" decoding=\"async\" width=\"1920\" height=\"1080\" src=\"http:\/\/recto-vrso.com\/wp-content\/uploads\/2025\/01\/Phytopoiesis.png\" alt=\"\" class=\"wp-image-5845\" style=\"border-radius:0px;aspect-ratio:3\/2;object-fit:cover\" srcset=\"https:\/\/recto-vrso.com\/wp-content\/uploads\/2025\/01\/Phytopoiesis.png 1920w, https:\/\/recto-vrso.com\/wp-content\/uploads\/2025\/01\/Phytopoiesis-300x169.png 300w, https:\/\/recto-vrso.com\/wp-content\/uploads\/2025\/01\/Phytopoiesis-1024x576.png 1024w, https:\/\/recto-vrso.com\/wp-content\/uploads\/2025\/01\/Phytopoiesis-768x432.png 768w, https:\/\/recto-vrso.com\/wp-content\/uploads\/2025\/01\/Phytopoiesis-1536x864.png 1536w\" sizes=\"auto, (max-width: 1920px) 100vw, 1920px\" \/><\/figure>\n<\/div>\n<\/div>\n\n<div style=\"height:50px\" aria-hidden=\"true\" class=\"wp-block-spacer\"><\/div>\n\n<h2 class=\"wp-block-heading alignwide has-text-align-center has-background has-text-color has-link-color has-hwt-mardell-font-family wp-elements-31fdaedf44d619c60dc571b778aaae52\" style=\"color:#e47023;margin-top:-50px;margin-bottom:-50px;font-size:71px\">The artists<\/h2>\n\n<hr class=\"wp-block-separator has-alpha-channel-opacity is-style-default\"\/>\n\n<div style=\"height:25px\" aria-hidden=\"true\" class=\"wp-block-spacer\"><\/div>\n\n<div class=\"wp-block-columns alignwide are-vertically-aligned-center is-layout-flex wp-container-core-columns-is-layout-3 wp-block-columns-is-layout-flex\">\n<div class=\"wp-block-column is-vertically-aligned-center is-layout-flow wp-block-column-is-layout-flow\">\n<div class=\"wp-block-columns is-layout-flex wp-container-core-columns-is-layout-2 wp-block-columns-is-layout-flex\">\n<div class=\"wp-block-column is-vertically-aligned-center is-layout-flow wp-block-column-is-layout-flow\">\n<h3 class=\"wp-block-heading has-black-color has-text-color has-link-color wp-elements-b08f33f5f639f1e73ca27b183ca8b809\">Sc\u00e9nocosme : Gr\u00e9gory Lasserre &amp; Ana\u00efs Met den Ancxt<\/h3>\n\n\n\n<p>Plastic artists based in Lyon, Gr\u00e9gory and Ana\u00efs like twisting various technologies to create contemporary artworks. They develop the notion of interactivity, according which the artwork exists and evolutionate thanks to the participants&#8217; corporal and social behaviors. They reach surprising hybridizations between technologies and living or natural elements.<br\/><br\/>Their works are exhibited in numerous museums, centres for contemporary art and digital art centres around the world, among which Biennial International of Contemporary Art of Seville (Spain), Biennial Experimenta (Australia), NAMOC \/ National Art Museum of China (Beijing).<\/p>\n<\/div>\n\n\n\n<div class=\"wp-block-column is-layout-flow wp-block-column-is-layout-flow\">\n<figure class=\"wp-block-image size-large\"><img loading=\"lazy\" decoding=\"async\" width=\"1024\" height=\"786\" src=\"http:\/\/recto-vrso.com\/wp-content\/uploads\/2025\/01\/Scenocosme-_-Gregory-Lasserre-Anais-met-den-Ancxt_phytopoiesis_-1024x786.jpg\" alt=\"\" class=\"wp-image-5301\" srcset=\"https:\/\/recto-vrso.com\/wp-content\/uploads\/2025\/01\/Scenocosme-_-Gregory-Lasserre-Anais-met-den-Ancxt_phytopoiesis_-1024x786.jpg 1024w, https:\/\/recto-vrso.com\/wp-content\/uploads\/2025\/01\/Scenocosme-_-Gregory-Lasserre-Anais-met-den-Ancxt_phytopoiesis_-300x230.jpg 300w, https:\/\/recto-vrso.com\/wp-content\/uploads\/2025\/01\/Scenocosme-_-Gregory-Lasserre-Anais-met-den-Ancxt_phytopoiesis_-768x590.jpg 768w, https:\/\/recto-vrso.com\/wp-content\/uploads\/2025\/01\/Scenocosme-_-Gregory-Lasserre-Anais-met-den-Ancxt_phytopoiesis_-1536x1179.jpg 1536w, https:\/\/recto-vrso.com\/wp-content\/uploads\/2025\/01\/Scenocosme-_-Gregory-Lasserre-Anais-met-den-Ancxt_phytopoiesis_-2048x1572.jpg 2048w\" sizes=\"auto, (max-width: 1024px) 100vw, 1024px\" \/><\/figure>\n<\/div>\n<\/div>\n<\/div>\n<\/div>\n\n<div style=\"height:50px\" aria-hidden=\"true\" class=\"wp-block-spacer\"><\/div>\n\n<div class=\"wp-block-cover alignfull wp-duotone-grayscale\" style=\"padding-top:var(--wp--preset--spacing--50);padding-right:var(--wp--preset--spacing--50);padding-bottom:var(--wp--preset--spacing--50);padding-left:var(--wp--preset--spacing--50);min-height:359px;aspect-ratio:unset;\"><span aria-hidden=\"true\" class=\"wp-block-cover__background has-background-dim-70 has-background-dim wp-block-cover__gradient-background has-background-gradient has-custom-gradient-gradient-background\"><\/span><img loading=\"lazy\" decoding=\"async\" width=\"2048\" height=\"970\" class=\"wp-block-cover__image-background wp-image-2871\" alt=\"\" src=\"http:\/\/recto-vrso.com\/wp-content\/uploads\/2023\/11\/Le-Quarante.jpeg\" data-object-fit=\"cover\" srcset=\"https:\/\/recto-vrso.com\/wp-content\/uploads\/2023\/11\/Le-Quarante.jpeg 2048w, https:\/\/recto-vrso.com\/wp-content\/uploads\/2023\/11\/Le-Quarante-300x142.jpeg 300w, https:\/\/recto-vrso.com\/wp-content\/uploads\/2023\/11\/Le-Quarante-1024x485.jpeg 1024w, https:\/\/recto-vrso.com\/wp-content\/uploads\/2023\/11\/Le-Quarante-768x364.jpeg 768w, https:\/\/recto-vrso.com\/wp-content\/uploads\/2023\/11\/Le-Quarante-1536x728.jpeg 1536w\" sizes=\"auto, (max-width: 2048px) 100vw, 2048px\" \/><div class=\"wp-block-cover__inner-container is-layout-flow wp-block-cover-is-layout-flow\">\n<h2 class=\"wp-block-heading has-text-align-center has-white-color has-text-color has-x-large-font-size\" style=\"margin-bottom:-25px\">Discover the works of<\/h2>\n\n\n\n<p class=\"has-text-align-center has-hwt-mardell-font-family\" style=\"font-size:65px\">Art &amp; VR Gallery<\/p>\n\n\n\n<div class=\"wp-block-buttons is-content-justification-center is-layout-flex wp-container-core-buttons-is-layout-2 wp-block-buttons-is-layout-flex\">\n<div class=\"wp-block-button\"><a class=\"wp-block-button__link has-turquoise-violet-gradient-background has-background wp-element-button\" href=\"https:\/\/recto-vrso.com\/en\/art-vr-gallery-2025-en\/\">Find out more<\/a><\/div>\n<\/div>\n<\/div><\/div>\n\n<div style=\"height:50px\" aria-hidden=\"true\" class=\"wp-block-spacer\"><\/div>\n\n<p><\/p>\n","protected":false},"excerpt":{"rendered":"<p>Recto VRso Phytopo\u00efesis Phytopo\u00efesis is an interactive visual and sound art installation composed of a living plant capable of generating images using artificial intelligence. Sensitive to our electrostatic energy, the [&hellip;]<\/p>\n","protected":false},"author":6,"featured_media":0,"parent":0,"menu_order":0,"comment_status":"closed","ping_status":"closed","template":"","meta":{"_acf_changed":false,"content-type":"","footnotes":""},"class_list":["post-5471","page","type-page","status-publish","hentry"],"acf":[],"yoast_head":"<!-- This site is optimized with the Yoast SEO plugin v26.8 - https:\/\/yoast.com\/product\/yoast-seo-wordpress\/ -->\n<title>Phytopo\u00efesis - Recto VRso<\/title>\n<meta name=\"robots\" content=\"index, follow, max-snippet:-1, max-image-preview:large, max-video-preview:-1\" \/>\n<link rel=\"canonical\" href=\"https:\/\/recto-vrso.com\/en\/phytopoiesis\/\" \/>\n<meta property=\"og:locale\" content=\"en_US\" \/>\n<meta property=\"og:type\" content=\"article\" \/>\n<meta property=\"og:title\" content=\"Phytopo\u00efesis - Recto VRso\" \/>\n<meta property=\"og:description\" content=\"Recto VRso Phytopo\u00efesis Phytopo\u00efesis is an interactive visual and sound art installation composed of a living plant capable of generating images using artificial intelligence. Sensitive to our electrostatic energy, the [&hellip;]\" \/>\n<meta property=\"og:url\" content=\"https:\/\/recto-vrso.com\/en\/phytopoiesis\/\" \/>\n<meta property=\"og:site_name\" content=\"Recto VRso\" \/>\n<meta property=\"article:modified_time\" content=\"2025-01-31T12:55:03+00:00\" \/>\n<meta property=\"og:image\" content=\"http:\/\/recto-vrso.com\/wp-content\/uploads\/2025\/01\/Phytopoiesis.png\" \/>\n<meta name=\"twitter:card\" content=\"summary_large_image\" \/>\n<meta name=\"twitter:label1\" content=\"Est. reading time\" \/>\n\t<meta name=\"twitter:data1\" content=\"1 minute\" \/>\n<script type=\"application\/ld+json\" class=\"yoast-schema-graph\">{\"@context\":\"https:\/\/schema.org\",\"@graph\":[{\"@type\":\"WebPage\",\"@id\":\"https:\/\/recto-vrso.com\/en\/phytopoiesis\/\",\"url\":\"https:\/\/recto-vrso.com\/en\/phytopoiesis\/\",\"name\":\"Phytopo\u00efesis - Recto VRso\",\"isPartOf\":{\"@id\":\"https:\/\/recto-vrso.com\/#website\"},\"primaryImageOfPage\":{\"@id\":\"https:\/\/recto-vrso.com\/en\/phytopoiesis\/#primaryimage\"},\"image\":{\"@id\":\"https:\/\/recto-vrso.com\/en\/phytopoiesis\/#primaryimage\"},\"thumbnailUrl\":\"http:\/\/recto-vrso.com\/wp-content\/uploads\/2025\/01\/Phytopoiesis.png\",\"datePublished\":\"2025-01-16T13:45:41+00:00\",\"dateModified\":\"2025-01-31T12:55:03+00:00\",\"inLanguage\":\"en-US\",\"potentialAction\":[{\"@type\":\"ReadAction\",\"target\":[\"https:\/\/recto-vrso.com\/en\/phytopoiesis\/\"]}]},{\"@type\":\"ImageObject\",\"inLanguage\":\"en-US\",\"@id\":\"https:\/\/recto-vrso.com\/en\/phytopoiesis\/#primaryimage\",\"url\":\"http:\/\/recto-vrso.com\/wp-content\/uploads\/2025\/01\/Phytopoiesis.png\",\"contentUrl\":\"http:\/\/recto-vrso.com\/wp-content\/uploads\/2025\/01\/Phytopoiesis.png\"},{\"@type\":\"WebSite\",\"@id\":\"https:\/\/recto-vrso.com\/#website\",\"url\":\"https:\/\/recto-vrso.com\/\",\"name\":\"Recto VRso\",\"description\":\"\",\"potentialAction\":[{\"@type\":\"SearchAction\",\"target\":{\"@type\":\"EntryPoint\",\"urlTemplate\":\"https:\/\/recto-vrso.com\/?s={search_term_string}\"},\"query-input\":{\"@type\":\"PropertyValueSpecification\",\"valueRequired\":true,\"valueName\":\"search_term_string\"}}],\"inLanguage\":\"en-US\"}]}<\/script>\n<!-- \/ Yoast SEO plugin. -->","yoast_head_json":{"title":"Phytopo\u00efesis - Recto VRso","robots":{"index":"index","follow":"follow","max-snippet":"max-snippet:-1","max-image-preview":"max-image-preview:large","max-video-preview":"max-video-preview:-1"},"canonical":"https:\/\/recto-vrso.com\/en\/phytopoiesis\/","og_locale":"en_US","og_type":"article","og_title":"Phytopo\u00efesis - Recto VRso","og_description":"Recto VRso Phytopo\u00efesis Phytopo\u00efesis is an interactive visual and sound art installation composed of a living plant capable of generating images using artificial intelligence. Sensitive to our electrostatic energy, the [&hellip;]","og_url":"https:\/\/recto-vrso.com\/en\/phytopoiesis\/","og_site_name":"Recto VRso","article_modified_time":"2025-01-31T12:55:03+00:00","og_image":[{"url":"http:\/\/recto-vrso.com\/wp-content\/uploads\/2025\/01\/Phytopoiesis.png","type":"","width":"","height":""}],"twitter_card":"summary_large_image","twitter_misc":{"Est. reading time":"1 minute"},"schema":{"@context":"https:\/\/schema.org","@graph":[{"@type":"WebPage","@id":"https:\/\/recto-vrso.com\/en\/phytopoiesis\/","url":"https:\/\/recto-vrso.com\/en\/phytopoiesis\/","name":"Phytopo\u00efesis - Recto VRso","isPartOf":{"@id":"https:\/\/recto-vrso.com\/#website"},"primaryImageOfPage":{"@id":"https:\/\/recto-vrso.com\/en\/phytopoiesis\/#primaryimage"},"image":{"@id":"https:\/\/recto-vrso.com\/en\/phytopoiesis\/#primaryimage"},"thumbnailUrl":"http:\/\/recto-vrso.com\/wp-content\/uploads\/2025\/01\/Phytopoiesis.png","datePublished":"2025-01-16T13:45:41+00:00","dateModified":"2025-01-31T12:55:03+00:00","inLanguage":"en-US","potentialAction":[{"@type":"ReadAction","target":["https:\/\/recto-vrso.com\/en\/phytopoiesis\/"]}]},{"@type":"ImageObject","inLanguage":"en-US","@id":"https:\/\/recto-vrso.com\/en\/phytopoiesis\/#primaryimage","url":"http:\/\/recto-vrso.com\/wp-content\/uploads\/2025\/01\/Phytopoiesis.png","contentUrl":"http:\/\/recto-vrso.com\/wp-content\/uploads\/2025\/01\/Phytopoiesis.png"},{"@type":"WebSite","@id":"https:\/\/recto-vrso.com\/#website","url":"https:\/\/recto-vrso.com\/","name":"Recto VRso","description":"","potentialAction":[{"@type":"SearchAction","target":{"@type":"EntryPoint","urlTemplate":"https:\/\/recto-vrso.com\/?s={search_term_string}"},"query-input":{"@type":"PropertyValueSpecification","valueRequired":true,"valueName":"search_term_string"}}],"inLanguage":"en-US"}]}},"_links":{"self":[{"href":"https:\/\/recto-vrso.com\/en\/wp-json\/wp\/v2\/pages\/5471","targetHints":{"allow":["GET"]}}],"collection":[{"href":"https:\/\/recto-vrso.com\/en\/wp-json\/wp\/v2\/pages"}],"about":[{"href":"https:\/\/recto-vrso.com\/en\/wp-json\/wp\/v2\/types\/page"}],"author":[{"embeddable":true,"href":"https:\/\/recto-vrso.com\/en\/wp-json\/wp\/v2\/users\/6"}],"replies":[{"embeddable":true,"href":"https:\/\/recto-vrso.com\/en\/wp-json\/wp\/v2\/comments?post=5471"}],"version-history":[{"count":3,"href":"https:\/\/recto-vrso.com\/en\/wp-json\/wp\/v2\/pages\/5471\/revisions"}],"predecessor-version":[{"id":5888,"href":"https:\/\/recto-vrso.com\/en\/wp-json\/wp\/v2\/pages\/5471\/revisions\/5888"}],"wp:attachment":[{"href":"https:\/\/recto-vrso.com\/en\/wp-json\/wp\/v2\/media?parent=5471"}],"curies":[{"name":"wp","href":"https:\/\/api.w.org\/{rel}","templated":true}]}}