{"id":5469,"date":"2025-01-16T15:17:53","date_gmt":"2025-01-16T14:17:53","guid":{"rendered":"https:\/\/recto-vrso.com\/the-garden\/"},"modified":"2025-01-31T13:54:52","modified_gmt":"2025-01-31T12:54:52","slug":"the-garden","status":"publish","type":"page","link":"https:\/\/recto-vrso.com\/en\/the-garden\/","title":{"rendered":"The Garden"},"content":{"rendered":"\n<section class=\"banner alignfull \" style=\"background-image: url(https:\/\/recto-vrso.com\/wp-content\/uploads\/2025\/01\/TheGarden_poster720x1080_1.jpg)\">>\n        <div class=\"container\">\n        <div class=\"content\">\n            <h1>\n                The Garden            <\/h1>\n                            <h2>A dreamlike garden where nature and technology meet.<\/h2>\n                        <p>\n                Virtual reality installation and immersive screening by J\u00e9r\u00e9my Griffaud.            <\/p>\n                                <\/div>\n    <\/div>\n<\/section>\n<div style=\"height:50px\" aria-hidden=\"true\" class=\"wp-block-spacer\"><\/div>\n\n<div class=\"wp-block-columns alignwide are-vertically-aligned-center is-layout-flex wp-container-core-columns-is-layout-1 wp-block-columns-is-layout-flex\">\n<div class=\"wp-block-column is-vertically-aligned-center is-layout-flow wp-block-column-is-layout-flow\">\n<p class=\"has-contrast-color has-text-color has-link-color has-hwt-mardell-font-family wp-elements-bd94acb578a8db16ba3700fd3edbc9c0\" style=\"font-size:35px\">Recto VRso<\/p>\n\n\n\n<h2 class=\"wp-block-heading has-contrast-color has-text-color has-link-color wp-elements-2f82bff3a9fcd050d54e4c72143f1aa1\">The Garden<\/h2>\n\n\n\n<p><em>The Garden<\/em> is an interactive VR experience immersing you in a fantasy psychedelic garden, backbones of a mysterious technological production.<\/p>\n\n\n\n<div class=\"wp-block-buttons is-layout-flex wp-block-buttons-is-layout-flex\">\n<div class=\"wp-block-button is-style-outline is-style-outline--1\"><a class=\"wp-block-button__link wp-element-button\" href=\"https:\/\/vimeo.com\/992080920\" target=\"_blank\" rel=\"noreferrer noopener\">Know more<\/a><\/div>\n<\/div>\n<\/div>\n\n\n\n<div class=\"wp-block-column is-vertically-aligned-center is-layout-flow wp-block-column-is-layout-flow\">\n<figure class=\"wp-block-image size-full has-custom-border is-style-default\"><img loading=\"lazy\" decoding=\"async\" width=\"1920\" height=\"1080\" src=\"http:\/\/recto-vrso.com\/wp-content\/uploads\/2025\/01\/The-Garden.png\" alt=\"\" class=\"wp-image-5832\" style=\"border-radius:0px;aspect-ratio:16\/9;object-fit:cover\" srcset=\"https:\/\/recto-vrso.com\/wp-content\/uploads\/2025\/01\/The-Garden.png 1920w, https:\/\/recto-vrso.com\/wp-content\/uploads\/2025\/01\/The-Garden-300x169.png 300w, https:\/\/recto-vrso.com\/wp-content\/uploads\/2025\/01\/The-Garden-1024x576.png 1024w, https:\/\/recto-vrso.com\/wp-content\/uploads\/2025\/01\/The-Garden-768x432.png 768w, https:\/\/recto-vrso.com\/wp-content\/uploads\/2025\/01\/The-Garden-1536x864.png 1536w\" sizes=\"auto, (max-width: 1920px) 100vw, 1920px\" \/><\/figure>\n<\/div>\n<\/div>\n\n<div style=\"height:50px\" aria-hidden=\"true\" class=\"wp-block-spacer\"><\/div>\n\n<div class=\"wp-block-group alignfull overflow-hidden has-custom-gradient-gradient-background has-background has-global-padding is-layout-constrained wp-container-core-group-is-layout-2 wp-block-group-is-layout-constrained\" style=\"margin-top:0;margin-bottom:0;padding-top:var(--wp--preset--spacing--80);padding-right:0;padding-bottom:0rem;padding-left:0\">\n<div class=\"wp-block-group alignwide has-global-padding is-layout-constrained wp-container-core-group-is-layout-1 wp-block-group-is-layout-constrained\" style=\"padding-right:var(--wp--preset--spacing--80);padding-left:var(--wp--preset--spacing--80)\">\n<div class=\"wp-block-columns alignwide is-layout-flex wp-container-core-columns-is-layout-2 wp-block-columns-is-layout-flex\" style=\"padding-top:var(--wp--preset--spacing--20);padding-right:0;padding-bottom:var(--wp--preset--spacing--20);padding-left:0\">\n<div class=\"wp-block-column is-layout-flow wp-container-core-column-is-layout-3 wp-block-column-is-layout-flow\">\n<figure class=\"wp-block-image size-large\"><img loading=\"lazy\" decoding=\"async\" width=\"1024\" height=\"558\" src=\"http:\/\/recto-vrso.com\/wp-content\/uploads\/2025\/01\/The-Garden_12-1024x558.png\" alt=\"\" class=\"wp-image-5836\" style=\"aspect-ratio:1;object-fit:cover\" srcset=\"https:\/\/recto-vrso.com\/wp-content\/uploads\/2025\/01\/The-Garden_12-1024x558.png 1024w, https:\/\/recto-vrso.com\/wp-content\/uploads\/2025\/01\/The-Garden_12-300x163.png 300w, https:\/\/recto-vrso.com\/wp-content\/uploads\/2025\/01\/The-Garden_12-768x419.png 768w, https:\/\/recto-vrso.com\/wp-content\/uploads\/2025\/01\/The-Garden_12-1536x837.png 1536w, https:\/\/recto-vrso.com\/wp-content\/uploads\/2025\/01\/The-Garden_12.png 1791w\" sizes=\"auto, (max-width: 1024px) 100vw, 1024px\" \/><\/figure>\n<\/div>\n\n\n\n<div class=\"wp-block-column is-layout-flow wp-container-core-column-is-layout-4 wp-block-column-is-layout-flow\">\n<figure class=\"wp-block-image size-full\"><img loading=\"lazy\" decoding=\"async\" width=\"658\" height=\"986\" src=\"http:\/\/recto-vrso.com\/wp-content\/uploads\/2025\/01\/TheGarden_poster720x1080_1.jpg\" alt=\"\" class=\"wp-image-5167\" style=\"aspect-ratio:1;object-fit:cover\" srcset=\"https:\/\/recto-vrso.com\/wp-content\/uploads\/2025\/01\/TheGarden_poster720x1080_1.jpg 658w, https:\/\/recto-vrso.com\/wp-content\/uploads\/2025\/01\/TheGarden_poster720x1080_1-200x300.jpg 200w\" sizes=\"auto, (max-width: 658px) 100vw, 658px\" \/><\/figure>\n<\/div>\n\n\n\n<div class=\"wp-block-column is-layout-flow wp-container-core-column-is-layout-5 wp-block-column-is-layout-flow\">\n<figure class=\"wp-block-image size-large\"><img loading=\"lazy\" decoding=\"async\" width=\"1024\" height=\"561\" src=\"http:\/\/recto-vrso.com\/wp-content\/uploads\/2025\/01\/The-Garden_14-1024x561.png\" alt=\"\" class=\"wp-image-5838\" style=\"aspect-ratio:1;object-fit:cover\" srcset=\"https:\/\/recto-vrso.com\/wp-content\/uploads\/2025\/01\/The-Garden_14-1024x561.png 1024w, https:\/\/recto-vrso.com\/wp-content\/uploads\/2025\/01\/The-Garden_14-300x164.png 300w, https:\/\/recto-vrso.com\/wp-content\/uploads\/2025\/01\/The-Garden_14-768x420.png 768w, https:\/\/recto-vrso.com\/wp-content\/uploads\/2025\/01\/The-Garden_14-1536x841.png 1536w, https:\/\/recto-vrso.com\/wp-content\/uploads\/2025\/01\/The-Garden_14.png 1801w\" sizes=\"auto, (max-width: 1024px) 100vw, 1024px\" \/><\/figure>\n<\/div>\n<\/div>\n<\/div>\n\n\n\n<figure class=\"wp-block-image alignfull size-full clouds\" style=\"margin-top:-5vw\"><img loading=\"lazy\" decoding=\"async\" width=\"1920\" height=\"333\" src=\"http:\/\/recto-vrso.com\/wp-content\/uploads\/2025\/01\/CLOUDS.png\" alt=\"\" class=\"wp-image-5502\" srcset=\"https:\/\/recto-vrso.com\/wp-content\/uploads\/2025\/01\/CLOUDS.png 1920w, https:\/\/recto-vrso.com\/wp-content\/uploads\/2025\/01\/CLOUDS-300x52.png 300w, https:\/\/recto-vrso.com\/wp-content\/uploads\/2025\/01\/CLOUDS-1024x178.png 1024w, https:\/\/recto-vrso.com\/wp-content\/uploads\/2025\/01\/CLOUDS-768x133.png 768w, https:\/\/recto-vrso.com\/wp-content\/uploads\/2025\/01\/CLOUDS-1536x266.png 1536w\" sizes=\"auto, (max-width: 1920px) 100vw, 1920px\" \/><\/figure>\n<\/div>\n\n<div style=\"height:50px\" aria-hidden=\"true\" class=\"wp-block-spacer\"><\/div>\n\n<h2 class=\"wp-block-heading alignwide has-text-align-center has-background has-text-color has-link-color has-hwt-mardell-font-family wp-elements-2be92e3c6981c9129d4f4f35208b9f9a\" style=\"color:#e47023;margin-top:-50px;margin-bottom:-50px;font-size:71px\">The artist<\/h2>\n\n<hr class=\"wp-block-separator has-alpha-channel-opacity is-style-default\"\/>\n\n<div style=\"height:25px\" aria-hidden=\"true\" class=\"wp-block-spacer\"><\/div>\n\n<div class=\"wp-block-columns alignwide are-vertically-aligned-center is-layout-flex wp-container-core-columns-is-layout-4 wp-block-columns-is-layout-flex\">\n<div class=\"wp-block-column is-vertically-aligned-center is-layout-flow wp-block-column-is-layout-flow\">\n<div class=\"wp-block-columns are-vertically-aligned-center is-layout-flex wp-container-core-columns-is-layout-3 wp-block-columns-is-layout-flex\">\n<div class=\"wp-block-column is-vertically-aligned-center is-layout-flow wp-block-column-is-layout-flow\">\n<h3 class=\"wp-block-heading has-black-color has-text-color has-link-color wp-elements-1a2762b475d55ff0cf6a00551bff9402\">J\u00e9r\u00e9my Griffaud<\/h3>\n\n\n\n<p>J\u00e9r\u00e9my Griffaud is a French artist who explores the question of the spectator in hybrid realities, blending the virtual and the real.<\/p>\n\n\n\n<p>Using scanned watercolors, video game engines, virtual reality headsets and monumental projections, he creates immersive, interactive environments. In his installations <em>Enlarge Yourself<\/em> and <em>The Garden<\/em>, visitors become performers, and the work\u2019s activation depends on their involvement. He benefited from residencies in Norway, Poland or Malaysia.<\/p>\n<\/div>\n\n\n\n<div class=\"wp-block-column is-vertically-aligned-center is-layout-flow wp-block-column-is-layout-flow\">\n<figure class=\"wp-block-image size-large\"><img loading=\"lazy\" decoding=\"async\" width=\"1024\" height=\"683\" src=\"http:\/\/recto-vrso.com\/wp-content\/uploads\/2025\/01\/Jeremy-Griffaud_5-1024x683.jpg\" alt=\"\" class=\"wp-image-5291\" style=\"aspect-ratio:3\/2;object-fit:cover\" srcset=\"https:\/\/recto-vrso.com\/wp-content\/uploads\/2025\/01\/Jeremy-Griffaud_5-1024x683.jpg 1024w, https:\/\/recto-vrso.com\/wp-content\/uploads\/2025\/01\/Jeremy-Griffaud_5-300x200.jpg 300w, https:\/\/recto-vrso.com\/wp-content\/uploads\/2025\/01\/Jeremy-Griffaud_5-768x512.jpg 768w, https:\/\/recto-vrso.com\/wp-content\/uploads\/2025\/01\/Jeremy-Griffaud_5-1536x1024.jpg 1536w, https:\/\/recto-vrso.com\/wp-content\/uploads\/2025\/01\/Jeremy-Griffaud_5-2048x1365.jpg 2048w\" sizes=\"auto, (max-width: 1024px) 100vw, 1024px\" \/><\/figure>\n<\/div>\n<\/div>\n<\/div>\n<\/div>\n\n<div style=\"height:75px\" aria-hidden=\"true\" class=\"wp-block-spacer\"><\/div>\n\n<div class=\"wp-block-cover alignfull wp-duotone-grayscale\" style=\"padding-top:var(--wp--preset--spacing--50);padding-right:var(--wp--preset--spacing--50);padding-bottom:var(--wp--preset--spacing--50);padding-left:var(--wp--preset--spacing--50);min-height:359px;aspect-ratio:unset;\"><span aria-hidden=\"true\" class=\"wp-block-cover__background has-background-dim-70 has-background-dim wp-block-cover__gradient-background has-background-gradient has-custom-gradient-gradient-background\"><\/span><img loading=\"lazy\" decoding=\"async\" width=\"2048\" height=\"970\" class=\"wp-block-cover__image-background wp-image-2871\" alt=\"\" src=\"http:\/\/recto-vrso.com\/wp-content\/uploads\/2023\/11\/Le-Quarante.jpeg\" data-object-fit=\"cover\" srcset=\"https:\/\/recto-vrso.com\/wp-content\/uploads\/2023\/11\/Le-Quarante.jpeg 2048w, https:\/\/recto-vrso.com\/wp-content\/uploads\/2023\/11\/Le-Quarante-300x142.jpeg 300w, https:\/\/recto-vrso.com\/wp-content\/uploads\/2023\/11\/Le-Quarante-1024x485.jpeg 1024w, https:\/\/recto-vrso.com\/wp-content\/uploads\/2023\/11\/Le-Quarante-768x364.jpeg 768w, https:\/\/recto-vrso.com\/wp-content\/uploads\/2023\/11\/Le-Quarante-1536x728.jpeg 1536w\" sizes=\"auto, (max-width: 2048px) 100vw, 2048px\" \/><div class=\"wp-block-cover__inner-container is-layout-flow wp-block-cover-is-layout-flow\">\n<h2 class=\"wp-block-heading has-text-align-center has-white-color has-text-color has-x-large-font-size\" style=\"margin-bottom:-25px\">Discover the works of<\/h2>\n\n\n\n<p class=\"has-text-align-center has-hwt-mardell-font-family\" style=\"font-size:65px\">Art &amp; VR Gallery<\/p>\n\n\n\n<div class=\"wp-block-buttons is-content-justification-center is-layout-flex wp-container-core-buttons-is-layout-2 wp-block-buttons-is-layout-flex\">\n<div class=\"wp-block-button\"><a class=\"wp-block-button__link has-turquoise-violet-gradient-background has-background wp-element-button\" href=\"https:\/\/recto-vrso.com\/en\/art-vr-gallery-2025-en\/\">Find out more<\/a><\/div>\n<\/div>\n<\/div><\/div>\n\n<div style=\"height:50px\" aria-hidden=\"true\" class=\"wp-block-spacer\"><\/div>\n","protected":false},"excerpt":{"rendered":"<p>Recto VRso The Garden The Garden is an interactive VR experience immersing you in a fantasy psychedelic garden, backbones of a mysterious technological production. The artist J\u00e9r\u00e9my Griffaud J\u00e9r\u00e9my Griffaud [&hellip;]<\/p>\n","protected":false},"author":6,"featured_media":0,"parent":0,"menu_order":0,"comment_status":"closed","ping_status":"closed","template":"","meta":{"_acf_changed":false,"content-type":"","footnotes":""},"class_list":["post-5469","page","type-page","status-publish","hentry"],"acf":[],"yoast_head":"<!-- This site is optimized with the Yoast SEO plugin v26.8 - https:\/\/yoast.com\/product\/yoast-seo-wordpress\/ -->\n<title>The Garden - Recto VRso<\/title>\n<meta name=\"robots\" content=\"index, follow, max-snippet:-1, max-image-preview:large, max-video-preview:-1\" \/>\n<link rel=\"canonical\" href=\"https:\/\/recto-vrso.com\/en\/the-garden\/\" \/>\n<meta property=\"og:locale\" content=\"en_US\" \/>\n<meta property=\"og:type\" content=\"article\" \/>\n<meta property=\"og:title\" content=\"The Garden - Recto VRso\" \/>\n<meta property=\"og:description\" content=\"Recto VRso The Garden The Garden is an interactive VR experience immersing you in a fantasy psychedelic garden, backbones of a mysterious technological production. The artist J\u00e9r\u00e9my Griffaud J\u00e9r\u00e9my Griffaud [&hellip;]\" \/>\n<meta property=\"og:url\" content=\"https:\/\/recto-vrso.com\/en\/the-garden\/\" \/>\n<meta property=\"og:site_name\" content=\"Recto VRso\" \/>\n<meta property=\"article:modified_time\" content=\"2025-01-31T12:54:52+00:00\" \/>\n<meta property=\"og:image\" content=\"http:\/\/recto-vrso.com\/wp-content\/uploads\/2025\/01\/The-Garden.png\" \/>\n<meta name=\"twitter:card\" content=\"summary_large_image\" \/>\n<meta name=\"twitter:label1\" content=\"Est. reading time\" \/>\n\t<meta name=\"twitter:data1\" content=\"1 minute\" \/>\n<script type=\"application\/ld+json\" class=\"yoast-schema-graph\">{\"@context\":\"https:\/\/schema.org\",\"@graph\":[{\"@type\":\"WebPage\",\"@id\":\"https:\/\/recto-vrso.com\/en\/the-garden\/\",\"url\":\"https:\/\/recto-vrso.com\/en\/the-garden\/\",\"name\":\"The Garden - Recto VRso\",\"isPartOf\":{\"@id\":\"https:\/\/recto-vrso.com\/#website\"},\"primaryImageOfPage\":{\"@id\":\"https:\/\/recto-vrso.com\/en\/the-garden\/#primaryimage\"},\"image\":{\"@id\":\"https:\/\/recto-vrso.com\/en\/the-garden\/#primaryimage\"},\"thumbnailUrl\":\"http:\/\/recto-vrso.com\/wp-content\/uploads\/2025\/01\/The-Garden.png\",\"datePublished\":\"2025-01-16T14:17:53+00:00\",\"dateModified\":\"2025-01-31T12:54:52+00:00\",\"inLanguage\":\"en-US\",\"potentialAction\":[{\"@type\":\"ReadAction\",\"target\":[\"https:\/\/recto-vrso.com\/en\/the-garden\/\"]}]},{\"@type\":\"ImageObject\",\"inLanguage\":\"en-US\",\"@id\":\"https:\/\/recto-vrso.com\/en\/the-garden\/#primaryimage\",\"url\":\"http:\/\/recto-vrso.com\/wp-content\/uploads\/2025\/01\/The-Garden.png\",\"contentUrl\":\"http:\/\/recto-vrso.com\/wp-content\/uploads\/2025\/01\/The-Garden.png\"},{\"@type\":\"WebSite\",\"@id\":\"https:\/\/recto-vrso.com\/#website\",\"url\":\"https:\/\/recto-vrso.com\/\",\"name\":\"Recto VRso\",\"description\":\"\",\"potentialAction\":[{\"@type\":\"SearchAction\",\"target\":{\"@type\":\"EntryPoint\",\"urlTemplate\":\"https:\/\/recto-vrso.com\/?s={search_term_string}\"},\"query-input\":{\"@type\":\"PropertyValueSpecification\",\"valueRequired\":true,\"valueName\":\"search_term_string\"}}],\"inLanguage\":\"en-US\"}]}<\/script>\n<!-- \/ Yoast SEO plugin. -->","yoast_head_json":{"title":"The Garden - Recto VRso","robots":{"index":"index","follow":"follow","max-snippet":"max-snippet:-1","max-image-preview":"max-image-preview:large","max-video-preview":"max-video-preview:-1"},"canonical":"https:\/\/recto-vrso.com\/en\/the-garden\/","og_locale":"en_US","og_type":"article","og_title":"The Garden - Recto VRso","og_description":"Recto VRso The Garden The Garden is an interactive VR experience immersing you in a fantasy psychedelic garden, backbones of a mysterious technological production. The artist J\u00e9r\u00e9my Griffaud J\u00e9r\u00e9my Griffaud [&hellip;]","og_url":"https:\/\/recto-vrso.com\/en\/the-garden\/","og_site_name":"Recto VRso","article_modified_time":"2025-01-31T12:54:52+00:00","og_image":[{"url":"http:\/\/recto-vrso.com\/wp-content\/uploads\/2025\/01\/The-Garden.png","type":"","width":"","height":""}],"twitter_card":"summary_large_image","twitter_misc":{"Est. reading time":"1 minute"},"schema":{"@context":"https:\/\/schema.org","@graph":[{"@type":"WebPage","@id":"https:\/\/recto-vrso.com\/en\/the-garden\/","url":"https:\/\/recto-vrso.com\/en\/the-garden\/","name":"The Garden - Recto VRso","isPartOf":{"@id":"https:\/\/recto-vrso.com\/#website"},"primaryImageOfPage":{"@id":"https:\/\/recto-vrso.com\/en\/the-garden\/#primaryimage"},"image":{"@id":"https:\/\/recto-vrso.com\/en\/the-garden\/#primaryimage"},"thumbnailUrl":"http:\/\/recto-vrso.com\/wp-content\/uploads\/2025\/01\/The-Garden.png","datePublished":"2025-01-16T14:17:53+00:00","dateModified":"2025-01-31T12:54:52+00:00","inLanguage":"en-US","potentialAction":[{"@type":"ReadAction","target":["https:\/\/recto-vrso.com\/en\/the-garden\/"]}]},{"@type":"ImageObject","inLanguage":"en-US","@id":"https:\/\/recto-vrso.com\/en\/the-garden\/#primaryimage","url":"http:\/\/recto-vrso.com\/wp-content\/uploads\/2025\/01\/The-Garden.png","contentUrl":"http:\/\/recto-vrso.com\/wp-content\/uploads\/2025\/01\/The-Garden.png"},{"@type":"WebSite","@id":"https:\/\/recto-vrso.com\/#website","url":"https:\/\/recto-vrso.com\/","name":"Recto VRso","description":"","potentialAction":[{"@type":"SearchAction","target":{"@type":"EntryPoint","urlTemplate":"https:\/\/recto-vrso.com\/?s={search_term_string}"},"query-input":{"@type":"PropertyValueSpecification","valueRequired":true,"valueName":"search_term_string"}}],"inLanguage":"en-US"}]}},"_links":{"self":[{"href":"https:\/\/recto-vrso.com\/en\/wp-json\/wp\/v2\/pages\/5469","targetHints":{"allow":["GET"]}}],"collection":[{"href":"https:\/\/recto-vrso.com\/en\/wp-json\/wp\/v2\/pages"}],"about":[{"href":"https:\/\/recto-vrso.com\/en\/wp-json\/wp\/v2\/types\/page"}],"author":[{"embeddable":true,"href":"https:\/\/recto-vrso.com\/en\/wp-json\/wp\/v2\/users\/6"}],"replies":[{"embeddable":true,"href":"https:\/\/recto-vrso.com\/en\/wp-json\/wp\/v2\/comments?post=5469"}],"version-history":[{"count":3,"href":"https:\/\/recto-vrso.com\/en\/wp-json\/wp\/v2\/pages\/5469\/revisions"}],"predecessor-version":[{"id":5886,"href":"https:\/\/recto-vrso.com\/en\/wp-json\/wp\/v2\/pages\/5469\/revisions\/5886"}],"wp:attachment":[{"href":"https:\/\/recto-vrso.com\/en\/wp-json\/wp\/v2\/media?parent=5469"}],"curies":[{"name":"wp","href":"https:\/\/api.w.org\/{rel}","templated":true}]}}