{"id":5467,"date":"2025-01-16T15:32:45","date_gmt":"2025-01-16T14:32:45","guid":{"rendered":"https:\/\/recto-vrso.com\/what-is-it-like-to-be\/"},"modified":"2025-04-17T12:05:16","modified_gmt":"2025-04-17T10:05:16","slug":"what-is-it-like-to-be","status":"publish","type":"page","link":"https:\/\/recto-vrso.com\/en\/what-is-it-like-to-be\/","title":{"rendered":"What is it like (to be)"},"content":{"rendered":"\n<section class=\"banner alignfull \" style=\"background-image: url(https:\/\/recto-vrso.com\/wp-content\/uploads\/2025\/01\/what-is-it-like-2-1-scaled.jpg)\">>\n        <div class=\"container\">\n        <div class=\"content\">\n            <h1>\n                What is it like (to be)            <\/h1>\n                            <h2>Experience the world through a new perception.<\/h2>\n                        <p>\n                Virtual reality installation by Danielius \u0160ermuk\u0161nis &#038; Mant\u00e9 Elelueta.            <\/p>\n                                <\/div>\n    <\/div>\n<\/section>\n<div style=\"height:50px\" aria-hidden=\"true\" class=\"wp-block-spacer\"><\/div>\n\n<div class=\"wp-block-columns alignwide are-vertically-aligned-center is-layout-flex wp-container-core-columns-is-layout-1 wp-block-columns-is-layout-flex\">\n<div class=\"wp-block-column is-vertically-aligned-center is-layout-flow wp-block-column-is-layout-flow\">\n<p class=\"has-contrast-color has-text-color has-link-color has-hwt-mardell-font-family wp-elements-bd94acb578a8db16ba3700fd3edbc9c0\" style=\"font-size:35px\">Recto VRso<\/p>\n\n\n\n<h2 class=\"wp-block-heading has-contrast-color has-text-color has-link-color wp-elements-d33e8564a0f434f922080fc80346d2e3\">What is it like (to be)<\/h2>\n\n\n\n<p><em>What is it like (to be)? <\/em>is an immersive experience that delves into the individual&#8217;s relationship with their environment and senses through echolocation.<\/p>\n\n\n\n<p>It questions what is familiar and unfamiliar in human existence and invites the viewer to take on a new role as a hybrid creature.<\/p>\n\n\n\n<div class=\"wp-block-buttons is-layout-flex wp-block-buttons-is-layout-flex\">\n<div class=\"wp-block-button is-style-outline is-style-outline--1\"><a class=\"wp-block-button__link wp-element-button\" href=\"https:\/\/vimeo.com\/1048383220\" target=\"_blank\" rel=\"noreferrer noopener\">Know more<\/a><\/div>\n<\/div>\n<\/div>\n\n\n\n<div class=\"wp-block-column is-vertically-aligned-center is-layout-flow wp-block-column-is-layout-flow\">\n<figure class=\"wp-block-image size-full has-custom-border is-style-default\"><img loading=\"lazy\" decoding=\"async\" width=\"1920\" height=\"1080\" src=\"http:\/\/recto-vrso.com\/wp-content\/uploads\/2025\/01\/What-is-it-like-to-be.png\" alt=\"\" class=\"wp-image-5800\" style=\"border-radius:0px\" srcset=\"https:\/\/recto-vrso.com\/wp-content\/uploads\/2025\/01\/What-is-it-like-to-be.png 1920w, https:\/\/recto-vrso.com\/wp-content\/uploads\/2025\/01\/What-is-it-like-to-be-300x169.png 300w, https:\/\/recto-vrso.com\/wp-content\/uploads\/2025\/01\/What-is-it-like-to-be-1024x576.png 1024w, https:\/\/recto-vrso.com\/wp-content\/uploads\/2025\/01\/What-is-it-like-to-be-768x432.png 768w, https:\/\/recto-vrso.com\/wp-content\/uploads\/2025\/01\/What-is-it-like-to-be-1536x864.png 1536w\" sizes=\"auto, (max-width: 1920px) 100vw, 1920px\" \/><\/figure>\n<\/div>\n<\/div>\n\n<div style=\"height:50px\" aria-hidden=\"true\" class=\"wp-block-spacer\"><\/div>\n\n<div class=\"wp-block-group alignfull overflow-hidden has-custom-gradient-gradient-background has-background has-global-padding is-layout-constrained wp-container-core-group-is-layout-2 wp-block-group-is-layout-constrained\" style=\"margin-top:0;margin-bottom:0;padding-top:var(--wp--preset--spacing--80);padding-right:0;padding-bottom:0rem;padding-left:0\">\n<div class=\"wp-block-group alignwide has-global-padding is-layout-constrained wp-container-core-group-is-layout-1 wp-block-group-is-layout-constrained\" style=\"padding-right:var(--wp--preset--spacing--80);padding-left:var(--wp--preset--spacing--80)\">\n<div class=\"wp-block-columns alignwide is-layout-flex wp-container-core-columns-is-layout-2 wp-block-columns-is-layout-flex\" style=\"padding-top:var(--wp--preset--spacing--20);padding-right:0;padding-bottom:var(--wp--preset--spacing--20);padding-left:0\">\n<div class=\"wp-block-column is-layout-flow wp-container-core-column-is-layout-3 wp-block-column-is-layout-flow\">\n<figure class=\"wp-block-image size-large\"><img loading=\"lazy\" decoding=\"async\" width=\"683\" height=\"1024\" src=\"http:\/\/recto-vrso.com\/wp-content\/uploads\/2025\/01\/what-is-it-like-2-1-683x1024.jpg\" alt=\"\" class=\"wp-image-5205\" style=\"aspect-ratio:1;object-fit:cover\" srcset=\"https:\/\/recto-vrso.com\/wp-content\/uploads\/2025\/01\/what-is-it-like-2-1-683x1024.jpg 683w, https:\/\/recto-vrso.com\/wp-content\/uploads\/2025\/01\/what-is-it-like-2-1-200x300.jpg 200w, https:\/\/recto-vrso.com\/wp-content\/uploads\/2025\/01\/what-is-it-like-2-1-768x1152.jpg 768w, https:\/\/recto-vrso.com\/wp-content\/uploads\/2025\/01\/what-is-it-like-2-1-1024x1536.jpg 1024w, https:\/\/recto-vrso.com\/wp-content\/uploads\/2025\/01\/what-is-it-like-2-1-1365x2048.jpg 1365w, https:\/\/recto-vrso.com\/wp-content\/uploads\/2025\/01\/what-is-it-like-2-1-scaled.jpg 1707w\" sizes=\"auto, (max-width: 683px) 100vw, 683px\" \/><\/figure>\n<\/div>\n\n\n\n<div class=\"wp-block-column is-layout-flow wp-container-core-column-is-layout-4 wp-block-column-is-layout-flow\">\n<figure class=\"wp-block-image size-large\"><img loading=\"lazy\" decoding=\"async\" width=\"683\" height=\"1024\" src=\"http:\/\/recto-vrso.com\/wp-content\/uploads\/2025\/01\/what-is-it-like-8-683x1024.jpg\" alt=\"\" class=\"wp-image-5213\" style=\"aspect-ratio:1;object-fit:cover\" srcset=\"https:\/\/recto-vrso.com\/wp-content\/uploads\/2025\/01\/what-is-it-like-8-683x1024.jpg 683w, https:\/\/recto-vrso.com\/wp-content\/uploads\/2025\/01\/what-is-it-like-8-200x300.jpg 200w, https:\/\/recto-vrso.com\/wp-content\/uploads\/2025\/01\/what-is-it-like-8-768x1152.jpg 768w, https:\/\/recto-vrso.com\/wp-content\/uploads\/2025\/01\/what-is-it-like-8-1024x1536.jpg 1024w, https:\/\/recto-vrso.com\/wp-content\/uploads\/2025\/01\/what-is-it-like-8-1365x2048.jpg 1365w, https:\/\/recto-vrso.com\/wp-content\/uploads\/2025\/01\/what-is-it-like-8-scaled.jpg 1707w\" sizes=\"auto, (max-width: 683px) 100vw, 683px\" \/><\/figure>\n<\/div>\n\n\n\n<div class=\"wp-block-column is-layout-flow wp-container-core-column-is-layout-5 wp-block-column-is-layout-flow\">\n<figure class=\"wp-block-image size-large\"><img loading=\"lazy\" decoding=\"async\" width=\"1024\" height=\"683\" src=\"http:\/\/recto-vrso.com\/wp-content\/uploads\/2025\/01\/What-is-it-like-2-1024x683.jpg\" alt=\"\" class=\"wp-image-5199\" style=\"aspect-ratio:1;object-fit:cover\" srcset=\"https:\/\/recto-vrso.com\/wp-content\/uploads\/2025\/01\/What-is-it-like-2-1024x683.jpg 1024w, https:\/\/recto-vrso.com\/wp-content\/uploads\/2025\/01\/What-is-it-like-2-300x200.jpg 300w, https:\/\/recto-vrso.com\/wp-content\/uploads\/2025\/01\/What-is-it-like-2-768x512.jpg 768w, https:\/\/recto-vrso.com\/wp-content\/uploads\/2025\/01\/What-is-it-like-2-1536x1024.jpg 1536w, https:\/\/recto-vrso.com\/wp-content\/uploads\/2025\/01\/What-is-it-like-2-2048x1365.jpg 2048w\" sizes=\"auto, (max-width: 1024px) 100vw, 1024px\" \/><\/figure>\n<\/div>\n<\/div>\n<\/div>\n\n\n\n<figure class=\"wp-block-image alignfull size-full clouds\" style=\"margin-top:-5vw\"><img loading=\"lazy\" decoding=\"async\" width=\"1920\" height=\"333\" src=\"http:\/\/recto-vrso.com\/wp-content\/uploads\/2025\/01\/CLOUDS.png\" alt=\"\" class=\"wp-image-5502\" srcset=\"https:\/\/recto-vrso.com\/wp-content\/uploads\/2025\/01\/CLOUDS.png 1920w, https:\/\/recto-vrso.com\/wp-content\/uploads\/2025\/01\/CLOUDS-300x52.png 300w, https:\/\/recto-vrso.com\/wp-content\/uploads\/2025\/01\/CLOUDS-1024x178.png 1024w, https:\/\/recto-vrso.com\/wp-content\/uploads\/2025\/01\/CLOUDS-768x133.png 768w, https:\/\/recto-vrso.com\/wp-content\/uploads\/2025\/01\/CLOUDS-1536x266.png 1536w\" sizes=\"auto, (max-width: 1920px) 100vw, 1920px\" \/><\/figure>\n<\/div>\n\n<div style=\"height:50px\" aria-hidden=\"true\" class=\"wp-block-spacer\"><\/div>\n\n<h2 class=\"wp-block-heading alignwide has-text-align-center has-background has-text-color has-link-color has-hwt-mardell-font-family wp-elements-31fdaedf44d619c60dc571b778aaae52\" style=\"color:#e47023;margin-top:-50px;margin-bottom:-50px;font-size:71px\">The artists<\/h2>\n\n<hr class=\"wp-block-separator has-alpha-channel-opacity is-style-default\"\/>\n\n<div style=\"height:50px\" aria-hidden=\"true\" class=\"wp-block-spacer\"><\/div>\n\n<div class=\"wp-block-columns alignwide are-vertically-aligned-center is-layout-flex wp-container-core-columns-is-layout-4 wp-block-columns-is-layout-flex\">\n<div class=\"wp-block-column is-vertically-aligned-center is-layout-flow wp-block-column-is-layout-flow\">\n<div class=\"wp-block-columns are-vertically-aligned-center is-layout-flex wp-container-core-columns-is-layout-3 wp-block-columns-is-layout-flex\">\n<div class=\"wp-block-column is-vertically-aligned-center is-layout-flow wp-block-column-is-layout-flow\">\n<h3 class=\"wp-block-heading has-black-color has-text-color has-link-color wp-elements-a04ec7dfde9b541d38a7d146f58c3a34\">Danielius \u0160ermuk\u0161nis &amp; Mant\u00e9 Elelueta<\/h3>\n\n\n\n<p>A lithuanian duo formed at the Vilnius Academy of Arts (Photography and Media Art). <em>What is it like (to be)?<\/em> is their latest work, recently exhibited at Ars Electronica.<\/p>\n\n\n\n<p>Danielius \u0160ermuk\u0161nis is currently focused on the topic of contemporary surveillance and tracking and is a MA student in &#8220;Interface Cultures&#8221; at Kunstuni Linz in Austria. Mante Elelueta is an interdisciplinary artist working in photography, installation, and sound fields, also researching the unseen wonders of the microcosmos (Export Kubus, Vienna).   <\/p>\n<\/div>\n\n\n\n<div class=\"wp-block-column is-vertically-aligned-center is-layout-flow wp-block-column-is-layout-flow\">\n<figure class=\"wp-block-image size-large\"><img loading=\"lazy\" decoding=\"async\" width=\"1024\" height=\"683\" src=\"http:\/\/recto-vrso.com\/wp-content\/uploads\/2025\/01\/MantexDanielius_portrait-2-1024x683.jpg\" alt=\"\" class=\"wp-image-5376\" style=\"aspect-ratio:4\/3;object-fit:cover\" srcset=\"https:\/\/recto-vrso.com\/wp-content\/uploads\/2025\/01\/MantexDanielius_portrait-2-1024x683.jpg 1024w, https:\/\/recto-vrso.com\/wp-content\/uploads\/2025\/01\/MantexDanielius_portrait-2-300x200.jpg 300w, https:\/\/recto-vrso.com\/wp-content\/uploads\/2025\/01\/MantexDanielius_portrait-2-768x512.jpg 768w, https:\/\/recto-vrso.com\/wp-content\/uploads\/2025\/01\/MantexDanielius_portrait-2-1536x1024.jpg 1536w, https:\/\/recto-vrso.com\/wp-content\/uploads\/2025\/01\/MantexDanielius_portrait-2-2048x1365.jpg 2048w\" sizes=\"auto, (max-width: 1024px) 100vw, 1024px\" \/><\/figure>\n<\/div>\n<\/div>\n<\/div>\n<\/div>\n\n<div style=\"height:75px\" aria-hidden=\"true\" class=\"wp-block-spacer\"><\/div>\n\n<div class=\"wp-block-cover alignfull wp-duotone-grayscale\" style=\"padding-top:var(--wp--preset--spacing--50);padding-right:var(--wp--preset--spacing--50);padding-bottom:var(--wp--preset--spacing--50);padding-left:var(--wp--preset--spacing--50);min-height:359px;aspect-ratio:unset;\"><span aria-hidden=\"true\" class=\"wp-block-cover__background has-background-dim-70 has-background-dim wp-block-cover__gradient-background has-background-gradient has-custom-gradient-gradient-background\"><\/span><img loading=\"lazy\" decoding=\"async\" width=\"2048\" height=\"970\" class=\"wp-block-cover__image-background wp-image-2871\" alt=\"\" src=\"http:\/\/recto-vrso.com\/wp-content\/uploads\/2023\/11\/Le-Quarante.jpeg\" data-object-fit=\"cover\" srcset=\"https:\/\/recto-vrso.com\/wp-content\/uploads\/2023\/11\/Le-Quarante.jpeg 2048w, https:\/\/recto-vrso.com\/wp-content\/uploads\/2023\/11\/Le-Quarante-300x142.jpeg 300w, https:\/\/recto-vrso.com\/wp-content\/uploads\/2023\/11\/Le-Quarante-1024x485.jpeg 1024w, https:\/\/recto-vrso.com\/wp-content\/uploads\/2023\/11\/Le-Quarante-768x364.jpeg 768w, https:\/\/recto-vrso.com\/wp-content\/uploads\/2023\/11\/Le-Quarante-1536x728.jpeg 1536w\" sizes=\"auto, (max-width: 2048px) 100vw, 2048px\" \/><div class=\"wp-block-cover__inner-container is-layout-flow wp-block-cover-is-layout-flow\">\n<h2 class=\"wp-block-heading has-text-align-center has-white-color has-text-color has-x-large-font-size\" style=\"margin-bottom:-25px\">Discover the works of<\/h2>\n\n\n\n<p class=\"has-text-align-center has-hwt-mardell-font-family\" style=\"font-size:65px\">Art &amp; VR Gallery<\/p>\n\n\n\n<div class=\"wp-block-buttons is-content-justification-center is-layout-flex wp-container-core-buttons-is-layout-2 wp-block-buttons-is-layout-flex\">\n<div class=\"wp-block-button\"><a class=\"wp-block-button__link has-turquoise-violet-gradient-background has-background wp-element-button\" href=\"https:\/\/recto-vrso.com\/en\/art-vr-gallery-2025-en\/\">Find out more<\/a><\/div>\n<\/div>\n<\/div><\/div>\n\n<div style=\"height:50px\" aria-hidden=\"true\" class=\"wp-block-spacer\"><\/div>\n","protected":false},"excerpt":{"rendered":"<p>Recto VRso What is it like (to be) What is it like (to be)? is an immersive experience that delves into the individual&#8217;s relationship with their environment and senses through [&hellip;]<\/p>\n","protected":false},"author":6,"featured_media":0,"parent":0,"menu_order":0,"comment_status":"closed","ping_status":"closed","template":"","meta":{"_acf_changed":false,"content-type":"","footnotes":""},"class_list":["post-5467","page","type-page","status-publish","hentry"],"acf":[],"yoast_head":"<!-- This site is optimized with the Yoast SEO plugin v26.8 - https:\/\/yoast.com\/product\/yoast-seo-wordpress\/ -->\n<title>What is it like (to be) - Recto VRso<\/title>\n<meta name=\"robots\" content=\"index, follow, max-snippet:-1, max-image-preview:large, max-video-preview:-1\" \/>\n<link rel=\"canonical\" href=\"https:\/\/recto-vrso.com\/en\/what-is-it-like-to-be\/\" \/>\n<meta property=\"og:locale\" content=\"en_US\" \/>\n<meta property=\"og:type\" content=\"article\" \/>\n<meta property=\"og:title\" content=\"What is it like (to be) - Recto VRso\" \/>\n<meta property=\"og:description\" content=\"Recto VRso What is it like (to be) What is it like (to be)? is an immersive experience that delves into the individual&#8217;s relationship with their environment and senses through [&hellip;]\" \/>\n<meta property=\"og:url\" content=\"https:\/\/recto-vrso.com\/en\/what-is-it-like-to-be\/\" \/>\n<meta property=\"og:site_name\" content=\"Recto VRso\" \/>\n<meta property=\"article:modified_time\" content=\"2025-04-17T10:05:16+00:00\" \/>\n<meta property=\"og:image\" content=\"https:\/\/recto-vrso.com\/wp-content\/uploads\/2025\/01\/What-is-it-like-to-be-1024x576.png\" \/>\n\t<meta property=\"og:image:width\" content=\"1024\" \/>\n\t<meta property=\"og:image:height\" content=\"576\" \/>\n\t<meta property=\"og:image:type\" content=\"image\/png\" \/>\n<meta name=\"twitter:card\" content=\"summary_large_image\" \/>\n<meta name=\"twitter:label1\" content=\"Est. reading time\" \/>\n\t<meta name=\"twitter:data1\" content=\"1 minute\" \/>\n<script type=\"application\/ld+json\" class=\"yoast-schema-graph\">{\"@context\":\"https:\/\/schema.org\",\"@graph\":[{\"@type\":\"WebPage\",\"@id\":\"https:\/\/recto-vrso.com\/en\/what-is-it-like-to-be\/\",\"url\":\"https:\/\/recto-vrso.com\/en\/what-is-it-like-to-be\/\",\"name\":\"What is it like (to be) - Recto VRso\",\"isPartOf\":{\"@id\":\"https:\/\/recto-vrso.com\/#website\"},\"primaryImageOfPage\":{\"@id\":\"https:\/\/recto-vrso.com\/en\/what-is-it-like-to-be\/#primaryimage\"},\"image\":{\"@id\":\"https:\/\/recto-vrso.com\/en\/what-is-it-like-to-be\/#primaryimage\"},\"thumbnailUrl\":\"http:\/\/recto-vrso.com\/wp-content\/uploads\/2025\/01\/What-is-it-like-to-be.png\",\"datePublished\":\"2025-01-16T14:32:45+00:00\",\"dateModified\":\"2025-04-17T10:05:16+00:00\",\"inLanguage\":\"en-US\",\"potentialAction\":[{\"@type\":\"ReadAction\",\"target\":[\"https:\/\/recto-vrso.com\/en\/what-is-it-like-to-be\/\"]}]},{\"@type\":\"ImageObject\",\"inLanguage\":\"en-US\",\"@id\":\"https:\/\/recto-vrso.com\/en\/what-is-it-like-to-be\/#primaryimage\",\"url\":\"http:\/\/recto-vrso.com\/wp-content\/uploads\/2025\/01\/What-is-it-like-to-be.png\",\"contentUrl\":\"http:\/\/recto-vrso.com\/wp-content\/uploads\/2025\/01\/What-is-it-like-to-be.png\"},{\"@type\":\"WebSite\",\"@id\":\"https:\/\/recto-vrso.com\/#website\",\"url\":\"https:\/\/recto-vrso.com\/\",\"name\":\"Recto VRso\",\"description\":\"\",\"potentialAction\":[{\"@type\":\"SearchAction\",\"target\":{\"@type\":\"EntryPoint\",\"urlTemplate\":\"https:\/\/recto-vrso.com\/?s={search_term_string}\"},\"query-input\":{\"@type\":\"PropertyValueSpecification\",\"valueRequired\":true,\"valueName\":\"search_term_string\"}}],\"inLanguage\":\"en-US\"}]}<\/script>\n<!-- \/ Yoast SEO plugin. -->","yoast_head_json":{"title":"What is it like (to be) - Recto VRso","robots":{"index":"index","follow":"follow","max-snippet":"max-snippet:-1","max-image-preview":"max-image-preview:large","max-video-preview":"max-video-preview:-1"},"canonical":"https:\/\/recto-vrso.com\/en\/what-is-it-like-to-be\/","og_locale":"en_US","og_type":"article","og_title":"What is it like (to be) - Recto VRso","og_description":"Recto VRso What is it like (to be) What is it like (to be)? is an immersive experience that delves into the individual&#8217;s relationship with their environment and senses through [&hellip;]","og_url":"https:\/\/recto-vrso.com\/en\/what-is-it-like-to-be\/","og_site_name":"Recto VRso","article_modified_time":"2025-04-17T10:05:16+00:00","og_image":[{"width":1024,"height":576,"url":"https:\/\/recto-vrso.com\/wp-content\/uploads\/2025\/01\/What-is-it-like-to-be-1024x576.png","type":"image\/png"}],"twitter_card":"summary_large_image","twitter_misc":{"Est. reading time":"1 minute"},"schema":{"@context":"https:\/\/schema.org","@graph":[{"@type":"WebPage","@id":"https:\/\/recto-vrso.com\/en\/what-is-it-like-to-be\/","url":"https:\/\/recto-vrso.com\/en\/what-is-it-like-to-be\/","name":"What is it like (to be) - Recto VRso","isPartOf":{"@id":"https:\/\/recto-vrso.com\/#website"},"primaryImageOfPage":{"@id":"https:\/\/recto-vrso.com\/en\/what-is-it-like-to-be\/#primaryimage"},"image":{"@id":"https:\/\/recto-vrso.com\/en\/what-is-it-like-to-be\/#primaryimage"},"thumbnailUrl":"http:\/\/recto-vrso.com\/wp-content\/uploads\/2025\/01\/What-is-it-like-to-be.png","datePublished":"2025-01-16T14:32:45+00:00","dateModified":"2025-04-17T10:05:16+00:00","inLanguage":"en-US","potentialAction":[{"@type":"ReadAction","target":["https:\/\/recto-vrso.com\/en\/what-is-it-like-to-be\/"]}]},{"@type":"ImageObject","inLanguage":"en-US","@id":"https:\/\/recto-vrso.com\/en\/what-is-it-like-to-be\/#primaryimage","url":"http:\/\/recto-vrso.com\/wp-content\/uploads\/2025\/01\/What-is-it-like-to-be.png","contentUrl":"http:\/\/recto-vrso.com\/wp-content\/uploads\/2025\/01\/What-is-it-like-to-be.png"},{"@type":"WebSite","@id":"https:\/\/recto-vrso.com\/#website","url":"https:\/\/recto-vrso.com\/","name":"Recto VRso","description":"","potentialAction":[{"@type":"SearchAction","target":{"@type":"EntryPoint","urlTemplate":"https:\/\/recto-vrso.com\/?s={search_term_string}"},"query-input":{"@type":"PropertyValueSpecification","valueRequired":true,"valueName":"search_term_string"}}],"inLanguage":"en-US"}]}},"_links":{"self":[{"href":"https:\/\/recto-vrso.com\/en\/wp-json\/wp\/v2\/pages\/5467","targetHints":{"allow":["GET"]}}],"collection":[{"href":"https:\/\/recto-vrso.com\/en\/wp-json\/wp\/v2\/pages"}],"about":[{"href":"https:\/\/recto-vrso.com\/en\/wp-json\/wp\/v2\/types\/page"}],"author":[{"embeddable":true,"href":"https:\/\/recto-vrso.com\/en\/wp-json\/wp\/v2\/users\/6"}],"replies":[{"embeddable":true,"href":"https:\/\/recto-vrso.com\/en\/wp-json\/wp\/v2\/comments?post=5467"}],"version-history":[{"count":4,"href":"https:\/\/recto-vrso.com\/en\/wp-json\/wp\/v2\/pages\/5467\/revisions"}],"predecessor-version":[{"id":6496,"href":"https:\/\/recto-vrso.com\/en\/wp-json\/wp\/v2\/pages\/5467\/revisions\/6496"}],"wp:attachment":[{"href":"https:\/\/recto-vrso.com\/en\/wp-json\/wp\/v2\/media?parent=5467"}],"curies":[{"name":"wp","href":"https:\/\/api.w.org\/{rel}","templated":true}]}}