{"id":3752,"date":"2024-02-07T17:01:34","date_gmt":"2024-02-07T16:01:34","guid":{"rendered":"https:\/\/recto-vrso.com\/tsukumo-cafe\/"},"modified":"2024-02-15T14:34:55","modified_gmt":"2024-02-15T13:34:55","slug":"tsukumo-cafe","status":"publish","type":"page","link":"https:\/\/recto-vrso.com\/en\/tsukumo-cafe\/","title":{"rendered":"Tsukumo Cafe"},"content":{"rendered":"\n<section class=\"banner alignfull \" style=\"background-image: url(https:\/\/recto-vrso.com\/wp-content\/uploads\/2024\/02\/Tsukumo-cafe_Juliette-Sejourne-1-2-scaled.jpg)\">>\n        <div class=\"container\">\n        <div class=\"content\">\n            <h1>\n                Tsukumo Cafe            <\/h1>\n                        <p>\n                Juliette SEJOURNE (France), interactive installation            <\/p>\n                                <\/div>\n    <\/div>\n<\/section>\n\n\n<div style=\"height:50px\" aria-hidden=\"true\" class=\"wp-block-spacer\"><\/div>\n\n\n\n<div class=\"wp-block-columns alignwide are-vertically-aligned-center is-layout-flex wp-container-core-columns-is-layout-1 wp-block-columns-is-layout-flex\">\n<div class=\"wp-block-column is-vertically-aligned-center is-layout-flow wp-block-column-is-layout-flow\">\n<h2 class=\"wp-block-heading has-violet-color has-text-color has-link-color wp-elements-b5d50457ea3c36cd2a5dbb7ce3e76212\">Tsukumo Cafe<\/h2>\n\n\n\n<p>What do you think about when you drink a cup of coffee? And do you have any idea what the coffee cup is thinking about? Try listening to the self-talk or \u201clittle voice\u201d of the cup of coffee &#8230;<\/p>\n\n\n\n<p>Tsukumo-caf\u00e9 is a cup of coffee connected&#8230; to its interiority, to its soul, which as in the Japanese tradition of tsukumogami-emaki, appeared at the age of a hundred.. The cup is not only here to enable you to drink a cup of coffee&#8230; you can listen to its inner monologue and perhaps connect it to your own.<\/p>\n\n\n\n<p>Technically, this is an immersive audio augmented reality system. The coffee cup is &#8220;augmented&#8221; with motion sensors and binaural 3D audio spatialization.<\/p>\n<\/div>\n\n\n\n<div class=\"wp-block-column is-vertically-aligned-center is-layout-flow wp-block-column-is-layout-flow\">\n<figure class=\"wp-block-image size-large has-custom-border is-style-default\"><img loading=\"lazy\" decoding=\"async\" width=\"763\" height=\"1024\" src=\"http:\/\/recto-vrso.com\/wp-content\/uploads\/2024\/02\/Tsukumo-cafe_Juliette-Sejourne-1-2-763x1024.jpg\" alt=\"\" class=\"wp-image-3157\" style=\"border-radius:20px;aspect-ratio:1;object-fit:cover\" srcset=\"https:\/\/recto-vrso.com\/wp-content\/uploads\/2024\/02\/Tsukumo-cafe_Juliette-Sejourne-1-2-763x1024.jpg 763w, https:\/\/recto-vrso.com\/wp-content\/uploads\/2024\/02\/Tsukumo-cafe_Juliette-Sejourne-1-2-224x300.jpg 224w, https:\/\/recto-vrso.com\/wp-content\/uploads\/2024\/02\/Tsukumo-cafe_Juliette-Sejourne-1-2-768x1031.jpg 768w, https:\/\/recto-vrso.com\/wp-content\/uploads\/2024\/02\/Tsukumo-cafe_Juliette-Sejourne-1-2-1144x1536.jpg 1144w, https:\/\/recto-vrso.com\/wp-content\/uploads\/2024\/02\/Tsukumo-cafe_Juliette-Sejourne-1-2-1526x2048.jpg 1526w, https:\/\/recto-vrso.com\/wp-content\/uploads\/2024\/02\/Tsukumo-cafe_Juliette-Sejourne-1-2-scaled.jpg 1907w\" sizes=\"auto, (max-width: 763px) 100vw, 763px\" \/><\/figure>\n<\/div>\n<\/div>\n\n\n\n<div style=\"height:50px\" aria-hidden=\"true\" class=\"wp-block-spacer\"><\/div>\n\n\n\n<div class=\"wp-block-columns alignwide are-vertically-aligned-center is-layout-flex wp-container-core-columns-is-layout-2 wp-block-columns-is-layout-flex\">\n<div class=\"wp-block-column is-vertically-aligned-center is-layout-flow wp-block-column-is-layout-flow\">\n<figure class=\"wp-block-image size-large has-custom-border is-style-default\"><img loading=\"lazy\" decoding=\"async\" width=\"1024\" height=\"603\" src=\"http:\/\/recto-vrso.com\/wp-content\/uploads\/2024\/02\/Tsukumo-Cafe-2-1024x603.png\" alt=\"\" class=\"wp-image-3578\" style=\"border-radius:20px;aspect-ratio:1;object-fit:cover\" srcset=\"https:\/\/recto-vrso.com\/wp-content\/uploads\/2024\/02\/Tsukumo-Cafe-2-1024x603.png 1024w, https:\/\/recto-vrso.com\/wp-content\/uploads\/2024\/02\/Tsukumo-Cafe-2-300x177.png 300w, https:\/\/recto-vrso.com\/wp-content\/uploads\/2024\/02\/Tsukumo-Cafe-2-768x452.png 768w, https:\/\/recto-vrso.com\/wp-content\/uploads\/2024\/02\/Tsukumo-Cafe-2-1536x904.png 1536w, https:\/\/recto-vrso.com\/wp-content\/uploads\/2024\/02\/Tsukumo-Cafe-2-2048x1206.png 2048w\" sizes=\"auto, (max-width: 1024px) 100vw, 1024px\" \/><\/figure>\n<\/div>\n\n\n\n<div class=\"wp-block-column is-vertically-aligned-center is-layout-flow wp-block-column-is-layout-flow\">\n<h2 class=\"wp-block-heading has-turquoise-color has-text-color has-link-color wp-elements-6d98d3b52fdd532773e1de7d855875b5\">Our relationship with technology<\/h2>\n\n\n\n<p>The sound is heard through wireless bone-conduction headphones: the cup\u2019s inner monologue is interactively generated following the user gestures&#8230; While connected objects constantly draw us towards an external world &#8211; real or virtual &#8211; the paradox proposed in the Tsukumo-caf\u00e9 installation is to invest a poetic and symbiotic experience with an object with a mysterious and singular self-talk, thoughts and singing. It aims at transforming technological tools generally associated with the epic (i.e. the &#8220;augmentation&#8221; of an experience, of a human), to put them at the service of the melic (melody, expression of feelings). W<\/p>\n\n\n\n<p>e propose to experience everyday actions in the perspective of the (imaginary) symbiosis between human and non-human. Thus this cup of coffee invites us to reconsider\/interrogate various human and non-human relationships, as well as our use of technology.<\/p>\n<\/div>\n<\/div>\n\n\n\n<div style=\"height:75px\" aria-hidden=\"true\" class=\"wp-block-spacer\"><\/div>\n\n\n\n<h2 class=\"wp-block-heading has-text-align-center  has-background\">The artist<\/h2>\n\n\n\n<hr class=\"wp-block-separator has-alpha-channel-opacity is-style-default\"\/>\n\n\n\n<div style=\"height:25px\" aria-hidden=\"true\" class=\"wp-block-spacer\"><\/div>\n\n\n\n<div class=\"wp-block-columns alignwide are-vertically-aligned-center is-layout-flex wp-container-core-columns-is-layout-3 wp-block-columns-is-layout-flex\">\n<div class=\"wp-block-column is-vertically-aligned-center is-layout-flow wp-block-column-is-layout-flow\">\n<h2 class=\"wp-block-heading has-violet-color has-text-color has-link-color wp-elements-bbf69bc8d125beb36ac6afa68954c1b8\">Juliette SEJOURNE<\/h2>\n\n\n\n<p>Juliette S\u00e9journ\u00e9 is an artist and performer intersecting theater, music and art installation.<\/p>\n\n\n\n<p>Graduated from the National Conservatory of Dramatic Art in Paris and ENS (Cachan, Paris-Saclay), she performs in a variety of venues and contexts, from opera houses on international tour (Shanghai, Tianjin and Harbin opera houses) and concert halls (Th\u00e9\u00e2tre des Bouffes du Nord, Th\u00e9\u00e2tre de la Colline, Institut du Monde Arabe&#8230;) to interventions in basilicas, cinemas, greenhouses, gardens, social welfare centers, hospitals (Consultations Po\u00e9tiques du Th\u00e9\u00e2tre de la Ville) and scientific symposia.<\/p>\n\n\n\n<p>Throughout her diverse creations, she investigates the &#8220;little inner voice&#8221; and its different forms of expression. This question merges with a broader reflection on &#8220;attention&#8221;: how are we attentive or distracted?<\/p>\n\n\n\n<p>Juliette is accompanied by Fr\u00e9d\u00e9ric BEVILACQUA, researcher. He is leading the \u201cSound Music Movement Interaction\u201d team at IRCAM-STMS in Paris in gesture-based interactive sound systems.<\/p>\n\n\n\n<div class=\"wp-block-buttons is-content-justification-left is-layout-flex wp-container-core-buttons-is-layout-1 wp-block-buttons-is-layout-flex\">\n<div class=\"wp-block-button\"><a class=\"wp-block-button__link has-turquoise-background-color has-background wp-element-button\" href=\"https:\/\/juliettesejourne.com\/en\/\" target=\"_blank\" rel=\"noreferrer noopener\">&gt; To know more &lt; <\/a><\/div>\n<\/div>\n<\/div>\n\n\n\n<div class=\"wp-block-column is-vertically-aligned-center is-layout-flow wp-block-column-is-layout-flow\">\n<figure class=\"wp-block-image size-large has-custom-border is-style-default\"><img loading=\"lazy\" decoding=\"async\" width=\"761\" height=\"1024\" src=\"http:\/\/recto-vrso.com\/wp-content\/uploads\/2024\/02\/Juliette-Sejourne-Tsukumo-cafe-761x1024.jpg\" alt=\"\" class=\"wp-image-3208\" style=\"border-radius:20px;aspect-ratio:9\/16;object-fit:cover\" srcset=\"https:\/\/recto-vrso.com\/wp-content\/uploads\/2024\/02\/Juliette-Sejourne-Tsukumo-cafe-761x1024.jpg 761w, https:\/\/recto-vrso.com\/wp-content\/uploads\/2024\/02\/Juliette-Sejourne-Tsukumo-cafe-223x300.jpg 223w, https:\/\/recto-vrso.com\/wp-content\/uploads\/2024\/02\/Juliette-Sejourne-Tsukumo-cafe-768x1033.jpg 768w, https:\/\/recto-vrso.com\/wp-content\/uploads\/2024\/02\/Juliette-Sejourne-Tsukumo-cafe-1142x1536.jpg 1142w, https:\/\/recto-vrso.com\/wp-content\/uploads\/2024\/02\/Juliette-Sejourne-Tsukumo-cafe-1523x2048.jpg 1523w, https:\/\/recto-vrso.com\/wp-content\/uploads\/2024\/02\/Juliette-Sejourne-Tsukumo-cafe-scaled.jpg 1904w\" sizes=\"auto, (max-width: 761px) 100vw, 761px\" \/><\/figure>\n<\/div>\n<\/div>\n\n\n\n<div style=\"height:75px\" aria-hidden=\"true\" class=\"wp-block-spacer\"><\/div>\n\n\n\n<div class=\"wp-block-cover alignwide wp-duotone-grayscale\" style=\"padding-top:var(--wp--preset--spacing--50);padding-right:var(--wp--preset--spacing--50);padding-bottom:var(--wp--preset--spacing--50);padding-left:var(--wp--preset--spacing--50);min-height:276px;aspect-ratio:unset;\"><span aria-hidden=\"true\" class=\"wp-block-cover__background has-background-dim  \"><\/span><img loading=\"lazy\" decoding=\"async\" width=\"2048\" height=\"970\" class=\"wp-block-cover__image-background wp-image-2871\" alt=\"\" src=\"http:\/\/recto-vrso.com\/wp-content\/uploads\/2023\/11\/Le-Quarante.jpeg\" data-object-fit=\"cover\" srcset=\"https:\/\/recto-vrso.com\/wp-content\/uploads\/2023\/11\/Le-Quarante.jpeg 2048w, https:\/\/recto-vrso.com\/wp-content\/uploads\/2023\/11\/Le-Quarante-300x142.jpeg 300w, https:\/\/recto-vrso.com\/wp-content\/uploads\/2023\/11\/Le-Quarante-1024x485.jpeg 1024w, https:\/\/recto-vrso.com\/wp-content\/uploads\/2023\/11\/Le-Quarante-768x364.jpeg 768w, https:\/\/recto-vrso.com\/wp-content\/uploads\/2023\/11\/Le-Quarante-1536x728.jpeg 1536w\" sizes=\"auto, (max-width: 2048px) 100vw, 2048px\" \/><div class=\"wp-block-cover__inner-container is-layout-flow wp-block-cover-is-layout-flow\">\n<h2 class=\"wp-block-heading has-text-align-center has-white-color has-text-color has-x-large-font-size\">Discover the works in the Art &amp; VR Gallery<\/h2>\n\n\n\n<div class=\"wp-block-buttons is-content-justification-center is-layout-flex wp-container-core-buttons-is-layout-2 wp-block-buttons-is-layout-flex\">\n<div class=\"wp-block-button\"><a class=\"wp-block-button__link  has-background wp-element-button\" href=\"https:\/\/recto-vrso.com\/en\/art-vr-gallery-2024\/\">&gt; See more <\/a><\/div>\n<\/div>\n<\/div><\/div>\n\n\n\n<div style=\"height:50px\" aria-hidden=\"true\" class=\"wp-block-spacer\"><\/div>\n","protected":false},"excerpt":{"rendered":"<p>Tsukumo Cafe What do you think about when you drink a cup of coffee? And do you have any idea what the coffee cup is thinking about? Try listening to [&hellip;]<\/p>\n","protected":false},"author":6,"featured_media":0,"parent":0,"menu_order":0,"comment_status":"closed","ping_status":"closed","template":"","meta":{"_acf_changed":false,"content-type":"","footnotes":""},"class_list":["post-3752","page","type-page","status-publish","hentry"],"acf":[],"yoast_head":"<!-- This site is optimized with the Yoast SEO plugin v26.8 - https:\/\/yoast.com\/product\/yoast-seo-wordpress\/ -->\n<title>Tsukumo Cafe - Recto VRso<\/title>\n<meta name=\"description\" content=\"Tsukumo Cafe: an interactive installation by Juliette SEJOURNE (France) at Recto VRso from April 11 to 14.\" \/>\n<meta name=\"robots\" content=\"index, follow, max-snippet:-1, max-image-preview:large, max-video-preview:-1\" \/>\n<link rel=\"canonical\" href=\"https:\/\/recto-vrso.com\/en\/tsukumo-cafe\/\" \/>\n<meta property=\"og:locale\" content=\"en_US\" \/>\n<meta property=\"og:type\" content=\"article\" \/>\n<meta property=\"og:title\" content=\"Tsukumo Cafe - Recto VRso\" \/>\n<meta property=\"og:description\" content=\"Tsukumo Cafe: an interactive installation by Juliette SEJOURNE (France) at Recto VRso from April 11 to 14.\" \/>\n<meta property=\"og:url\" content=\"https:\/\/recto-vrso.com\/en\/tsukumo-cafe\/\" \/>\n<meta property=\"og:site_name\" content=\"Recto VRso\" \/>\n<meta property=\"article:modified_time\" content=\"2024-02-15T13:34:55+00:00\" \/>\n<meta property=\"og:image\" content=\"http:\/\/recto-vrso.com\/wp-content\/uploads\/2024\/02\/Tsukumo-cafe_Juliette-Sejourne-1-2-763x1024.jpg\" \/>\n<meta name=\"twitter:card\" content=\"summary_large_image\" \/>\n<meta name=\"twitter:label1\" content=\"Est. reading time\" \/>\n\t<meta name=\"twitter:data1\" content=\"3 minutes\" \/>\n<script type=\"application\/ld+json\" class=\"yoast-schema-graph\">{\"@context\":\"https:\/\/schema.org\",\"@graph\":[{\"@type\":\"WebPage\",\"@id\":\"https:\/\/recto-vrso.com\/en\/tsukumo-cafe\/\",\"url\":\"https:\/\/recto-vrso.com\/en\/tsukumo-cafe\/\",\"name\":\"Tsukumo Cafe - Recto VRso\",\"isPartOf\":{\"@id\":\"https:\/\/recto-vrso.com\/#website\"},\"primaryImageOfPage\":{\"@id\":\"https:\/\/recto-vrso.com\/en\/tsukumo-cafe\/#primaryimage\"},\"image\":{\"@id\":\"https:\/\/recto-vrso.com\/en\/tsukumo-cafe\/#primaryimage\"},\"thumbnailUrl\":\"http:\/\/recto-vrso.com\/wp-content\/uploads\/2024\/02\/Tsukumo-cafe_Juliette-Sejourne-1-2-763x1024.jpg\",\"datePublished\":\"2024-02-07T16:01:34+00:00\",\"dateModified\":\"2024-02-15T13:34:55+00:00\",\"description\":\"Tsukumo Cafe: an interactive installation by Juliette SEJOURNE (France) at Recto VRso from April 11 to 14.\",\"inLanguage\":\"en-US\",\"potentialAction\":[{\"@type\":\"ReadAction\",\"target\":[\"https:\/\/recto-vrso.com\/en\/tsukumo-cafe\/\"]}]},{\"@type\":\"ImageObject\",\"inLanguage\":\"en-US\",\"@id\":\"https:\/\/recto-vrso.com\/en\/tsukumo-cafe\/#primaryimage\",\"url\":\"http:\/\/recto-vrso.com\/wp-content\/uploads\/2024\/02\/Tsukumo-cafe_Juliette-Sejourne-1-2-763x1024.jpg\",\"contentUrl\":\"http:\/\/recto-vrso.com\/wp-content\/uploads\/2024\/02\/Tsukumo-cafe_Juliette-Sejourne-1-2-763x1024.jpg\"},{\"@type\":\"WebSite\",\"@id\":\"https:\/\/recto-vrso.com\/#website\",\"url\":\"https:\/\/recto-vrso.com\/\",\"name\":\"Recto VRso\",\"description\":\"\",\"potentialAction\":[{\"@type\":\"SearchAction\",\"target\":{\"@type\":\"EntryPoint\",\"urlTemplate\":\"https:\/\/recto-vrso.com\/?s={search_term_string}\"},\"query-input\":{\"@type\":\"PropertyValueSpecification\",\"valueRequired\":true,\"valueName\":\"search_term_string\"}}],\"inLanguage\":\"en-US\"}]}<\/script>\n<!-- \/ Yoast SEO plugin. -->","yoast_head_json":{"title":"Tsukumo Cafe - Recto VRso","description":"Tsukumo Cafe: an interactive installation by Juliette SEJOURNE (France) at Recto VRso from April 11 to 14.","robots":{"index":"index","follow":"follow","max-snippet":"max-snippet:-1","max-image-preview":"max-image-preview:large","max-video-preview":"max-video-preview:-1"},"canonical":"https:\/\/recto-vrso.com\/en\/tsukumo-cafe\/","og_locale":"en_US","og_type":"article","og_title":"Tsukumo Cafe - Recto VRso","og_description":"Tsukumo Cafe: an interactive installation by Juliette SEJOURNE (France) at Recto VRso from April 11 to 14.","og_url":"https:\/\/recto-vrso.com\/en\/tsukumo-cafe\/","og_site_name":"Recto VRso","article_modified_time":"2024-02-15T13:34:55+00:00","og_image":[{"url":"http:\/\/recto-vrso.com\/wp-content\/uploads\/2024\/02\/Tsukumo-cafe_Juliette-Sejourne-1-2-763x1024.jpg","type":"","width":"","height":""}],"twitter_card":"summary_large_image","twitter_misc":{"Est. reading time":"3 minutes"},"schema":{"@context":"https:\/\/schema.org","@graph":[{"@type":"WebPage","@id":"https:\/\/recto-vrso.com\/en\/tsukumo-cafe\/","url":"https:\/\/recto-vrso.com\/en\/tsukumo-cafe\/","name":"Tsukumo Cafe - Recto VRso","isPartOf":{"@id":"https:\/\/recto-vrso.com\/#website"},"primaryImageOfPage":{"@id":"https:\/\/recto-vrso.com\/en\/tsukumo-cafe\/#primaryimage"},"image":{"@id":"https:\/\/recto-vrso.com\/en\/tsukumo-cafe\/#primaryimage"},"thumbnailUrl":"http:\/\/recto-vrso.com\/wp-content\/uploads\/2024\/02\/Tsukumo-cafe_Juliette-Sejourne-1-2-763x1024.jpg","datePublished":"2024-02-07T16:01:34+00:00","dateModified":"2024-02-15T13:34:55+00:00","description":"Tsukumo Cafe: an interactive installation by Juliette SEJOURNE (France) at Recto VRso from April 11 to 14.","inLanguage":"en-US","potentialAction":[{"@type":"ReadAction","target":["https:\/\/recto-vrso.com\/en\/tsukumo-cafe\/"]}]},{"@type":"ImageObject","inLanguage":"en-US","@id":"https:\/\/recto-vrso.com\/en\/tsukumo-cafe\/#primaryimage","url":"http:\/\/recto-vrso.com\/wp-content\/uploads\/2024\/02\/Tsukumo-cafe_Juliette-Sejourne-1-2-763x1024.jpg","contentUrl":"http:\/\/recto-vrso.com\/wp-content\/uploads\/2024\/02\/Tsukumo-cafe_Juliette-Sejourne-1-2-763x1024.jpg"},{"@type":"WebSite","@id":"https:\/\/recto-vrso.com\/#website","url":"https:\/\/recto-vrso.com\/","name":"Recto VRso","description":"","potentialAction":[{"@type":"SearchAction","target":{"@type":"EntryPoint","urlTemplate":"https:\/\/recto-vrso.com\/?s={search_term_string}"},"query-input":{"@type":"PropertyValueSpecification","valueRequired":true,"valueName":"search_term_string"}}],"inLanguage":"en-US"}]}},"_links":{"self":[{"href":"https:\/\/recto-vrso.com\/en\/wp-json\/wp\/v2\/pages\/3752","targetHints":{"allow":["GET"]}}],"collection":[{"href":"https:\/\/recto-vrso.com\/en\/wp-json\/wp\/v2\/pages"}],"about":[{"href":"https:\/\/recto-vrso.com\/en\/wp-json\/wp\/v2\/types\/page"}],"author":[{"embeddable":true,"href":"https:\/\/recto-vrso.com\/en\/wp-json\/wp\/v2\/users\/6"}],"replies":[{"embeddable":true,"href":"https:\/\/recto-vrso.com\/en\/wp-json\/wp\/v2\/comments?post=3752"}],"version-history":[{"count":5,"href":"https:\/\/recto-vrso.com\/en\/wp-json\/wp\/v2\/pages\/3752\/revisions"}],"predecessor-version":[{"id":3892,"href":"https:\/\/recto-vrso.com\/en\/wp-json\/wp\/v2\/pages\/3752\/revisions\/3892"}],"wp:attachment":[{"href":"https:\/\/recto-vrso.com\/en\/wp-json\/wp\/v2\/media?parent=3752"}],"curies":[{"name":"wp","href":"https:\/\/api.w.org\/{rel}","templated":true}]}}