{"id":3737,"date":"2024-02-07T16:23:25","date_gmt":"2024-02-07T15:23:25","guid":{"rendered":"https:\/\/recto-vrso.com\/tarotmaton-tarot-2-0\/"},"modified":"2024-02-07T19:22:17","modified_gmt":"2024-02-07T18:22:17","slug":"tarotmaton-tarot-2-0","status":"publish","type":"page","link":"https:\/\/recto-vrso.com\/en\/tarotmaton-tarot-2-0\/","title":{"rendered":"Tar\u00f6tmat\u00f6n &#8211; Tar\u00f6t 2.0"},"content":{"rendered":"\n<section class=\"banner alignfull \" style=\"background-image: url(https:\/\/recto-vrso.com\/wp-content\/uploads\/2024\/02\/Tarot-2.0-scaled.jpg)\">>\n        <div class=\"container\">\n        <div class=\"content\">\n            <h1>\n                Tar\u00f6tmat\u00f6n &#8211; Tar\u00f6t 2.0            <\/h1>\n                        <p>\n                Rapha\u00ebl SAWADOGO-MAS and Chlo\u00e9 SAINT-DENIS (France), interactive installation            <\/p>\n                                <\/div>\n    <\/div>\n<\/section>\n<div style=\"height:50px\" aria-hidden=\"true\" class=\"wp-block-spacer\"><\/div>\n\n<div class=\"wp-block-columns alignwide are-vertically-aligned-center is-layout-flex wp-container-core-columns-is-layout-1 wp-block-columns-is-layout-flex\">\n<div class=\"wp-block-column is-vertically-aligned-center is-layout-flow wp-block-column-is-layout-flow\">\n<h2 class=\"wp-block-heading has-violet-color has-text-color has-link-color wp-elements-18b1a8fe8af9a2b0d74c334f4f97edc6\">Tar\u00f6tmat\u00f6n &#8211; Tar\u00f6t 2.0<\/h2>\n\n\n\n<p>The Tarot de Marseille is a deck of cards dating back to the 15th century, traditionally used for divinatory purposes, to guide those inquiring about the future. We wonder what tomorrow&#8217;s Tarot reading could be? Our project is to create a digital Tarot de Marseille, in the form of cinematic vignettes. An alliance of past and future, Tar\u00f6t 2.0 is an interactive experience where cartomancy meets digital. At a time when new technologies dominate our social interactions and dematerialization is omnipresent, the quest for the invisible is resurfacing. Digital witches, online rituals and paganism are experiencing a resurgence. This quest beyond the tangible seems to be a paradoxical reflection of our ultra-materialist world.<\/p>\n\n\n\n<p>Tar\u00f6t 2.0 is the result of a reflection on the divinatory practice of Tarot in the digital age. It takes the form of cinematic capsules of the Tarot cards, integrated into a digital cartomancy device called the &#8220;Tar\u00f6tmat\u00f6n&#8221;. In the intimacy of this fortune-telling booth, the machine takes on the role of fortune-teller, and accompanies the user by voice to question themselves, &#8220;past, present, future&#8230; what do you want to know?&#8221;<\/p>\n<\/div>\n\n\n\n<div class=\"wp-block-column is-vertically-aligned-center is-layout-flow wp-block-column-is-layout-flow\">\n<figure class=\"wp-block-image size-large has-custom-border is-style-default\"><img loading=\"lazy\" decoding=\"async\" width=\"805\" height=\"1024\" src=\"http:\/\/recto-vrso.com\/wp-content\/uploads\/2024\/02\/Reading-the-card-805x1024.png\" alt=\"\" class=\"wp-image-3488\" style=\"border-radius:20px;aspect-ratio:3\/4;object-fit:cover\" srcset=\"https:\/\/recto-vrso.com\/wp-content\/uploads\/2024\/02\/Reading-the-card-805x1024.png 805w, https:\/\/recto-vrso.com\/wp-content\/uploads\/2024\/02\/Reading-the-card-236x300.png 236w, https:\/\/recto-vrso.com\/wp-content\/uploads\/2024\/02\/Reading-the-card-768x977.png 768w, https:\/\/recto-vrso.com\/wp-content\/uploads\/2024\/02\/Reading-the-card-1207x1536.png 1207w, https:\/\/recto-vrso.com\/wp-content\/uploads\/2024\/02\/Reading-the-card-1609x2048.png 1609w\" sizes=\"auto, (max-width: 805px) 100vw, 805px\" \/><\/figure>\n<\/div>\n<\/div>\n\n<div style=\"height:50px\" aria-hidden=\"true\" class=\"wp-block-spacer\"><\/div>\n\n<div class=\"wp-block-columns alignwide are-vertically-aligned-center is-layout-flex wp-container-core-columns-is-layout-2 wp-block-columns-is-layout-flex\">\n<div class=\"wp-block-column is-vertically-aligned-center is-layout-flow wp-block-column-is-layout-flow\">\n<figure class=\"wp-block-image size-large has-custom-border is-style-default\"><img loading=\"lazy\" decoding=\"async\" width=\"1024\" height=\"683\" src=\"http:\/\/recto-vrso.com\/wp-content\/uploads\/2024\/02\/Tarot-2.0-1024x683.jpg\" alt=\"\" class=\"wp-image-3151\" style=\"border-radius:20px;aspect-ratio:1;object-fit:cover\" srcset=\"https:\/\/recto-vrso.com\/wp-content\/uploads\/2024\/02\/Tarot-2.0-1024x683.jpg 1024w, https:\/\/recto-vrso.com\/wp-content\/uploads\/2024\/02\/Tarot-2.0-300x200.jpg 300w, https:\/\/recto-vrso.com\/wp-content\/uploads\/2024\/02\/Tarot-2.0-768x512.jpg 768w, https:\/\/recto-vrso.com\/wp-content\/uploads\/2024\/02\/Tarot-2.0-1536x1024.jpg 1536w, https:\/\/recto-vrso.com\/wp-content\/uploads\/2024\/02\/Tarot-2.0-2048x1365.jpg 2048w\" sizes=\"auto, (max-width: 1024px) 100vw, 1024px\" \/><\/figure>\n<\/div>\n\n\n\n<div class=\"wp-block-column is-vertically-aligned-center is-layout-flow wp-block-column-is-layout-flow\">\n<h2 class=\"wp-block-heading has-turquoise-color has-text-color has-link-color wp-elements-6c26cfbf8b7370ce7834b2f430f2cada\">A fusion of art, magic and technology.<\/h2>\n\n\n\n<p>To start the experience, one must touch the crystal ball which sparks a light. Voices lead the way into the immersive cartomancy experience. The interactive table recognizes the cards that have been drawn and projects the associated video cards. The user can also place the talking amethyst stone to deepen his understanding of the cards.<\/p>\n\n\n\n<p>This immersive divinatory experience invites visitors to discover this new type of Tarotmancy. Each print is a unique experience, combining the mystical tradition of Tarot with contemporary technology to create awe whilst offering a space for introspection.immersive divinatory work Tar\u00f6t 2.0, a 2.0 reinterpretation of the Marseilles Tarot, where cards come to life as digital paintings.<\/p>\n<\/div>\n<\/div>\n\n<div style=\"height:75px\" aria-hidden=\"true\" class=\"wp-block-spacer\"><\/div>\n\n<h2 class=\"wp-block-heading has-text-align-center  has-background\">The artists<\/h2>\n\n<hr class=\"wp-block-separator has-alpha-channel-opacity is-style-default\"\/>\n\n<div style=\"height:25px\" aria-hidden=\"true\" class=\"wp-block-spacer\"><\/div>\n\n<div class=\"wp-block-columns is-layout-flex wp-container-core-columns-is-layout-3 wp-block-columns-is-layout-flex\">\n<div class=\"wp-block-column is-layout-flow wp-block-column-is-layout-flow\">\n<h3 class=\"wp-block-heading has-text-align-center has-violet-color has-text-color has-link-color wp-elements-5af08a30b278d923a836a8b95cbba61d\">Rapha\u00ebl<br\/>SAWADOGO-MAS<\/h3>\n\n\n\n<figure class=\"wp-block-image size-full\"><img loading=\"lazy\" decoding=\"async\" width=\"1707\" height=\"2560\" src=\"http:\/\/recto-vrso.com\/wp-content\/uploads\/2024\/02\/Raphael-Sawadogo-Mas-Tarot2.0-scaled.jpg\" alt=\"\" class=\"wp-image-3218\" style=\"aspect-ratio:3\/4;object-fit:cover\" srcset=\"https:\/\/recto-vrso.com\/wp-content\/uploads\/2024\/02\/Raphael-Sawadogo-Mas-Tarot2.0-scaled.jpg 1707w, https:\/\/recto-vrso.com\/wp-content\/uploads\/2024\/02\/Raphael-Sawadogo-Mas-Tarot2.0-200x300.jpg 200w, https:\/\/recto-vrso.com\/wp-content\/uploads\/2024\/02\/Raphael-Sawadogo-Mas-Tarot2.0-683x1024.jpg 683w, https:\/\/recto-vrso.com\/wp-content\/uploads\/2024\/02\/Raphael-Sawadogo-Mas-Tarot2.0-768x1152.jpg 768w, https:\/\/recto-vrso.com\/wp-content\/uploads\/2024\/02\/Raphael-Sawadogo-Mas-Tarot2.0-1024x1536.jpg 1024w, https:\/\/recto-vrso.com\/wp-content\/uploads\/2024\/02\/Raphael-Sawadogo-Mas-Tarot2.0-1365x2048.jpg 1365w\" sizes=\"auto, (max-width: 1707px) 100vw, 1707px\" \/><\/figure>\n<\/div>\n\n\n\n<div class=\"wp-block-column is-layout-flow wp-block-column-is-layout-flow\">\n<h3 class=\"wp-block-heading has-text-align-center has-violet-color has-text-color has-link-color wp-elements-7c810f5de8885606b92b6b28ff843e72\"> Chlo\u00e9<br\/>SAINT-DENIS<\/h3>\n\n\n\n<figure class=\"wp-block-image size-full\"><img loading=\"lazy\" decoding=\"async\" width=\"2560\" height=\"1437\" src=\"http:\/\/recto-vrso.com\/wp-content\/uploads\/2024\/02\/Chloe-Saint-Denis-Tarot-2.0-scaled.jpg\" alt=\"\" class=\"wp-image-3192\" style=\"aspect-ratio:3\/4;object-fit:cover\" srcset=\"https:\/\/recto-vrso.com\/wp-content\/uploads\/2024\/02\/Chloe-Saint-Denis-Tarot-2.0-scaled.jpg 2560w, https:\/\/recto-vrso.com\/wp-content\/uploads\/2024\/02\/Chloe-Saint-Denis-Tarot-2.0-300x168.jpg 300w, https:\/\/recto-vrso.com\/wp-content\/uploads\/2024\/02\/Chloe-Saint-Denis-Tarot-2.0-1024x575.jpg 1024w, https:\/\/recto-vrso.com\/wp-content\/uploads\/2024\/02\/Chloe-Saint-Denis-Tarot-2.0-768x431.jpg 768w, https:\/\/recto-vrso.com\/wp-content\/uploads\/2024\/02\/Chloe-Saint-Denis-Tarot-2.0-1536x862.jpg 1536w, https:\/\/recto-vrso.com\/wp-content\/uploads\/2024\/02\/Chloe-Saint-Denis-Tarot-2.0-2048x1150.jpg 2048w\" sizes=\"auto, (max-width: 2560px) 100vw, 2560px\" \/><\/figure>\n<\/div>\n<\/div>\n\n<p>Rapha\u00ebl Sawadogo-Mas and Chlo\u00eb Saint-Denis form the creative duo of R\u00e4f &amp; Cl\u00f6.<\/p>\n\n<p>The two childhood friends unite around a shared artistic vision, where symbolism and aesthetics intertwine to reveal hidden messages and profound meanings.<\/p>\n\n<p>Their immersive divinatory work, Tar\u00f6t 2.0, is the fruit of their creative alchemy uniting a team. Together, they strive to create captivating artistic experiences. Their work transcends simple visual representation, exploring the complex distillation of technology, esotericism and ancestral traditions.<\/p>\n\n<div style=\"height:25px\" aria-hidden=\"true\" class=\"wp-block-spacer\"><\/div>\n\n<div class=\"wp-block-buttons is-content-justification-center is-layout-flex wp-container-core-buttons-is-layout-1 wp-block-buttons-is-layout-flex\">\n<div class=\"wp-block-button\"><a class=\"wp-block-button__link has-turquoise-background-color has-background wp-element-button\" href=\"https:\/\/www.instagram.com\/rafandclo\/?hl=fr\" target=\"_blank\" rel=\"noreferrer noopener\">&gt; To know more &lt; <\/a><\/div>\n<\/div>\n\n<div style=\"height:75px\" aria-hidden=\"true\" class=\"wp-block-spacer\"><\/div>\n\n<div class=\"wp-block-cover alignwide wp-duotone-grayscale\" style=\"padding-top:var(--wp--preset--spacing--50);padding-right:var(--wp--preset--spacing--50);padding-bottom:var(--wp--preset--spacing--50);padding-left:var(--wp--preset--spacing--50);min-height:276px;aspect-ratio:unset;\"><span aria-hidden=\"true\" class=\"wp-block-cover__background has-background-dim  \"><\/span><img loading=\"lazy\" decoding=\"async\" width=\"2048\" height=\"970\" class=\"wp-block-cover__image-background wp-image-2871\" alt=\"\" src=\"http:\/\/recto-vrso.com\/wp-content\/uploads\/2023\/11\/Le-Quarante.jpeg\" data-object-fit=\"cover\" srcset=\"https:\/\/recto-vrso.com\/wp-content\/uploads\/2023\/11\/Le-Quarante.jpeg 2048w, https:\/\/recto-vrso.com\/wp-content\/uploads\/2023\/11\/Le-Quarante-300x142.jpeg 300w, https:\/\/recto-vrso.com\/wp-content\/uploads\/2023\/11\/Le-Quarante-1024x485.jpeg 1024w, https:\/\/recto-vrso.com\/wp-content\/uploads\/2023\/11\/Le-Quarante-768x364.jpeg 768w, https:\/\/recto-vrso.com\/wp-content\/uploads\/2023\/11\/Le-Quarante-1536x728.jpeg 1536w\" sizes=\"auto, (max-width: 2048px) 100vw, 2048px\" \/><div class=\"wp-block-cover__inner-container is-layout-flow wp-block-cover-is-layout-flow\">\n<h2 class=\"wp-block-heading has-text-align-center has-white-color has-text-color has-x-large-font-size\">Discover the works in the Art &amp; VR Gallery<\/h2>\n\n\n\n<div class=\"wp-block-buttons is-content-justification-center is-layout-flex wp-container-core-buttons-is-layout-2 wp-block-buttons-is-layout-flex\">\n<div class=\"wp-block-button\"><a class=\"wp-block-button__link  has-background wp-element-button\" href=\"https:\/\/recto-vrso.com\/en\/art-vr-gallery-2024\/\">&gt; See more <\/a><\/div>\n<\/div>\n<\/div><\/div>\n\n<div style=\"height:50px\" aria-hidden=\"true\" class=\"wp-block-spacer\"><\/div>\n","protected":false},"excerpt":{"rendered":"<p>Tar\u00f6tmat\u00f6n &#8211; Tar\u00f6t 2.0 The Tarot de Marseille is a deck of cards dating back to the 15th century, traditionally used for divinatory purposes, to guide those inquiring about the [&hellip;]<\/p>\n","protected":false},"author":6,"featured_media":0,"parent":0,"menu_order":0,"comment_status":"closed","ping_status":"closed","template":"","meta":{"_acf_changed":false,"content-type":"","footnotes":""},"class_list":["post-3737","page","type-page","status-publish","hentry"],"acf":[],"yoast_head":"<!-- This site is optimized with the Yoast SEO plugin v26.8 - https:\/\/yoast.com\/product\/yoast-seo-wordpress\/ -->\n<title>Tar\u00f6tmat\u00f6n - Tar\u00f6t 2.0 - Recto VRso<\/title>\n<meta name=\"description\" content=\"Tar\u00f6tmat\u00f6n - Tar\u00f6t 2.0: an interactive installation by the creative duo of R\u00e4f &amp; Cl\u00f6 (France) at Recto VRso from April 11 to 14.\" \/>\n<meta name=\"robots\" content=\"index, follow, max-snippet:-1, max-image-preview:large, max-video-preview:-1\" \/>\n<link rel=\"canonical\" href=\"https:\/\/recto-vrso.com\/en\/tarotmaton-tarot-2-0\/\" \/>\n<meta property=\"og:locale\" content=\"en_US\" \/>\n<meta property=\"og:type\" content=\"article\" \/>\n<meta property=\"og:title\" content=\"Tar\u00f6tmat\u00f6n - Tar\u00f6t 2.0 - Recto VRso\" \/>\n<meta property=\"og:description\" content=\"Tar\u00f6tmat\u00f6n - Tar\u00f6t 2.0: an interactive installation by the creative duo of R\u00e4f &amp; Cl\u00f6 (France) at Recto VRso from April 11 to 14.\" \/>\n<meta property=\"og:url\" content=\"https:\/\/recto-vrso.com\/en\/tarotmaton-tarot-2-0\/\" \/>\n<meta property=\"og:site_name\" content=\"Recto VRso\" \/>\n<meta property=\"article:modified_time\" content=\"2024-02-07T18:22:17+00:00\" \/>\n<meta property=\"og:image\" content=\"http:\/\/recto-vrso.com\/wp-content\/uploads\/2024\/02\/Reading-the-card-805x1024.png\" \/>\n<meta name=\"twitter:card\" content=\"summary_large_image\" \/>\n<meta name=\"twitter:label1\" content=\"Est. reading time\" \/>\n\t<meta name=\"twitter:data1\" content=\"2 minutes\" \/>\n<script type=\"application\/ld+json\" class=\"yoast-schema-graph\">{\"@context\":\"https:\/\/schema.org\",\"@graph\":[{\"@type\":\"WebPage\",\"@id\":\"https:\/\/recto-vrso.com\/en\/tarotmaton-tarot-2-0\/\",\"url\":\"https:\/\/recto-vrso.com\/en\/tarotmaton-tarot-2-0\/\",\"name\":\"Tar\u00f6tmat\u00f6n - Tar\u00f6t 2.0 - Recto VRso\",\"isPartOf\":{\"@id\":\"https:\/\/recto-vrso.com\/#website\"},\"primaryImageOfPage\":{\"@id\":\"https:\/\/recto-vrso.com\/en\/tarotmaton-tarot-2-0\/#primaryimage\"},\"image\":{\"@id\":\"https:\/\/recto-vrso.com\/en\/tarotmaton-tarot-2-0\/#primaryimage\"},\"thumbnailUrl\":\"http:\/\/recto-vrso.com\/wp-content\/uploads\/2024\/02\/Reading-the-card-805x1024.png\",\"datePublished\":\"2024-02-07T15:23:25+00:00\",\"dateModified\":\"2024-02-07T18:22:17+00:00\",\"description\":\"Tar\u00f6tmat\u00f6n - Tar\u00f6t 2.0: an interactive installation by the creative duo of R\u00e4f & Cl\u00f6 (France) at Recto VRso from April 11 to 14.\",\"inLanguage\":\"en-US\",\"potentialAction\":[{\"@type\":\"ReadAction\",\"target\":[\"https:\/\/recto-vrso.com\/en\/tarotmaton-tarot-2-0\/\"]}]},{\"@type\":\"ImageObject\",\"inLanguage\":\"en-US\",\"@id\":\"https:\/\/recto-vrso.com\/en\/tarotmaton-tarot-2-0\/#primaryimage\",\"url\":\"http:\/\/recto-vrso.com\/wp-content\/uploads\/2024\/02\/Reading-the-card-805x1024.png\",\"contentUrl\":\"http:\/\/recto-vrso.com\/wp-content\/uploads\/2024\/02\/Reading-the-card-805x1024.png\"},{\"@type\":\"WebSite\",\"@id\":\"https:\/\/recto-vrso.com\/#website\",\"url\":\"https:\/\/recto-vrso.com\/\",\"name\":\"Recto VRso\",\"description\":\"\",\"potentialAction\":[{\"@type\":\"SearchAction\",\"target\":{\"@type\":\"EntryPoint\",\"urlTemplate\":\"https:\/\/recto-vrso.com\/?s={search_term_string}\"},\"query-input\":{\"@type\":\"PropertyValueSpecification\",\"valueRequired\":true,\"valueName\":\"search_term_string\"}}],\"inLanguage\":\"en-US\"}]}<\/script>\n<!-- \/ Yoast SEO plugin. -->","yoast_head_json":{"title":"Tar\u00f6tmat\u00f6n - Tar\u00f6t 2.0 - Recto VRso","description":"Tar\u00f6tmat\u00f6n - Tar\u00f6t 2.0: an interactive installation by the creative duo of R\u00e4f & Cl\u00f6 (France) at Recto VRso from April 11 to 14.","robots":{"index":"index","follow":"follow","max-snippet":"max-snippet:-1","max-image-preview":"max-image-preview:large","max-video-preview":"max-video-preview:-1"},"canonical":"https:\/\/recto-vrso.com\/en\/tarotmaton-tarot-2-0\/","og_locale":"en_US","og_type":"article","og_title":"Tar\u00f6tmat\u00f6n - Tar\u00f6t 2.0 - Recto VRso","og_description":"Tar\u00f6tmat\u00f6n - Tar\u00f6t 2.0: an interactive installation by the creative duo of R\u00e4f & Cl\u00f6 (France) at Recto VRso from April 11 to 14.","og_url":"https:\/\/recto-vrso.com\/en\/tarotmaton-tarot-2-0\/","og_site_name":"Recto VRso","article_modified_time":"2024-02-07T18:22:17+00:00","og_image":[{"url":"http:\/\/recto-vrso.com\/wp-content\/uploads\/2024\/02\/Reading-the-card-805x1024.png","type":"","width":"","height":""}],"twitter_card":"summary_large_image","twitter_misc":{"Est. reading time":"2 minutes"},"schema":{"@context":"https:\/\/schema.org","@graph":[{"@type":"WebPage","@id":"https:\/\/recto-vrso.com\/en\/tarotmaton-tarot-2-0\/","url":"https:\/\/recto-vrso.com\/en\/tarotmaton-tarot-2-0\/","name":"Tar\u00f6tmat\u00f6n - Tar\u00f6t 2.0 - Recto VRso","isPartOf":{"@id":"https:\/\/recto-vrso.com\/#website"},"primaryImageOfPage":{"@id":"https:\/\/recto-vrso.com\/en\/tarotmaton-tarot-2-0\/#primaryimage"},"image":{"@id":"https:\/\/recto-vrso.com\/en\/tarotmaton-tarot-2-0\/#primaryimage"},"thumbnailUrl":"http:\/\/recto-vrso.com\/wp-content\/uploads\/2024\/02\/Reading-the-card-805x1024.png","datePublished":"2024-02-07T15:23:25+00:00","dateModified":"2024-02-07T18:22:17+00:00","description":"Tar\u00f6tmat\u00f6n - Tar\u00f6t 2.0: an interactive installation by the creative duo of R\u00e4f & Cl\u00f6 (France) at Recto VRso from April 11 to 14.","inLanguage":"en-US","potentialAction":[{"@type":"ReadAction","target":["https:\/\/recto-vrso.com\/en\/tarotmaton-tarot-2-0\/"]}]},{"@type":"ImageObject","inLanguage":"en-US","@id":"https:\/\/recto-vrso.com\/en\/tarotmaton-tarot-2-0\/#primaryimage","url":"http:\/\/recto-vrso.com\/wp-content\/uploads\/2024\/02\/Reading-the-card-805x1024.png","contentUrl":"http:\/\/recto-vrso.com\/wp-content\/uploads\/2024\/02\/Reading-the-card-805x1024.png"},{"@type":"WebSite","@id":"https:\/\/recto-vrso.com\/#website","url":"https:\/\/recto-vrso.com\/","name":"Recto VRso","description":"","potentialAction":[{"@type":"SearchAction","target":{"@type":"EntryPoint","urlTemplate":"https:\/\/recto-vrso.com\/?s={search_term_string}"},"query-input":{"@type":"PropertyValueSpecification","valueRequired":true,"valueName":"search_term_string"}}],"inLanguage":"en-US"}]}},"_links":{"self":[{"href":"https:\/\/recto-vrso.com\/en\/wp-json\/wp\/v2\/pages\/3737","targetHints":{"allow":["GET"]}}],"collection":[{"href":"https:\/\/recto-vrso.com\/en\/wp-json\/wp\/v2\/pages"}],"about":[{"href":"https:\/\/recto-vrso.com\/en\/wp-json\/wp\/v2\/types\/page"}],"author":[{"embeddable":true,"href":"https:\/\/recto-vrso.com\/en\/wp-json\/wp\/v2\/users\/6"}],"replies":[{"embeddable":true,"href":"https:\/\/recto-vrso.com\/en\/wp-json\/wp\/v2\/comments?post=3737"}],"version-history":[{"count":4,"href":"https:\/\/recto-vrso.com\/en\/wp-json\/wp\/v2\/pages\/3737\/revisions"}],"predecessor-version":[{"id":3823,"href":"https:\/\/recto-vrso.com\/en\/wp-json\/wp\/v2\/pages\/3737\/revisions\/3823"}],"wp:attachment":[{"href":"https:\/\/recto-vrso.com\/en\/wp-json\/wp\/v2\/media?parent=3737"}],"curies":[{"name":"wp","href":"https:\/\/api.w.org\/{rel}","templated":true}]}}