{"id":2875,"date":"2023-11-03T13:33:35","date_gmt":"2023-11-03T12:33:35","guid":{"rendered":"https:\/\/recto-vrso.com\/prepare-your-visit\/"},"modified":"2026-01-23T15:36:21","modified_gmt":"2026-01-23T14:36:21","slug":"prepare-your-visit","status":"publish","type":"page","link":"https:\/\/recto-vrso.com\/en\/prepare-your-visit\/","title":{"rendered":"Prepare your visit"},"content":{"rendered":"\n<section class=\"banner alignfull \" style=\"background-image: url(https:\/\/recto-vrso.com\/wp-content\/uploads\/2023\/03\/Laval-\u00a9Lezbroz-Teddy-Verneuil-64-1920x960-1.jpeg)\">>\n            <div class=\"video\">\n            <video autoplay muted loop>\n                <source src=\"https:\/\/recto-vrso.com\/wp-content\/uploads\/2023\/11\/Video-Recto-VRso-Quarante.mp4\" type=\"video\/mp4\">\n            <\/video>\n        <\/div>\n        <div class=\"container\">\n        <div class=\"content\">\n            <h1>\n                Prepare your visit            <\/h1>\n                            <h2>Everything you need to know!<\/h2>\n                        <p>\n                How do I get to Le Quarante? Find all the information you need to make your visit to the Recto VRso festival easier!            <\/p>\n                            <a href=\"https:\/\/recto-vrso.com\/\" target=\"\" class=\"btn btn--gradient\">\n                    Discover the 2024 format                <\/a>\n                                <\/div>\n    <\/div>\n<\/section>\n<div style=\"height:50px\" aria-hidden=\"true\" class=\"wp-block-spacer\"><\/div>\n\n<div class=\"wp-block-columns alignwide are-vertically-aligned-center is-layout-flex wp-container-core-columns-is-layout-1 wp-block-columns-is-layout-flex\">\n<div class=\"wp-block-column is-vertically-aligned-center is-layout-flow wp-block-column-is-layout-flow\">\n<p class=\"has-contrast-color has-text-color has-link-color has-hwt-mardell-font-family wp-elements-f5fb135c658cd987a37dbfccc184c071\" style=\"font-size:33px\">Recto VRso<\/p>\n\n\n\n<h2 class=\"wp-block-heading has-contrast-color has-text-color has-link-color wp-elements-39c0d10fde9af6465db7564cea25be84\">Comment venir ?<\/h2>\n\n\n\n<p>The 8th edition of the Recto VRso festival will take place entirely at Le <strong>Quarante<\/strong>, located at 40 Rue du Britais in <strong>Laval (France)<\/strong>, as shown on the map opposite. The festival is open from Thursday, November 19 to Sunday, November 22!<\/p>\n\n\n\n<p>Le Quarante is a unique, hybrid <strong>third-party cultural space<\/strong> that opened its doors at the end of 2022. Contemporary architecture to welcome artists and the public for a few days!<\/p>\n<\/div>\n\n\n\n<div class=\"wp-block-column is-vertically-aligned-center is-layout-flow wp-block-column-is-layout-flow\">\n<iframe src=\"https:\/\/www.google.com\/maps\/embed?pb=!1m18!1m12!1m3!1d16859.264542015604!2d-0.7937200556874572!3d48.07577990619528!2m3!1f0!2f0!3f0!3m2!1i1024!2i768!4f13.1!3m3!1m2!1s0x4808fdfab6c2b8c7%3A0xdb0689e727a52d58!2sLe%20Quarante!5e0!3m2!1sfr!2sfr!4v1699009864500!5m2!1sfr!2sfr\" width=\"600\" height=\"375\" style=\"border:0;\" allowfullscreen=\"\" loading=\"lazy\" referrerpolicy=\"no-referrer-when-downgrade\"><\/iframe>\n<\/div>\n<\/div>\n\n<div style=\"height:75px\" aria-hidden=\"true\" class=\"wp-block-spacer\"><\/div>\n\n<div class=\"wp-block-columns alignwide is-layout-flex wp-container-core-columns-is-layout-3 wp-block-columns-is-layout-flex\">\n<div class=\"wp-block-column is-vertically-aligned-top is-layout-flow wp-block-column-is-layout-flow\">\n<h3 class=\"wp-block-heading has-contrast-color has-text-color has-link-color has-hwt-mardell-font-family wp-elements-912d2e4459d243d49af2950e25fd4642\">Car<\/h3>\n\n\n\n<hr class=\"wp-block-separator has-text-color has-accent-color has-alpha-channel-opacity has-accent-background-color has-background\"\/>\n\n\n\n<h5 class=\"wp-block-heading\">Parking<\/h5>\n\n\n\n<p>Le Quarante has a blue zone <strong>car park with 120 spaces<\/strong> for 4 hours.<\/p>\n\n\n\n<p>The car park is located at <strong>16, rue Jean Mac\u00e9<\/strong> in Laval.<\/p>\n\n\n\n<p>Essayez au maximum de privil\u00e9gier le covoiturage pour plus de facilit\u00e9s et dans un souci \u00e9co-responsable !<\/p>\n\n\n\n<p>\u2022 From Rennes, Angers, Le Mans: 1 hour<\/p>\n<\/div>\n\n\n\n<div class=\"wp-block-column is-vertically-aligned-top is-layout-flow wp-block-column-is-layout-flow\">\n<h3 class=\"wp-block-heading has-contrast-color has-text-color has-link-color has-hwt-mardell-font-family wp-elements-77d2538ec0e7bccd0a032f86a3ac4eed\">By bus<\/h3>\n\n\n\n<hr class=\"wp-block-separator has-text-color has-accent-color has-alpha-channel-opacity has-accent-background-color has-background\"\/>\n\n\n\n<p>&#8211; <strong>Line A and K<br\/><\/strong>Stop rue du Britais, down the street, 5-minute walk from Place du Onze-Novembre, arrival station for all Tul buses<br\/><strong>&#8211; Line D (all week)<br\/><\/strong>Stop Cerdan<br\/><strong>&#8211; Line F<br\/><\/strong>Stop Mac\u00e9<\/p>\n\n\n\n<div class=\"wp-block-columns is-layout-flex wp-container-core-columns-is-layout-2 wp-block-columns-is-layout-flex\">\n<div class=\"wp-block-column is-layout-flow wp-block-column-is-layout-flow\" style=\"flex-basis:33.33%\">\n<figure class=\"wp-block-image size-thumbnail\"><img loading=\"lazy\" decoding=\"async\" width=\"150\" height=\"150\" src=\"http:\/\/recto-vrso.com\/wp-content\/uploads\/2024\/04\/TUL-150x150.png\" alt=\"\" class=\"wp-image-4601\"\/><\/figure>\n<\/div>\n\n\n\n<div class=\"wp-block-column is-layout-flow wp-block-column-is-layout-flow\" style=\"flex-basis:66.66%\">\n<p><em>Schedules\/prices on :<\/em><br\/><em><a href=\"http:\/\/www.tul-laval.com\/\">www.tul-laval.com<\/a><\/em><br\/>Free public transport on weekends and public holidays<\/p>\n<\/div>\n<\/div>\n<\/div>\n\n\n\n<div class=\"wp-block-column is-layout-flow wp-block-column-is-layout-flow\">\n<h3 class=\"wp-block-heading has-contrast-color has-text-color has-link-color has-hwt-mardell-font-family wp-elements-e029b6ab981ddd886a47f8e7622aeadb\">ON FOOT AND BY BIKE<\/h3>\n\n\n\n<hr class=\"wp-block-separator has-text-color has-accent-color has-alpha-channel-opacity has-accent-background-color has-background\"\/>\n\n\n\n<p><strong>From H\u00f4tel de Ville:<br\/><\/strong>-On foot: 10 minutes<br\/>-By bike: 8 minutes<\/p>\n\n\n\n<p><strong>From station:<br\/><\/strong>-On foot: 25 minutes<br\/>-By bike: 10 minutes<\/p>\n\n\n\n<p><strong>From Espace Mayenne:<br\/><\/strong>-On foot: 25 minutes<br\/>-By bike: 7 minutes<\/p>\n<\/div>\n<\/div>\n\n<div style=\"height:50px\" aria-hidden=\"true\" class=\"wp-block-spacer\"><\/div>\n\n<div class=\"wp-block-cover alignwide\" style=\"border-radius:20px;padding-top:var(--wp--preset--spacing--50);padding-right:var(--wp--preset--spacing--50);padding-bottom:var(--wp--preset--spacing--50);padding-left:var(--wp--preset--spacing--50);min-height:387px;aspect-ratio:unset;\"><span aria-hidden=\"true\" class=\"wp-block-cover__background has-background-dim-60 has-background-dim wp-block-cover__gradient-background has-background-gradient has-midnight-gradient-background\"><\/span><img loading=\"lazy\" decoding=\"async\" width=\"2047\" height=\"1365\" class=\"wp-block-cover__image-background wp-image-6535\" alt=\"\" src=\"http:\/\/recto-vrso.com\/wp-content\/uploads\/2026\/01\/54456357179_f6b12f62b4_k.jpg\" data-object-fit=\"cover\" srcset=\"https:\/\/recto-vrso.com\/wp-content\/uploads\/2026\/01\/54456357179_f6b12f62b4_k.jpg 2047w, https:\/\/recto-vrso.com\/wp-content\/uploads\/2026\/01\/54456357179_f6b12f62b4_k-300x200.jpg 300w, https:\/\/recto-vrso.com\/wp-content\/uploads\/2026\/01\/54456357179_f6b12f62b4_k-1024x683.jpg 1024w, https:\/\/recto-vrso.com\/wp-content\/uploads\/2026\/01\/54456357179_f6b12f62b4_k-768x512.jpg 768w, https:\/\/recto-vrso.com\/wp-content\/uploads\/2026\/01\/54456357179_f6b12f62b4_k-1536x1024.jpg 1536w\" sizes=\"auto, (max-width: 2047px) 100vw, 2047px\" \/><div class=\"wp-block-cover__inner-container is-layout-flow wp-block-cover-is-layout-flow\">\n<h2 class=\"wp-block-heading has-text-align-center has-base-color has-text-color has-link-color has-large-font-size wp-elements-9b962c329a8f066e0f448a7541b158a1\">Need more<\/h2>\n\n\n\n<h2 class=\"wp-block-heading alignwide has-text-align-center has-base-color has-text-color has-link-color has-abril-fatface-font-family wp-elements-941717b6034103353ef9749412e82b42\" style=\"margin-top:0;margin-bottom:0;font-size:6.4vw\">informations?<\/h2>\n\n\n\n<div class=\"wp-block-buttons is-content-justification-center is-layout-flex wp-container-core-buttons-is-layout-1 wp-block-buttons-is-layout-flex\">\n<div class=\"wp-block-button is-style-negative-btn is-style-negative-btn--1\"><a class=\"wp-block-button__link has-base-color has-contrast-background-color has-text-color has-background has-link-color wp-element-button\" href=\"https:\/\/recto-vrso.com\/contact\/\" style=\"border-radius:10px\">Contact us!<\/a><\/div>\n<\/div>\n<\/div><\/div>\n\n<div style=\"height:50px\" aria-hidden=\"true\" class=\"wp-block-spacer\"><\/div>\n","protected":false},"excerpt":{"rendered":"<p>Recto VRso Comment venir ? The 8th edition of the Recto VRso festival will take place entirely at Le Quarante, located at 40 Rue du Britais in Laval (France), as [&hellip;]<\/p>\n","protected":false},"author":6,"featured_media":2872,"parent":0,"menu_order":0,"comment_status":"closed","ping_status":"closed","template":"","meta":{"_acf_changed":false,"content-type":"","footnotes":""},"class_list":["post-2875","page","type-page","status-publish","has-post-thumbnail","hentry"],"acf":[],"yoast_head":"<!-- This site is optimized with the Yoast SEO plugin v26.8 - https:\/\/yoast.com\/product\/yoast-seo-wordpress\/ -->\n<title>Prepare your visit - Recto VRso<\/title>\n<meta name=\"robots\" content=\"index, follow, max-snippet:-1, max-image-preview:large, max-video-preview:-1\" \/>\n<link rel=\"canonical\" href=\"https:\/\/recto-vrso.com\/en\/prepare-your-visit\/\" \/>\n<meta property=\"og:locale\" content=\"en_US\" \/>\n<meta property=\"og:type\" content=\"article\" \/>\n<meta property=\"og:title\" content=\"Prepare your visit - Recto VRso\" \/>\n<meta property=\"og:description\" content=\"Recto VRso Comment venir ? The 8th edition of the Recto VRso festival will take place entirely at Le Quarante, located at 40 Rue du Britais in Laval (France), as [&hellip;]\" \/>\n<meta property=\"og:url\" content=\"https:\/\/recto-vrso.com\/en\/prepare-your-visit\/\" \/>\n<meta property=\"og:site_name\" content=\"Recto VRso\" \/>\n<meta property=\"article:modified_time\" content=\"2026-01-23T14:36:21+00:00\" \/>\n<meta property=\"og:image\" content=\"https:\/\/recto-vrso.com\/wp-content\/uploads\/2023\/11\/Le-Quarante.jpeg\" \/>\n\t<meta property=\"og:image:width\" content=\"2048\" \/>\n\t<meta property=\"og:image:height\" content=\"970\" \/>\n\t<meta property=\"og:image:type\" content=\"image\/jpeg\" \/>\n<meta name=\"twitter:card\" content=\"summary_large_image\" \/>\n<meta name=\"twitter:label1\" content=\"Est. reading time\" \/>\n\t<meta name=\"twitter:data1\" content=\"1 minute\" \/>\n<script type=\"application\/ld+json\" class=\"yoast-schema-graph\">{\"@context\":\"https:\/\/schema.org\",\"@graph\":[{\"@type\":\"WebPage\",\"@id\":\"https:\/\/recto-vrso.com\/en\/prepare-your-visit\/\",\"url\":\"https:\/\/recto-vrso.com\/en\/prepare-your-visit\/\",\"name\":\"Prepare your visit - Recto VRso\",\"isPartOf\":{\"@id\":\"https:\/\/recto-vrso.com\/#website\"},\"primaryImageOfPage\":{\"@id\":\"https:\/\/recto-vrso.com\/en\/prepare-your-visit\/#primaryimage\"},\"image\":{\"@id\":\"https:\/\/recto-vrso.com\/en\/prepare-your-visit\/#primaryimage\"},\"thumbnailUrl\":\"https:\/\/recto-vrso.com\/wp-content\/uploads\/2023\/11\/Le-Quarante.jpeg\",\"datePublished\":\"2023-11-03T12:33:35+00:00\",\"dateModified\":\"2026-01-23T14:36:21+00:00\",\"inLanguage\":\"en-US\",\"potentialAction\":[{\"@type\":\"ReadAction\",\"target\":[\"https:\/\/recto-vrso.com\/en\/prepare-your-visit\/\"]}]},{\"@type\":\"ImageObject\",\"inLanguage\":\"en-US\",\"@id\":\"https:\/\/recto-vrso.com\/en\/prepare-your-visit\/#primaryimage\",\"url\":\"https:\/\/recto-vrso.com\/wp-content\/uploads\/2023\/11\/Le-Quarante.jpeg\",\"contentUrl\":\"https:\/\/recto-vrso.com\/wp-content\/uploads\/2023\/11\/Le-Quarante.jpeg\",\"width\":2048,\"height\":970},{\"@type\":\"WebSite\",\"@id\":\"https:\/\/recto-vrso.com\/#website\",\"url\":\"https:\/\/recto-vrso.com\/\",\"name\":\"Recto VRso\",\"description\":\"\",\"potentialAction\":[{\"@type\":\"SearchAction\",\"target\":{\"@type\":\"EntryPoint\",\"urlTemplate\":\"https:\/\/recto-vrso.com\/?s={search_term_string}\"},\"query-input\":{\"@type\":\"PropertyValueSpecification\",\"valueRequired\":true,\"valueName\":\"search_term_string\"}}],\"inLanguage\":\"en-US\"}]}<\/script>\n<!-- \/ Yoast SEO plugin. -->","yoast_head_json":{"title":"Prepare your visit - Recto VRso","robots":{"index":"index","follow":"follow","max-snippet":"max-snippet:-1","max-image-preview":"max-image-preview:large","max-video-preview":"max-video-preview:-1"},"canonical":"https:\/\/recto-vrso.com\/en\/prepare-your-visit\/","og_locale":"en_US","og_type":"article","og_title":"Prepare your visit - Recto VRso","og_description":"Recto VRso Comment venir ? The 8th edition of the Recto VRso festival will take place entirely at Le Quarante, located at 40 Rue du Britais in Laval (France), as [&hellip;]","og_url":"https:\/\/recto-vrso.com\/en\/prepare-your-visit\/","og_site_name":"Recto VRso","article_modified_time":"2026-01-23T14:36:21+00:00","og_image":[{"width":2048,"height":970,"url":"https:\/\/recto-vrso.com\/wp-content\/uploads\/2023\/11\/Le-Quarante.jpeg","type":"image\/jpeg"}],"twitter_card":"summary_large_image","twitter_misc":{"Est. reading time":"1 minute"},"schema":{"@context":"https:\/\/schema.org","@graph":[{"@type":"WebPage","@id":"https:\/\/recto-vrso.com\/en\/prepare-your-visit\/","url":"https:\/\/recto-vrso.com\/en\/prepare-your-visit\/","name":"Prepare your visit - Recto VRso","isPartOf":{"@id":"https:\/\/recto-vrso.com\/#website"},"primaryImageOfPage":{"@id":"https:\/\/recto-vrso.com\/en\/prepare-your-visit\/#primaryimage"},"image":{"@id":"https:\/\/recto-vrso.com\/en\/prepare-your-visit\/#primaryimage"},"thumbnailUrl":"https:\/\/recto-vrso.com\/wp-content\/uploads\/2023\/11\/Le-Quarante.jpeg","datePublished":"2023-11-03T12:33:35+00:00","dateModified":"2026-01-23T14:36:21+00:00","inLanguage":"en-US","potentialAction":[{"@type":"ReadAction","target":["https:\/\/recto-vrso.com\/en\/prepare-your-visit\/"]}]},{"@type":"ImageObject","inLanguage":"en-US","@id":"https:\/\/recto-vrso.com\/en\/prepare-your-visit\/#primaryimage","url":"https:\/\/recto-vrso.com\/wp-content\/uploads\/2023\/11\/Le-Quarante.jpeg","contentUrl":"https:\/\/recto-vrso.com\/wp-content\/uploads\/2023\/11\/Le-Quarante.jpeg","width":2048,"height":970},{"@type":"WebSite","@id":"https:\/\/recto-vrso.com\/#website","url":"https:\/\/recto-vrso.com\/","name":"Recto VRso","description":"","potentialAction":[{"@type":"SearchAction","target":{"@type":"EntryPoint","urlTemplate":"https:\/\/recto-vrso.com\/?s={search_term_string}"},"query-input":{"@type":"PropertyValueSpecification","valueRequired":true,"valueName":"search_term_string"}}],"inLanguage":"en-US"}]}},"_links":{"self":[{"href":"https:\/\/recto-vrso.com\/en\/wp-json\/wp\/v2\/pages\/2875","targetHints":{"allow":["GET"]}}],"collection":[{"href":"https:\/\/recto-vrso.com\/en\/wp-json\/wp\/v2\/pages"}],"about":[{"href":"https:\/\/recto-vrso.com\/en\/wp-json\/wp\/v2\/types\/page"}],"author":[{"embeddable":true,"href":"https:\/\/recto-vrso.com\/en\/wp-json\/wp\/v2\/users\/6"}],"replies":[{"embeddable":true,"href":"https:\/\/recto-vrso.com\/en\/wp-json\/wp\/v2\/comments?post=2875"}],"version-history":[{"count":16,"href":"https:\/\/recto-vrso.com\/en\/wp-json\/wp\/v2\/pages\/2875\/revisions"}],"predecessor-version":[{"id":6718,"href":"https:\/\/recto-vrso.com\/en\/wp-json\/wp\/v2\/pages\/2875\/revisions\/6718"}],"wp:featuredmedia":[{"embeddable":true,"href":"https:\/\/recto-vrso.com\/en\/wp-json\/wp\/v2\/media\/2872"}],"wp:attachment":[{"href":"https:\/\/recto-vrso.com\/en\/wp-json\/wp\/v2\/media?parent=2875"}],"curies":[{"name":"wp","href":"https:\/\/api.w.org\/{rel}","templated":true}]}}