{"id":1520,"date":"2023-03-09T11:21:24","date_gmt":"2023-03-09T10:21:24","guid":{"rendered":"https:\/\/recto-vrso.com\/le-magicien-sans-ombre\/"},"modified":"2023-03-20T17:01:45","modified_gmt":"2023-03-20T16:01:45","slug":"le-magicien-sans-ombre","status":"publish","type":"page","link":"https:\/\/recto-vrso.com\/en\/le-magicien-sans-ombre\/","title":{"rendered":"Le magicien sans ombre"},"content":{"rendered":"\n<section class=\"banner alignfull \" style=\"background-image: url(https:\/\/recto-vrso.com\/wp-content\/uploads\/2023\/03\/magicien.jpg)\">>\n        <div class=\"container\">\n        <div class=\"content\">\n            <h1>\n                Le magicien sans ombre            <\/h1>\n                        <p>\n                            <\/p>\n                                <\/div>\n    <\/div>\n<\/section>\n<div style=\"height:45px\" aria-hidden=\"true\" class=\"wp-block-spacer\"><\/div>\n\n<div class=\"wp-block-media-text alignwide is-stacked-on-mobile\" style=\"grid-template-columns:51% auto\"><figure class=\"wp-block-media-text__media\"><img loading=\"lazy\" decoding=\"async\" width=\"758\" height=\"527\" src=\"https:\/\/recto-vrso.com\/wp-content\/uploads\/sites\/2\/2023\/03\/Capture.jpg\" alt=\"\" class=\"wp-image-1114 size-full\" srcset=\"https:\/\/recto-vrso.com\/wp-content\/uploads\/2023\/03\/Capture.jpg 758w, https:\/\/recto-vrso.com\/wp-content\/uploads\/2023\/03\/Capture-300x209.jpg 300w\" sizes=\"auto, (max-width: 758px) 100vw, 758px\" \/><\/figure><div class=\"wp-block-media-text__content\">\n<p><em><strong>Le magicien sans ombre<\/strong><\/em> &#8211; Atelier-spectacle<\/p>\n\n\n\n<p><strong>Conception, direction, script and digital programming <\/strong>: Anastasiia Ternova<\/p>\n\n\n\n<p><strong>Actor<\/strong> : Na\u00ebl Bernard<\/p>\n\n\n\n<p><strong>Design, scenography, programming and digital control<\/strong> : Justine Waller<\/p>\n\n\n\n<p><strong>Movement capture :<\/strong> remi.g <\/p>\n\n\n\n<p><strong>Collaboration on the script<\/strong> : Julia Grosjean<\/p>\n\n\n\n<p><strong>Collaboration in digital development<\/strong> : Georges Gagner\u00e9<\/p>\n\n\n\n<p><strong>Production <\/strong>: didascalie.net with the support of the city of Villiers-le-Bel<\/p>\n<\/div><\/div>\n\n<div class=\"wp-block-media-text alignwide has-media-on-the-right is-stacked-on-mobile\"><div class=\"wp-block-media-text__content\">\n<p>Jaimie embodies for us the joy of life and curiosity. Thanks to his non-standardized thinking, he is able to see the situation from a distance and find a solution that no one else had imagined before. It seems to us that this is a very current message, in a world that is changing very rapidly and requires constant lucidity and inventiveness. We want to share this spirit of courage, adventure and self-confidence with the audience, and first and foremost with the children who need the most encouragement to grow their spirit and flourish. On the other hand, Jaimie&#8217;s important quality is responsibility. Like other children, he experiences fear, insecurity, lack of self-confidence, but unlike them, he does not rely on luck. While remaining light in spirit and not taking life too seriously, he chooses to be courageous, to take risks. He takes responsibility for his choices, which makes him grow up mentally faster than others.<strong><br\/><\/strong><\/p>\n\n\n\n<p><\/p>\n<\/div><figure class=\"wp-block-media-text__media\"><img loading=\"lazy\" decoding=\"async\" width=\"762\" height=\"1024\" src=\"https:\/\/recto-vrso.com\/wp-content\/uploads\/sites\/2\/2023\/03\/Sans-titre-2-762x1024.jpg\" alt=\"\" class=\"wp-image-1118 size-full\" srcset=\"https:\/\/recto-vrso.com\/wp-content\/uploads\/2023\/03\/Sans-titre-2-762x1024.jpg 762w, https:\/\/recto-vrso.com\/wp-content\/uploads\/2023\/03\/Sans-titre-2-223x300.jpg 223w, https:\/\/recto-vrso.com\/wp-content\/uploads\/2023\/03\/Sans-titre-2-768x1033.jpg 768w, https:\/\/recto-vrso.com\/wp-content\/uploads\/2023\/03\/Sans-titre-2-1142x1536.jpg 1142w, https:\/\/recto-vrso.com\/wp-content\/uploads\/2023\/03\/Sans-titre-2.jpg 1190w\" sizes=\"auto, (max-width: 762px) 100vw, 762px\" \/><\/figure><\/div>\n\n<div style=\"height:71px\" aria-hidden=\"true\" class=\"wp-block-spacer\"><\/div>\n\n<h2 class=\"has-text-align-center has-gradient-1-gradient-background has-background wp-block-heading\">DURING RECTO VRSO 2023<\/h2>\n\n<div class=\"wp-block-columns is-layout-flex wp-container-core-columns-is-layout-1 wp-block-columns-is-layout-flex\">\n<div class=\"wp-block-column is-layout-flow wp-block-column-is-layout-flow\">\n<h5 class=\"has-text-align-center wp-block-heading\">ATELIER-SPECTACLE<\/h5>\n\n\n\n<p class=\"has-text-align-center\">Discover this 25-minute show followed by a 30-minute workshop at Le Quarante. Registration is free and subject to availability.<\/p>\n\n\n\n<p class=\"has-text-align-center\"><strong>Duration<\/strong>: 1h<\/p>\n\n\n\n<p class=\"has-text-align-center\"><strong>Number of attendees<\/strong> : 30<\/p>\n<\/div>\n<\/div>\n\n<div style=\"height:100px\" aria-hidden=\"true\" class=\"wp-block-spacer\"><\/div>\n\n<div class=\"wp-block-columns is-layout-flex wp-container-core-columns-is-layout-2 wp-block-columns-is-layout-flex\">\n<div class=\"wp-block-column is-layout-flow wp-block-column-is-layout-flow\">\n<figure class=\"wp-block-image aligncenter size-large is-resized\"><img loading=\"lazy\" decoding=\"async\" src=\"https:\/\/recto-vrso.com\/wp-content\/uploads\/sites\/2\/2023\/03\/Sans-titre-3-780x1024.jpg\" alt=\"\" class=\"wp-image-1120\" width=\"433\" height=\"568\" srcset=\"https:\/\/recto-vrso.com\/wp-content\/uploads\/2023\/03\/Sans-titre-3-780x1024.jpg 780w, https:\/\/recto-vrso.com\/wp-content\/uploads\/2023\/03\/Sans-titre-3-229x300.jpg 229w, https:\/\/recto-vrso.com\/wp-content\/uploads\/2023\/03\/Sans-titre-3-768x1008.jpg 768w, https:\/\/recto-vrso.com\/wp-content\/uploads\/2023\/03\/Sans-titre-3.jpg 1067w\" sizes=\"auto, (max-width: 433px) 100vw, 433px\" \/><figcaption class=\"wp-element-caption\"><strong><strong>Anastasiia Ternova<\/strong><\/strong> is a designer and director of shows involving the use of avatars, animated in real time in hybrid scenographies between physical space and virtual reality.<br\/>Between 2007 and 2016, she is an actor, sound\/light manager, assistant director, translator and interpreter, co-manager for international projects in Theatre na Zhukah (Kharkiv, Ukraine). Between 2017 and 2018, she is also an actor and assistant director in the company &#8220;En d\u00e9tails&#8221; (Paris, France).<br\/>Since 2017 his professional interests are focused around the development of the AvatarStaging platform, created by Georges Gagner\u00e9 and C\u00e9dric Plessiet. She participates in several projects, in collaboration with didascalie.net and Georges Gagner\u00e9, as a digital director and layout artist. She is involved in the development of the http:\/\/avatarstaging.eu website.<br\/>In 2019, she directs the show Patrick et V\u00e9nus, the result of a research-creation conducted as part of a master 2 she supports in the theater department of the University of Paris 8. She is currently preparing a doctorate on the use of avatars in the theatrical domain within the Digital Images and Virtual Reality team of the University of Paris 8<br\/><\/figcaption><\/figure>\n\n\n\n<div class=\"wp-block-buttons is-content-justification-center is-layout-flex wp-container-core-buttons-is-layout-1 wp-block-buttons-is-layout-flex\">\n<div class=\"wp-block-button is-style-outline is-style-outline--1\"><a class=\"wp-block-button__link wp-element-button\" href=\"https:\/\/www.linkedin.com\/in\/anastasiia-ternova-286299179\/?original_referer=https%3A%2F%2Fwww%2Egoogle%2Ecom%2F&amp;originalSubdomain=ua\" target=\"_blank\" rel=\"noreferrer noopener\">WEBSITE<\/a><\/div>\n<\/div>\n<\/div>\n<\/div>\n\n<div class=\"wp-block-columns is-layout-flex wp-container-core-columns-is-layout-3 wp-block-columns-is-layout-flex\">\n<div class=\"wp-block-column is-layout-flow wp-block-column-is-layout-flow\">\n<div class=\"wp-block-buttons is-content-justification-center is-layout-flex wp-container-core-buttons-is-layout-2 wp-block-buttons-is-layout-flex\"><\/div>\n<\/div>\n<\/div>\n\n<div class=\"wp-block-columns is-layout-flex wp-container-core-columns-is-layout-4 wp-block-columns-is-layout-flex\">\n<div class=\"wp-block-column is-layout-flow wp-block-column-is-layout-flow\">\n<div class=\"wp-block-buttons is-content-justification-center is-layout-flex wp-container-core-buttons-is-layout-3 wp-block-buttons-is-layout-flex\"><\/div>\n<\/div>\n<\/div>\n","protected":false},"excerpt":{"rendered":"<p>Le magicien sans ombre &#8211; Atelier-spectacle Conception, direction, script and digital programming : Anastasiia Ternova Actor : Na\u00ebl Bernard Design, scenography, programming and digital control : Justine Waller Movement capture [&hellip;]<\/p>\n","protected":false},"author":6,"featured_media":0,"parent":0,"menu_order":0,"comment_status":"closed","ping_status":"closed","template":"","meta":{"_acf_changed":false,"content-type":"","footnotes":""},"class_list":["post-1520","page","type-page","status-publish","hentry"],"acf":[],"yoast_head":"<!-- This site is optimized with the Yoast SEO plugin v26.8 - https:\/\/yoast.com\/product\/yoast-seo-wordpress\/ -->\n<title>Le magicien sans ombre - Recto VRso<\/title>\n<meta name=\"robots\" content=\"index, follow, max-snippet:-1, max-image-preview:large, max-video-preview:-1\" \/>\n<link rel=\"canonical\" href=\"https:\/\/recto-vrso.com\/en\/le-magicien-sans-ombre\/\" \/>\n<meta property=\"og:locale\" content=\"en_US\" \/>\n<meta property=\"og:type\" content=\"article\" \/>\n<meta property=\"og:title\" content=\"Le magicien sans ombre - Recto VRso\" \/>\n<meta property=\"og:description\" content=\"Le magicien sans ombre &#8211; Atelier-spectacle Conception, direction, script and digital programming : Anastasiia Ternova Actor : Na\u00ebl Bernard Design, scenography, programming and digital control : Justine Waller Movement capture [&hellip;]\" \/>\n<meta property=\"og:url\" content=\"https:\/\/recto-vrso.com\/en\/le-magicien-sans-ombre\/\" \/>\n<meta property=\"og:site_name\" content=\"Recto VRso\" \/>\n<meta property=\"article:modified_time\" content=\"2023-03-20T16:01:45+00:00\" \/>\n<meta property=\"og:image\" content=\"https:\/\/recto-vrso.com\/wp-content\/uploads\/sites\/2\/2023\/03\/Capture.jpg\" \/>\n<meta name=\"twitter:card\" content=\"summary_large_image\" \/>\n<meta name=\"twitter:label1\" content=\"Est. reading time\" \/>\n\t<meta name=\"twitter:data1\" content=\"2 minutes\" \/>\n<script type=\"application\/ld+json\" class=\"yoast-schema-graph\">{\"@context\":\"https:\/\/schema.org\",\"@graph\":[{\"@type\":\"WebPage\",\"@id\":\"https:\/\/recto-vrso.com\/en\/le-magicien-sans-ombre\/\",\"url\":\"https:\/\/recto-vrso.com\/en\/le-magicien-sans-ombre\/\",\"name\":\"Le magicien sans ombre - Recto VRso\",\"isPartOf\":{\"@id\":\"https:\/\/recto-vrso.com\/#website\"},\"primaryImageOfPage\":{\"@id\":\"https:\/\/recto-vrso.com\/en\/le-magicien-sans-ombre\/#primaryimage\"},\"image\":{\"@id\":\"https:\/\/recto-vrso.com\/en\/le-magicien-sans-ombre\/#primaryimage\"},\"thumbnailUrl\":\"https:\/\/recto-vrso.com\/wp-content\/uploads\/sites\/2\/2023\/03\/Capture.jpg\",\"datePublished\":\"2023-03-09T10:21:24+00:00\",\"dateModified\":\"2023-03-20T16:01:45+00:00\",\"inLanguage\":\"en-US\",\"potentialAction\":[{\"@type\":\"ReadAction\",\"target\":[\"https:\/\/recto-vrso.com\/en\/le-magicien-sans-ombre\/\"]}]},{\"@type\":\"ImageObject\",\"inLanguage\":\"en-US\",\"@id\":\"https:\/\/recto-vrso.com\/en\/le-magicien-sans-ombre\/#primaryimage\",\"url\":\"https:\/\/recto-vrso.com\/wp-content\/uploads\/sites\/2\/2023\/03\/Capture.jpg\",\"contentUrl\":\"https:\/\/recto-vrso.com\/wp-content\/uploads\/sites\/2\/2023\/03\/Capture.jpg\"},{\"@type\":\"WebSite\",\"@id\":\"https:\/\/recto-vrso.com\/#website\",\"url\":\"https:\/\/recto-vrso.com\/\",\"name\":\"Recto VRso\",\"description\":\"\",\"potentialAction\":[{\"@type\":\"SearchAction\",\"target\":{\"@type\":\"EntryPoint\",\"urlTemplate\":\"https:\/\/recto-vrso.com\/?s={search_term_string}\"},\"query-input\":{\"@type\":\"PropertyValueSpecification\",\"valueRequired\":true,\"valueName\":\"search_term_string\"}}],\"inLanguage\":\"en-US\"}]}<\/script>\n<!-- \/ Yoast SEO plugin. -->","yoast_head_json":{"title":"Le magicien sans ombre - Recto VRso","robots":{"index":"index","follow":"follow","max-snippet":"max-snippet:-1","max-image-preview":"max-image-preview:large","max-video-preview":"max-video-preview:-1"},"canonical":"https:\/\/recto-vrso.com\/en\/le-magicien-sans-ombre\/","og_locale":"en_US","og_type":"article","og_title":"Le magicien sans ombre - Recto VRso","og_description":"Le magicien sans ombre &#8211; Atelier-spectacle Conception, direction, script and digital programming : Anastasiia Ternova Actor : Na\u00ebl Bernard Design, scenography, programming and digital control : Justine Waller Movement capture [&hellip;]","og_url":"https:\/\/recto-vrso.com\/en\/le-magicien-sans-ombre\/","og_site_name":"Recto VRso","article_modified_time":"2023-03-20T16:01:45+00:00","og_image":[{"url":"https:\/\/recto-vrso.com\/wp-content\/uploads\/sites\/2\/2023\/03\/Capture.jpg","type":"","width":"","height":""}],"twitter_card":"summary_large_image","twitter_misc":{"Est. reading time":"2 minutes"},"schema":{"@context":"https:\/\/schema.org","@graph":[{"@type":"WebPage","@id":"https:\/\/recto-vrso.com\/en\/le-magicien-sans-ombre\/","url":"https:\/\/recto-vrso.com\/en\/le-magicien-sans-ombre\/","name":"Le magicien sans ombre - Recto VRso","isPartOf":{"@id":"https:\/\/recto-vrso.com\/#website"},"primaryImageOfPage":{"@id":"https:\/\/recto-vrso.com\/en\/le-magicien-sans-ombre\/#primaryimage"},"image":{"@id":"https:\/\/recto-vrso.com\/en\/le-magicien-sans-ombre\/#primaryimage"},"thumbnailUrl":"https:\/\/recto-vrso.com\/wp-content\/uploads\/sites\/2\/2023\/03\/Capture.jpg","datePublished":"2023-03-09T10:21:24+00:00","dateModified":"2023-03-20T16:01:45+00:00","inLanguage":"en-US","potentialAction":[{"@type":"ReadAction","target":["https:\/\/recto-vrso.com\/en\/le-magicien-sans-ombre\/"]}]},{"@type":"ImageObject","inLanguage":"en-US","@id":"https:\/\/recto-vrso.com\/en\/le-magicien-sans-ombre\/#primaryimage","url":"https:\/\/recto-vrso.com\/wp-content\/uploads\/sites\/2\/2023\/03\/Capture.jpg","contentUrl":"https:\/\/recto-vrso.com\/wp-content\/uploads\/sites\/2\/2023\/03\/Capture.jpg"},{"@type":"WebSite","@id":"https:\/\/recto-vrso.com\/#website","url":"https:\/\/recto-vrso.com\/","name":"Recto VRso","description":"","potentialAction":[{"@type":"SearchAction","target":{"@type":"EntryPoint","urlTemplate":"https:\/\/recto-vrso.com\/?s={search_term_string}"},"query-input":{"@type":"PropertyValueSpecification","valueRequired":true,"valueName":"search_term_string"}}],"inLanguage":"en-US"}]}},"_links":{"self":[{"href":"https:\/\/recto-vrso.com\/en\/wp-json\/wp\/v2\/pages\/1520","targetHints":{"allow":["GET"]}}],"collection":[{"href":"https:\/\/recto-vrso.com\/en\/wp-json\/wp\/v2\/pages"}],"about":[{"href":"https:\/\/recto-vrso.com\/en\/wp-json\/wp\/v2\/types\/page"}],"author":[{"embeddable":true,"href":"https:\/\/recto-vrso.com\/en\/wp-json\/wp\/v2\/users\/6"}],"replies":[{"embeddable":true,"href":"https:\/\/recto-vrso.com\/en\/wp-json\/wp\/v2\/comments?post=1520"}],"version-history":[{"count":3,"href":"https:\/\/recto-vrso.com\/en\/wp-json\/wp\/v2\/pages\/1520\/revisions"}],"predecessor-version":[{"id":1523,"href":"https:\/\/recto-vrso.com\/en\/wp-json\/wp\/v2\/pages\/1520\/revisions\/1523"}],"wp:attachment":[{"href":"https:\/\/recto-vrso.com\/en\/wp-json\/wp\/v2\/media?parent=1520"}],"curies":[{"name":"wp","href":"https:\/\/api.w.org\/{rel}","templated":true}]}}