{"id":1499,"date":"2023-03-09T10:59:20","date_gmt":"2023-03-09T09:59:20","guid":{"rendered":"https:\/\/recto-vrso.com\/tout-ce-qui-a-une-forme-est-irreel\/"},"modified":"2023-03-20T16:10:22","modified_gmt":"2023-03-20T15:10:22","slug":"tout-ce-qui-a-une-forme-est-irreel","status":"publish","type":"page","link":"https:\/\/recto-vrso.com\/en\/tout-ce-qui-a-une-forme-est-irreel\/","title":{"rendered":"Tout ce qui a une forme est irr\u00e9el"},"content":{"rendered":"\n<section class=\"banner alignfull \" style=\"background-image: url(https:\/\/recto-vrso.com\/wp-content\/uploads\/2023\/03\/Tout-ce-qui-a-une-forme-est-irreel-03.jpg)\">>\n        <div class=\"container\">\n        <div class=\"content\">\n            <h1>\n                Tout ce qui a une forme est irr\u00e9el            <\/h1>\n                        <p>\n                            <\/p>\n                                <\/div>\n    <\/div>\n<\/section>\n<div style=\"height:45px\" aria-hidden=\"true\" class=\"wp-block-spacer\"><\/div>\n\n<div class=\"wp-block-media-text alignwide is-stacked-on-mobile\"><figure class=\"wp-block-media-text__media\"><img loading=\"lazy\" decoding=\"async\" width=\"1024\" height=\"725\" src=\"https:\/\/recto-vrso.com\/wp-content\/uploads\/sites\/2\/2023\/03\/Tout-ce-qui-a-une-forme-est-irreel-03-1-1024x725.jpg\" alt=\"\" class=\"wp-image-1103 size-full\" srcset=\"https:\/\/recto-vrso.com\/wp-content\/uploads\/2023\/03\/Tout-ce-qui-a-une-forme-est-irreel-03-1-1024x725.jpg 1024w, https:\/\/recto-vrso.com\/wp-content\/uploads\/2023\/03\/Tout-ce-qui-a-une-forme-est-irreel-03-1-300x212.jpg 300w, https:\/\/recto-vrso.com\/wp-content\/uploads\/2023\/03\/Tout-ce-qui-a-une-forme-est-irreel-03-1-768x543.jpg 768w, https:\/\/recto-vrso.com\/wp-content\/uploads\/2023\/03\/Tout-ce-qui-a-une-forme-est-irreel-03-1-1536x1087.jpg 1536w, https:\/\/recto-vrso.com\/wp-content\/uploads\/2023\/03\/Tout-ce-qui-a-une-forme-est-irreel-03-1.jpg 1754w\" sizes=\"auto, (max-width: 1024px) 100vw, 1024px\" \/><\/figure><div class=\"wp-block-media-text__content\">\n<p><em><strong>Tout ce qui a une forme est irr\u00e9el<\/strong><\/em><\/p>\n\n\n\n<p>2023<\/p>\n\n\n\n<p><strong>Artists<\/strong> : Chia-Chi Chiang<\/p>\n\n\n\n<p><strong>Co-artists : <\/strong>Rapha\u00ebl Isdant and Hung-HaoHsu<\/p>\n\n\n\n<p><strong>Partners \/ sponsors<\/strong> : Chia-Chun CHEN, Vinegar.House.tw : Bao-Fu CHANG<\/p>\n<\/div><\/div>\n\n<div class=\"wp-block-media-text alignwide has-media-on-the-right is-stacked-on-mobile\"><div class=\"wp-block-media-text__content\">\n<p><strong>&#8220;Tout ce qui a une forme est irr\u00e9el&#8221;<\/strong><\/p>\n\n\n\n<p>Everything in this world is going to disappear, so when we hear it, see it or even say it, it is only a momentary existence. The work is composed of two sculptures: The sound of the two microphones shows a projection of text (the action of the projection is like rain, it will disappear on the bowl, then the projected text will disappear (digital state). The calligraphy written on the board will disappear when the water evaporates (physical state). The meaning of &#8220;everything that has a form is unreal&#8221; does not mean something abstract and ambiguous; rather, it refers to all material objects or concrete and simple facts. When we experience something through our senses, all phenomena such as sound, smell, color and temperature can only be considered to exist because we have seen and heard them; more importantly, their existence depends on our perception and awareness. There is no absolute truth for nature itself. Nature changes every moment; &#8220;this&#8221; is constantly changing into &#8220;that&#8221;.<\/p>\n\n\n\n<p><\/p>\n<\/div><figure class=\"wp-block-media-text__media\"><img loading=\"lazy\" decoding=\"async\" width=\"1024\" height=\"576\" src=\"https:\/\/recto-vrso.com\/wp-content\/uploads\/sites\/2\/2023\/03\/Sans-titre-1-1024x576.jpg\" alt=\"\" class=\"wp-image-1105 size-full\" srcset=\"https:\/\/recto-vrso.com\/wp-content\/uploads\/2023\/03\/Sans-titre-1-1024x576.jpg 1024w, https:\/\/recto-vrso.com\/wp-content\/uploads\/2023\/03\/Sans-titre-1-300x169.jpg 300w, https:\/\/recto-vrso.com\/wp-content\/uploads\/2023\/03\/Sans-titre-1-768x432.jpg 768w, https:\/\/recto-vrso.com\/wp-content\/uploads\/2023\/03\/Sans-titre-1-1536x864.jpg 1536w, https:\/\/recto-vrso.com\/wp-content\/uploads\/2023\/03\/Sans-titre-1.jpg 1632w\" sizes=\"auto, (max-width: 1024px) 100vw, 1024px\" \/><\/figure><\/div>\n\n<div style=\"height:71px\" aria-hidden=\"true\" class=\"wp-block-spacer\"><\/div>\n\n<h2 class=\"has-text-align-center has-gradient-1-gradient-background has-background wp-block-heading\">DURING RECTO VRSO 2023<\/h2>\n\n<div class=\"wp-block-columns is-layout-flex wp-container-core-columns-is-layout-1 wp-block-columns-is-layout-flex\">\n<div class=\"wp-block-column is-layout-flow wp-block-column-is-layout-flow\">\n<h5 class=\"has-text-align-center wp-block-heading\">INTERACTIVE Installation<\/h5>\n\n\n\n<p class=\"has-text-align-center\">Discover the interactive work through sound and gesture <em>Tout ce qui a une forme est irr\u00e9el<\/em> every day from Wednesday to Sunday at Espace Mayenne.<\/p>\n\n\n\n<p class=\"has-text-align-center\"><strong>Duration<\/strong>: 10 minutes<\/p>\n\n\n\n<p class=\"has-text-align-center\"><strong>Number of attendees<\/strong> : 2<\/p>\n<\/div>\n<\/div>\n\n<div style=\"height:100px\" aria-hidden=\"true\" class=\"wp-block-spacer\"><\/div>\n\n<div class=\"wp-block-columns is-layout-flex wp-container-core-columns-is-layout-2 wp-block-columns-is-layout-flex\">\n<div class=\"wp-block-column is-layout-flow wp-block-column-is-layout-flow\">\n<figure class=\"wp-block-image aligncenter size-full is-resized\"><img loading=\"lazy\" decoding=\"async\" src=\"https:\/\/recto-vrso.com\/wp-content\/uploads\/sites\/2\/2023\/03\/chia-chi-chiang.jpg\" alt=\"\" class=\"wp-image-1107\" width=\"237\" height=\"280\"\/><figcaption class=\"wp-element-caption\">Doctoral student in Digital Images at the INReV laboratory under the supervision of Professor Chu-Yin Chen, Chia-Chi Chiang is particularly interested in the representation of the human body through new technologies. Combining the practices and theories of Chinese medicine, his research focuses on the artistic potential offered in the representation of networks and blood vessels. Former student of ENSAB (Atelier Guillaume Paris \/ Jean-Luc Vilmouth), she created a series of performances by staging her own body. His approaches aim to raise questions of social structure and cultural phenomena.<br\/>Traveling artist Chia-Chi Chian&#8217;s work focuses on the use of emotion, the Internet, distance between bodies, desire, and the use of media or digital interfaces to present work. The human entrepreneurial spirit seeks sincere emotional contact. <\/figcaption><\/figure>\n\n\n\n<div class=\"wp-block-buttons is-content-justification-center is-layout-flex wp-container-core-buttons-is-layout-1 wp-block-buttons-is-layout-flex\">\n<div class=\"wp-block-button is-style-outline is-style-outline--1\"><a class=\"wp-block-button__link wp-element-button\" href=\"https:\/\/www.linkedin.com\/in\/chia-chi-chiang-2167b031\/?originalSubdomain=fr\" target=\"_blank\" rel=\"noreferrer noopener\">WEBSITE<\/a><\/div>\n<\/div>\n<\/div>\n<\/div>\n\n<div class=\"wp-block-columns is-layout-flex wp-container-core-columns-is-layout-3 wp-block-columns-is-layout-flex\">\n<div class=\"wp-block-column is-layout-flow wp-block-column-is-layout-flow\">\n<div class=\"wp-block-buttons is-content-justification-center is-layout-flex wp-container-core-buttons-is-layout-2 wp-block-buttons-is-layout-flex\"><\/div>\n<\/div>\n<\/div>\n\n<div class=\"wp-block-columns is-layout-flex wp-container-core-columns-is-layout-4 wp-block-columns-is-layout-flex\">\n<div class=\"wp-block-column is-layout-flow wp-block-column-is-layout-flow\">\n<div class=\"wp-block-buttons is-content-justification-center is-layout-flex wp-container-core-buttons-is-layout-3 wp-block-buttons-is-layout-flex\"><\/div>\n<\/div>\n<\/div>\n","protected":false},"excerpt":{"rendered":"<p>Tout ce qui a une forme est irr\u00e9el 2023 Artists : Chia-Chi Chiang Co-artists : Rapha\u00ebl Isdant and Hung-HaoHsu Partners \/ sponsors : Chia-Chun CHEN, Vinegar.House.tw : Bao-Fu CHANG &#8220;Tout [&hellip;]<\/p>\n","protected":false},"author":6,"featured_media":0,"parent":0,"menu_order":0,"comment_status":"closed","ping_status":"closed","template":"","meta":{"_acf_changed":false,"content-type":"","footnotes":""},"class_list":["post-1499","page","type-page","status-publish","hentry"],"acf":[],"yoast_head":"<!-- This site is optimized with the Yoast SEO plugin v26.8 - https:\/\/yoast.com\/product\/yoast-seo-wordpress\/ -->\n<title>Tout ce qui a une forme est irr\u00e9el - Recto VRso<\/title>\n<meta name=\"robots\" content=\"index, follow, max-snippet:-1, max-image-preview:large, max-video-preview:-1\" \/>\n<link rel=\"canonical\" href=\"https:\/\/recto-vrso.com\/en\/tout-ce-qui-a-une-forme-est-irreel\/\" \/>\n<meta property=\"og:locale\" content=\"en_US\" \/>\n<meta property=\"og:type\" content=\"article\" \/>\n<meta property=\"og:title\" content=\"Tout ce qui a une forme est irr\u00e9el - Recto VRso\" \/>\n<meta property=\"og:description\" content=\"Tout ce qui a une forme est irr\u00e9el 2023 Artists : Chia-Chi Chiang Co-artists : Rapha\u00ebl Isdant and Hung-HaoHsu Partners \/ sponsors : Chia-Chun CHEN, Vinegar.House.tw : Bao-Fu CHANG &#8220;Tout [&hellip;]\" \/>\n<meta property=\"og:url\" content=\"https:\/\/recto-vrso.com\/en\/tout-ce-qui-a-une-forme-est-irreel\/\" \/>\n<meta property=\"og:site_name\" content=\"Recto VRso\" \/>\n<meta property=\"article:modified_time\" content=\"2023-03-20T15:10:22+00:00\" \/>\n<meta property=\"og:image\" content=\"https:\/\/recto-vrso.com\/wp-content\/uploads\/sites\/2\/2023\/03\/Tout-ce-qui-a-une-forme-est-irreel-03-1-1024x725.jpg\" \/>\n<meta name=\"twitter:card\" content=\"summary_large_image\" \/>\n<meta name=\"twitter:label1\" content=\"Est. reading time\" \/>\n\t<meta name=\"twitter:data1\" content=\"2 minutes\" \/>\n<script type=\"application\/ld+json\" class=\"yoast-schema-graph\">{\"@context\":\"https:\/\/schema.org\",\"@graph\":[{\"@type\":\"WebPage\",\"@id\":\"https:\/\/recto-vrso.com\/en\/tout-ce-qui-a-une-forme-est-irreel\/\",\"url\":\"https:\/\/recto-vrso.com\/en\/tout-ce-qui-a-une-forme-est-irreel\/\",\"name\":\"Tout ce qui a une forme est irr\u00e9el - Recto VRso\",\"isPartOf\":{\"@id\":\"https:\/\/recto-vrso.com\/#website\"},\"primaryImageOfPage\":{\"@id\":\"https:\/\/recto-vrso.com\/en\/tout-ce-qui-a-une-forme-est-irreel\/#primaryimage\"},\"image\":{\"@id\":\"https:\/\/recto-vrso.com\/en\/tout-ce-qui-a-une-forme-est-irreel\/#primaryimage\"},\"thumbnailUrl\":\"https:\/\/recto-vrso.com\/wp-content\/uploads\/sites\/2\/2023\/03\/Tout-ce-qui-a-une-forme-est-irreel-03-1-1024x725.jpg\",\"datePublished\":\"2023-03-09T09:59:20+00:00\",\"dateModified\":\"2023-03-20T15:10:22+00:00\",\"inLanguage\":\"en-US\",\"potentialAction\":[{\"@type\":\"ReadAction\",\"target\":[\"https:\/\/recto-vrso.com\/en\/tout-ce-qui-a-une-forme-est-irreel\/\"]}]},{\"@type\":\"ImageObject\",\"inLanguage\":\"en-US\",\"@id\":\"https:\/\/recto-vrso.com\/en\/tout-ce-qui-a-une-forme-est-irreel\/#primaryimage\",\"url\":\"https:\/\/recto-vrso.com\/wp-content\/uploads\/sites\/2\/2023\/03\/Tout-ce-qui-a-une-forme-est-irreel-03-1-1024x725.jpg\",\"contentUrl\":\"https:\/\/recto-vrso.com\/wp-content\/uploads\/sites\/2\/2023\/03\/Tout-ce-qui-a-une-forme-est-irreel-03-1-1024x725.jpg\"},{\"@type\":\"WebSite\",\"@id\":\"https:\/\/recto-vrso.com\/#website\",\"url\":\"https:\/\/recto-vrso.com\/\",\"name\":\"Recto VRso\",\"description\":\"\",\"potentialAction\":[{\"@type\":\"SearchAction\",\"target\":{\"@type\":\"EntryPoint\",\"urlTemplate\":\"https:\/\/recto-vrso.com\/?s={search_term_string}\"},\"query-input\":{\"@type\":\"PropertyValueSpecification\",\"valueRequired\":true,\"valueName\":\"search_term_string\"}}],\"inLanguage\":\"en-US\"}]}<\/script>\n<!-- \/ Yoast SEO plugin. -->","yoast_head_json":{"title":"Tout ce qui a une forme est irr\u00e9el - Recto VRso","robots":{"index":"index","follow":"follow","max-snippet":"max-snippet:-1","max-image-preview":"max-image-preview:large","max-video-preview":"max-video-preview:-1"},"canonical":"https:\/\/recto-vrso.com\/en\/tout-ce-qui-a-une-forme-est-irreel\/","og_locale":"en_US","og_type":"article","og_title":"Tout ce qui a une forme est irr\u00e9el - Recto VRso","og_description":"Tout ce qui a une forme est irr\u00e9el 2023 Artists : Chia-Chi Chiang Co-artists : Rapha\u00ebl Isdant and Hung-HaoHsu Partners \/ sponsors : Chia-Chun CHEN, Vinegar.House.tw : Bao-Fu CHANG &#8220;Tout [&hellip;]","og_url":"https:\/\/recto-vrso.com\/en\/tout-ce-qui-a-une-forme-est-irreel\/","og_site_name":"Recto VRso","article_modified_time":"2023-03-20T15:10:22+00:00","og_image":[{"url":"https:\/\/recto-vrso.com\/wp-content\/uploads\/sites\/2\/2023\/03\/Tout-ce-qui-a-une-forme-est-irreel-03-1-1024x725.jpg","type":"","width":"","height":""}],"twitter_card":"summary_large_image","twitter_misc":{"Est. reading time":"2 minutes"},"schema":{"@context":"https:\/\/schema.org","@graph":[{"@type":"WebPage","@id":"https:\/\/recto-vrso.com\/en\/tout-ce-qui-a-une-forme-est-irreel\/","url":"https:\/\/recto-vrso.com\/en\/tout-ce-qui-a-une-forme-est-irreel\/","name":"Tout ce qui a une forme est irr\u00e9el - Recto VRso","isPartOf":{"@id":"https:\/\/recto-vrso.com\/#website"},"primaryImageOfPage":{"@id":"https:\/\/recto-vrso.com\/en\/tout-ce-qui-a-une-forme-est-irreel\/#primaryimage"},"image":{"@id":"https:\/\/recto-vrso.com\/en\/tout-ce-qui-a-une-forme-est-irreel\/#primaryimage"},"thumbnailUrl":"https:\/\/recto-vrso.com\/wp-content\/uploads\/sites\/2\/2023\/03\/Tout-ce-qui-a-une-forme-est-irreel-03-1-1024x725.jpg","datePublished":"2023-03-09T09:59:20+00:00","dateModified":"2023-03-20T15:10:22+00:00","inLanguage":"en-US","potentialAction":[{"@type":"ReadAction","target":["https:\/\/recto-vrso.com\/en\/tout-ce-qui-a-une-forme-est-irreel\/"]}]},{"@type":"ImageObject","inLanguage":"en-US","@id":"https:\/\/recto-vrso.com\/en\/tout-ce-qui-a-une-forme-est-irreel\/#primaryimage","url":"https:\/\/recto-vrso.com\/wp-content\/uploads\/sites\/2\/2023\/03\/Tout-ce-qui-a-une-forme-est-irreel-03-1-1024x725.jpg","contentUrl":"https:\/\/recto-vrso.com\/wp-content\/uploads\/sites\/2\/2023\/03\/Tout-ce-qui-a-une-forme-est-irreel-03-1-1024x725.jpg"},{"@type":"WebSite","@id":"https:\/\/recto-vrso.com\/#website","url":"https:\/\/recto-vrso.com\/","name":"Recto VRso","description":"","potentialAction":[{"@type":"SearchAction","target":{"@type":"EntryPoint","urlTemplate":"https:\/\/recto-vrso.com\/?s={search_term_string}"},"query-input":{"@type":"PropertyValueSpecification","valueRequired":true,"valueName":"search_term_string"}}],"inLanguage":"en-US"}]}},"_links":{"self":[{"href":"https:\/\/recto-vrso.com\/en\/wp-json\/wp\/v2\/pages\/1499","targetHints":{"allow":["GET"]}}],"collection":[{"href":"https:\/\/recto-vrso.com\/en\/wp-json\/wp\/v2\/pages"}],"about":[{"href":"https:\/\/recto-vrso.com\/en\/wp-json\/wp\/v2\/types\/page"}],"author":[{"embeddable":true,"href":"https:\/\/recto-vrso.com\/en\/wp-json\/wp\/v2\/users\/6"}],"replies":[{"embeddable":true,"href":"https:\/\/recto-vrso.com\/en\/wp-json\/wp\/v2\/comments?post=1499"}],"version-history":[{"count":2,"href":"https:\/\/recto-vrso.com\/en\/wp-json\/wp\/v2\/pages\/1499\/revisions"}],"predecessor-version":[{"id":1501,"href":"https:\/\/recto-vrso.com\/en\/wp-json\/wp\/v2\/pages\/1499\/revisions\/1501"}],"wp:attachment":[{"href":"https:\/\/recto-vrso.com\/en\/wp-json\/wp\/v2\/media?parent=1499"}],"curies":[{"name":"wp","href":"https:\/\/api.w.org\/{rel}","templated":true}]}}