{"id":1476,"date":"2023-03-07T15:04:15","date_gmt":"2023-03-07T14:04:15","guid":{"rendered":"https:\/\/recto-vrso.com\/hekkah-je-publie-donc-je-suis\/"},"modified":"2023-03-20T15:31:34","modified_gmt":"2023-03-20T14:31:34","slug":"hekkah-je-publie-donc-je-suis","status":"publish","type":"page","link":"https:\/\/recto-vrso.com\/en\/hekkah-je-publie-donc-je-suis\/","title":{"rendered":"Hekkah, je publie donc je suis"},"content":{"rendered":"\n<section class=\"banner alignfull \" style=\"background-image: url(https:\/\/recto-vrso.com\/wp-content\/uploads\/2023\/03\/pict00025.jpg)\">>\n        <div class=\"container\">\n        <div class=\"content\">\n            <h1>\n                Hekkah, je publie donc je suis            <\/h1>\n                        <p>\n                            <\/p>\n                                <\/div>\n    <\/div>\n<\/section>\n\n\n<div style=\"height:45px\" aria-hidden=\"true\" class=\"wp-block-spacer\"><\/div>\n\n\n\n<div class=\"wp-block-media-text alignwide is-stacked-on-mobile\"><figure class=\"wp-block-media-text__media\"><img loading=\"lazy\" decoding=\"async\" width=\"1024\" height=\"1024\" src=\"https:\/\/recto-vrso.com\/wp-content\/uploads\/sites\/2\/2023\/03\/pict00025-1-1024x1024.jpg\" alt=\"\" class=\"wp-image-1035 size-full\" srcset=\"https:\/\/recto-vrso.com\/wp-content\/uploads\/2023\/03\/pict00025-1-1024x1024.jpg 1024w, https:\/\/recto-vrso.com\/wp-content\/uploads\/2023\/03\/pict00025-1-300x300.jpg 300w, https:\/\/recto-vrso.com\/wp-content\/uploads\/2023\/03\/pict00025-1-150x150.jpg 150w, https:\/\/recto-vrso.com\/wp-content\/uploads\/2023\/03\/pict00025-1-768x768.jpg 768w, https:\/\/recto-vrso.com\/wp-content\/uploads\/2023\/03\/pict00025-1.jpg 1212w\" sizes=\"auto, (max-width: 1024px) 100vw, 1024px\" \/><\/figure><div class=\"wp-block-media-text__content\">\n<p><em><strong>Hekkah, je publie donc je suis<\/strong><\/em><\/p>\n\n\n\n<p>2010-2023, Interactive installation .<\/p>\n\n\n\n<p><strong>Artists<\/strong> : Rapha\u00ebl Isdant &amp; Thomas Cheneseau<\/p>\n\n\n\n<p><strong>Partners<\/strong> : Festival acc\u00e8s)s( cultures \u00e9lectroniques and Excelia Digital School<\/p>\n<\/div><\/div>\n\n\n\n<div class=\"wp-block-media-text alignwide has-media-on-the-right is-stacked-on-mobile\"><div class=\"wp-block-media-text__content\">\n<p><em><strong>Hekkah, je publie donc je suis<\/strong><\/em> is an interactive device created by Rapha\u00ebl Isdant and Thomas Cheneseau. The project proposes a connected digital mirror, reflecting visitors in the form of an avatar tattooed with texts from live exchanges produced by web communities. <em>Hekkah<\/em>, omniscient and curious digital entity, inhabits social networks in order to feed itself with the stories of our daily life.<br><br>The project consists of an interactive video installation and a twitter profile, which interact with each other, publish content and build new relationships online. Between fetishistic bot of the networks and informational sculpture, the project invites to a reflection on a social identity as much isolated as collective, reflection of a human community wishing to expose itself sometimes without limit. <em>Hekkah<\/em>(backwards Hakk\u00e9h or Hack\u00e9e?) develops moreover a questioning on the influence and the perenniality of the social platforms in order to exploit some drifts of it. <a href=\"https:\/\/twitter.com\/Hekkah_\">https:\/\/twitter.com\/Hekkah_<\/a><\/p>\n\n\n\n<p><\/p>\n<\/div><figure class=\"wp-block-media-text__media\"><img loading=\"lazy\" decoding=\"async\" width=\"688\" height=\"1024\" src=\"https:\/\/recto-vrso.com\/wp-content\/uploads\/sites\/2\/2023\/03\/Hehhak-twitter-screenshot-688x1024.png\" alt=\"\" class=\"wp-image-1037 size-full\" srcset=\"https:\/\/recto-vrso.com\/wp-content\/uploads\/2023\/03\/Hehhak-twitter-screenshot-688x1024.png 688w, https:\/\/recto-vrso.com\/wp-content\/uploads\/2023\/03\/Hehhak-twitter-screenshot-202x300.png 202w, https:\/\/recto-vrso.com\/wp-content\/uploads\/2023\/03\/Hehhak-twitter-screenshot-768x1143.png 768w, https:\/\/recto-vrso.com\/wp-content\/uploads\/2023\/03\/Hehhak-twitter-screenshot-1032x1536.png 1032w, https:\/\/recto-vrso.com\/wp-content\/uploads\/2023\/03\/Hehhak-twitter-screenshot.png 1200w\" sizes=\"auto, (max-width: 688px) 100vw, 688px\" \/><\/figure><\/div>\n\n\n\n<div style=\"height:71px\" aria-hidden=\"true\" class=\"wp-block-spacer\"><\/div>\n\n\n\n<h2 class=\"has-text-align-center has-gradient-1-gradient-background has-background wp-block-heading\">DURING RECTO VRSO 2023<\/h2>\n\n\n\n<div class=\"wp-block-columns is-layout-flex wp-container-core-columns-is-layout-1 wp-block-columns-is-layout-flex\">\n<div class=\"wp-block-column is-layout-flow wp-block-column-is-layout-flow\">\n<h5 class=\"has-text-align-center wp-block-heading\">Interactive installation<\/h5>\n\n\n\n<p class=\"has-text-align-center\">Discover the interactive installation <em>Hekkah, je publie donc je suis<\/em>, every day from Wednesday to Sunday at Espace Mayenne.<\/p>\n\n\n\n<p class=\"has-text-align-center\"><strong>Duration<\/strong>: 10 minutes<\/p>\n\n\n\n<p class=\"has-text-align-center\"><strong>Number of attendees<\/strong> : 1<\/p>\n<\/div>\n<\/div>\n\n\n\n<div style=\"height:100px\" aria-hidden=\"true\" class=\"wp-block-spacer\"><\/div>\n\n\n\n<div class=\"wp-block-columns is-layout-flex wp-container-core-columns-is-layout-2 wp-block-columns-is-layout-flex\">\n<div class=\"wp-block-column is-layout-flow wp-block-column-is-layout-flow\">\n<figure class=\"wp-block-image aligncenter size-full is-resized has-custom-border\"><img loading=\"lazy\" decoding=\"async\" src=\"http:\/\/recto-vrso.com\/wp-content\/uploads\/sites\/2\/2023\/02\/raphael.jpg\" alt=\"\" class=\"wp-image-102\" style=\"border-radius:0px\" width=\"306\" height=\"359\" srcset=\"https:\/\/recto-vrso.com\/wp-content\/uploads\/2023\/02\/raphael.jpg 457w, https:\/\/recto-vrso.com\/wp-content\/uploads\/2023\/02\/raphael-255x300.jpg 255w\" sizes=\"auto, (max-width: 306px) 100vw, 306px\" \/><figcaption class=\"wp-element-caption\"><strong>Rapha\u00ebl Isdant<\/strong> is an artist, teacher and designer of interactive experiences.<br><br>In his work, he explores the fragilities of our time linked to the instabilities of digital technology. His practice makes emerge the sensitive territories of the apparent world with that more obscure of the networks. He realized a device to photograph the ghosts of extinct animals according to the red list of the IUCN, a digital heart beating to the rhythm of the seismic activity, an avatar in search of an identity on facebook, a virtual platform linking the children bubbles of the hospitals, or an oracle on the human relations from twitter.<br><br>Since 2009, he teaches interactive scripting at the digital pole of the Beaux Arts de Paris and regula(<a href=\"https:\/\/www.u-picardie.fr\/\">UPJV<\/a>, <a href=\"https:\/\/www.ecv.fr\/lecole\/les-campus\/paris\/\">ECV<\/a>, <a href=\"https:\/\/epsaa.fr\/\">EPSAA<\/a>, <a href=\"https:\/\/eur-artec.fr\/\">EUR ArTec<\/a>&#8230;) and in Asia (<a href=\"https:\/\/seu.edu.bd\/\">SouthEast University <\/a>University in Nanjing in China, <a href=\"https:\/\/eng-www.ksu.edu.tw\/\">Kun Shan<\/a> and <a href=\"https:\/\/www.usc.edu.tw\/\">Shih Chien<\/a> in Taiwan\u2026).<br><br>With the creative studio <a href=\"https:\/\/www.activecreativedesign.com\/\">Active Creative Design<\/a>, he creates innovative scenographic devices, confronting design and new technologies for museums (Cit\u00e9 des sciences, Palais de la d\u00e9couverte, mus\u00e9e de l&#8217;homme&#8230;).<br><\/figcaption><\/figure>\n\n\n\n<div class=\"wp-block-buttons is-content-justification-center is-layout-flex wp-container-core-buttons-is-layout-1 wp-block-buttons-is-layout-flex\">\n<div class=\"wp-block-button is-style-outline is-style-outline--1\"><a class=\"wp-block-button__link wp-element-button\" href=\"https:\/\/www.raphaelisdant.fr\/\" target=\"_blank\" rel=\"noreferrer noopener\">WEBSITE<\/a><\/div>\n<\/div>\n<\/div>\n\n\n\n<div class=\"wp-block-column is-layout-flow wp-block-column-is-layout-flow\">\n<figure class=\"wp-block-image aligncenter size-large is-resized\"><img loading=\"lazy\" decoding=\"async\" src=\"http:\/\/recto-vrso.com\/wp-content\/uploads\/sites\/2\/2023\/02\/portrait-cheneseau-860x1024.jpg\" alt=\"\" class=\"wp-image-107\" width=\"299\" height=\"356\" srcset=\"https:\/\/recto-vrso.com\/wp-content\/uploads\/2023\/02\/portrait-cheneseau-860x1024.jpg 860w, https:\/\/recto-vrso.com\/wp-content\/uploads\/2023\/02\/portrait-cheneseau-252x300.jpg 252w, https:\/\/recto-vrso.com\/wp-content\/uploads\/2023\/02\/portrait-cheneseau-768x914.jpg 768w, https:\/\/recto-vrso.com\/wp-content\/uploads\/2023\/02\/portrait-cheneseau-1290x1536.jpg 1290w, https:\/\/recto-vrso.com\/wp-content\/uploads\/2023\/02\/portrait-cheneseau-1720x2048.jpg 1720w\" sizes=\"auto, (max-width: 299px) 100vw, 299px\" \/><figcaption class=\"wp-element-caption\"><strong>Thomas Cheneseau<\/strong> is an artist, curator and teacher. It is with his hijackings of social networks that he begins his work by producing series of screenshots and performative activities online. In 2011 he made his mark by creating and marketing the Facebook profile of Marcel Duchamp. His research began at the \u00c9cole Nationale Sup\u00e9rieure des Arts D\u00e9coratifs de Paris and has resulted in ambitious projects. In 2012 with ARTE he curated and launched the first SuPer Art Modern Museum project, as well as curated the Transnum\u00e9riques in Brussels. In 2016 the DRAC Nouvelle-Aquitaine commissioned him to be the artistic director of the exhibition Unlike&#8221; in Poitiers, and he is an associate curator of the Festival acces)s( in 2020. He is invited as a member of the New Media jury for the OPLINEPRIZE contemporary art prize 2021 edition. He teaches visual culture and technology, as well as advanced generative AI practice at Excelia digital school.<br><\/figcaption><\/figure>\n\n\n\n<div class=\"wp-block-buttons is-content-justification-center is-layout-flex wp-container-core-buttons-is-layout-2 wp-block-buttons-is-layout-flex\">\n<div class=\"wp-block-button is-style-outline is-style-outline--2\"><a class=\"wp-block-button__link wp-element-button\" href=\"https:\/\/thomascheneseau.com\/\" target=\"_blank\" rel=\"noreferrer noopener\">WEBSITE<\/a><\/div>\n<\/div>\n<\/div>\n<\/div>\n\n\n\n<div class=\"wp-block-columns is-layout-flex wp-container-core-columns-is-layout-3 wp-block-columns-is-layout-flex\">\n<div class=\"wp-block-column is-layout-flow wp-block-column-is-layout-flow\">\n<div class=\"wp-block-buttons is-content-justification-center is-layout-flex wp-container-core-buttons-is-layout-3 wp-block-buttons-is-layout-flex\"><\/div>\n<\/div>\n<\/div>\n\n\n\n<div class=\"wp-block-columns is-layout-flex wp-container-core-columns-is-layout-4 wp-block-columns-is-layout-flex\">\n<div class=\"wp-block-column is-layout-flow wp-block-column-is-layout-flow\">\n<div class=\"wp-block-buttons is-content-justification-center is-layout-flex wp-container-core-buttons-is-layout-4 wp-block-buttons-is-layout-flex\"><\/div>\n<\/div>\n<\/div>\n","protected":false},"excerpt":{"rendered":"<p>Hekkah, je publie donc je suis 2010-2023, Interactive installation . Artists : Rapha\u00ebl Isdant &amp; Thomas Cheneseau Partners : Festival acc\u00e8s)s( cultures \u00e9lectroniques and Excelia Digital School Hekkah, je publie [&hellip;]<\/p>\n","protected":false},"author":6,"featured_media":0,"parent":0,"menu_order":0,"comment_status":"closed","ping_status":"closed","template":"","meta":{"_acf_changed":false,"content-type":"","footnotes":""},"class_list":["post-1476","page","type-page","status-publish","hentry"],"acf":[],"yoast_head":"<!-- This site is optimized with the Yoast SEO plugin v26.8 - https:\/\/yoast.com\/product\/yoast-seo-wordpress\/ -->\n<title>Hekkah, je publie donc je suis - Recto VRso<\/title>\n<meta name=\"robots\" content=\"index, follow, max-snippet:-1, max-image-preview:large, max-video-preview:-1\" \/>\n<link rel=\"canonical\" href=\"https:\/\/recto-vrso.com\/en\/hekkah-je-publie-donc-je-suis\/\" \/>\n<meta property=\"og:locale\" content=\"en_US\" \/>\n<meta property=\"og:type\" content=\"article\" \/>\n<meta property=\"og:title\" content=\"Hekkah, je publie donc je suis - Recto VRso\" \/>\n<meta property=\"og:description\" content=\"Hekkah, je publie donc je suis 2010-2023, Interactive installation . Artists : Rapha\u00ebl Isdant &amp; Thomas Cheneseau Partners : Festival acc\u00e8s)s( cultures \u00e9lectroniques and Excelia Digital School Hekkah, je publie [&hellip;]\" \/>\n<meta property=\"og:url\" content=\"https:\/\/recto-vrso.com\/en\/hekkah-je-publie-donc-je-suis\/\" \/>\n<meta property=\"og:site_name\" content=\"Recto VRso\" \/>\n<meta property=\"article:modified_time\" content=\"2023-03-20T14:31:34+00:00\" \/>\n<meta property=\"og:image\" content=\"https:\/\/recto-vrso.com\/wp-content\/uploads\/sites\/2\/2023\/03\/pict00025-1-1024x1024.jpg\" \/>\n<meta name=\"twitter:card\" content=\"summary_large_image\" \/>\n<meta name=\"twitter:label1\" content=\"Est. reading time\" \/>\n\t<meta name=\"twitter:data1\" content=\"4 minutes\" \/>\n<script type=\"application\/ld+json\" class=\"yoast-schema-graph\">{\"@context\":\"https:\/\/schema.org\",\"@graph\":[{\"@type\":\"WebPage\",\"@id\":\"https:\/\/recto-vrso.com\/en\/hekkah-je-publie-donc-je-suis\/\",\"url\":\"https:\/\/recto-vrso.com\/en\/hekkah-je-publie-donc-je-suis\/\",\"name\":\"Hekkah, je publie donc je suis - Recto VRso\",\"isPartOf\":{\"@id\":\"https:\/\/recto-vrso.com\/#website\"},\"primaryImageOfPage\":{\"@id\":\"https:\/\/recto-vrso.com\/en\/hekkah-je-publie-donc-je-suis\/#primaryimage\"},\"image\":{\"@id\":\"https:\/\/recto-vrso.com\/en\/hekkah-je-publie-donc-je-suis\/#primaryimage\"},\"thumbnailUrl\":\"https:\/\/recto-vrso.com\/wp-content\/uploads\/sites\/2\/2023\/03\/pict00025-1-1024x1024.jpg\",\"datePublished\":\"2023-03-07T14:04:15+00:00\",\"dateModified\":\"2023-03-20T14:31:34+00:00\",\"inLanguage\":\"en-US\",\"potentialAction\":[{\"@type\":\"ReadAction\",\"target\":[\"https:\/\/recto-vrso.com\/en\/hekkah-je-publie-donc-je-suis\/\"]}]},{\"@type\":\"ImageObject\",\"inLanguage\":\"en-US\",\"@id\":\"https:\/\/recto-vrso.com\/en\/hekkah-je-publie-donc-je-suis\/#primaryimage\",\"url\":\"https:\/\/recto-vrso.com\/wp-content\/uploads\/sites\/2\/2023\/03\/pict00025-1-1024x1024.jpg\",\"contentUrl\":\"https:\/\/recto-vrso.com\/wp-content\/uploads\/sites\/2\/2023\/03\/pict00025-1-1024x1024.jpg\"},{\"@type\":\"WebSite\",\"@id\":\"https:\/\/recto-vrso.com\/#website\",\"url\":\"https:\/\/recto-vrso.com\/\",\"name\":\"Recto VRso\",\"description\":\"\",\"potentialAction\":[{\"@type\":\"SearchAction\",\"target\":{\"@type\":\"EntryPoint\",\"urlTemplate\":\"https:\/\/recto-vrso.com\/?s={search_term_string}\"},\"query-input\":{\"@type\":\"PropertyValueSpecification\",\"valueRequired\":true,\"valueName\":\"search_term_string\"}}],\"inLanguage\":\"en-US\"}]}<\/script>\n<!-- \/ Yoast SEO plugin. -->","yoast_head_json":{"title":"Hekkah, je publie donc je suis - Recto VRso","robots":{"index":"index","follow":"follow","max-snippet":"max-snippet:-1","max-image-preview":"max-image-preview:large","max-video-preview":"max-video-preview:-1"},"canonical":"https:\/\/recto-vrso.com\/en\/hekkah-je-publie-donc-je-suis\/","og_locale":"en_US","og_type":"article","og_title":"Hekkah, je publie donc je suis - Recto VRso","og_description":"Hekkah, je publie donc je suis 2010-2023, Interactive installation . Artists : Rapha\u00ebl Isdant &amp; Thomas Cheneseau Partners : Festival acc\u00e8s)s( cultures \u00e9lectroniques and Excelia Digital School Hekkah, je publie [&hellip;]","og_url":"https:\/\/recto-vrso.com\/en\/hekkah-je-publie-donc-je-suis\/","og_site_name":"Recto VRso","article_modified_time":"2023-03-20T14:31:34+00:00","og_image":[{"url":"https:\/\/recto-vrso.com\/wp-content\/uploads\/sites\/2\/2023\/03\/pict00025-1-1024x1024.jpg","type":"","width":"","height":""}],"twitter_card":"summary_large_image","twitter_misc":{"Est. reading time":"4 minutes"},"schema":{"@context":"https:\/\/schema.org","@graph":[{"@type":"WebPage","@id":"https:\/\/recto-vrso.com\/en\/hekkah-je-publie-donc-je-suis\/","url":"https:\/\/recto-vrso.com\/en\/hekkah-je-publie-donc-je-suis\/","name":"Hekkah, je publie donc je suis - Recto VRso","isPartOf":{"@id":"https:\/\/recto-vrso.com\/#website"},"primaryImageOfPage":{"@id":"https:\/\/recto-vrso.com\/en\/hekkah-je-publie-donc-je-suis\/#primaryimage"},"image":{"@id":"https:\/\/recto-vrso.com\/en\/hekkah-je-publie-donc-je-suis\/#primaryimage"},"thumbnailUrl":"https:\/\/recto-vrso.com\/wp-content\/uploads\/sites\/2\/2023\/03\/pict00025-1-1024x1024.jpg","datePublished":"2023-03-07T14:04:15+00:00","dateModified":"2023-03-20T14:31:34+00:00","inLanguage":"en-US","potentialAction":[{"@type":"ReadAction","target":["https:\/\/recto-vrso.com\/en\/hekkah-je-publie-donc-je-suis\/"]}]},{"@type":"ImageObject","inLanguage":"en-US","@id":"https:\/\/recto-vrso.com\/en\/hekkah-je-publie-donc-je-suis\/#primaryimage","url":"https:\/\/recto-vrso.com\/wp-content\/uploads\/sites\/2\/2023\/03\/pict00025-1-1024x1024.jpg","contentUrl":"https:\/\/recto-vrso.com\/wp-content\/uploads\/sites\/2\/2023\/03\/pict00025-1-1024x1024.jpg"},{"@type":"WebSite","@id":"https:\/\/recto-vrso.com\/#website","url":"https:\/\/recto-vrso.com\/","name":"Recto VRso","description":"","potentialAction":[{"@type":"SearchAction","target":{"@type":"EntryPoint","urlTemplate":"https:\/\/recto-vrso.com\/?s={search_term_string}"},"query-input":{"@type":"PropertyValueSpecification","valueRequired":true,"valueName":"search_term_string"}}],"inLanguage":"en-US"}]}},"_links":{"self":[{"href":"https:\/\/recto-vrso.com\/en\/wp-json\/wp\/v2\/pages\/1476","targetHints":{"allow":["GET"]}}],"collection":[{"href":"https:\/\/recto-vrso.com\/en\/wp-json\/wp\/v2\/pages"}],"about":[{"href":"https:\/\/recto-vrso.com\/en\/wp-json\/wp\/v2\/types\/page"}],"author":[{"embeddable":true,"href":"https:\/\/recto-vrso.com\/en\/wp-json\/wp\/v2\/users\/6"}],"replies":[{"embeddable":true,"href":"https:\/\/recto-vrso.com\/en\/wp-json\/wp\/v2\/comments?post=1476"}],"version-history":[{"count":4,"href":"https:\/\/recto-vrso.com\/en\/wp-json\/wp\/v2\/pages\/1476\/revisions"}],"predecessor-version":[{"id":1480,"href":"https:\/\/recto-vrso.com\/en\/wp-json\/wp\/v2\/pages\/1476\/revisions\/1480"}],"wp:attachment":[{"href":"https:\/\/recto-vrso.com\/en\/wp-json\/wp\/v2\/media?parent=1476"}],"curies":[{"name":"wp","href":"https:\/\/api.w.org\/{rel}","templated":true}]}}