{"id":1464,"date":"2023-03-07T14:46:44","date_gmt":"2023-03-07T13:46:44","guid":{"rendered":"https:\/\/recto-vrso.com\/eve-3-0\/"},"modified":"2023-03-20T15:07:27","modified_gmt":"2023-03-20T14:07:27","slug":"eve-3-0","status":"publish","type":"page","link":"https:\/\/recto-vrso.com\/en\/eve-3-0\/","title":{"rendered":"EVE 3.0"},"content":{"rendered":"\n<section class=\"banner alignfull \" style=\"background-image: url(https:\/\/recto-vrso.com\/wp-content\/uploads\/2023\/03\/eve-1.jpg)\">>\n        <div class=\"container\">\n        <div class=\"content\">\n            <h1>\n                Eve 3.0            <\/h1>\n                        <p>\n                            <\/p>\n                                <\/div>\n    <\/div>\n<\/section>\n<div style=\"height:45px\" aria-hidden=\"true\" class=\"wp-block-spacer\"><\/div>\n\n<div class=\"wp-block-media-text alignwide is-stacked-on-mobile\"><figure class=\"wp-block-media-text__media\"><img loading=\"lazy\" decoding=\"async\" width=\"1024\" height=\"1024\" src=\"https:\/\/recto-vrso.com\/wp-content\/uploads\/sites\/2\/2023\/03\/Amir-1024x1024.jpg\" alt=\"\" class=\"wp-image-1015 size-full\" srcset=\"https:\/\/recto-vrso.com\/wp-content\/uploads\/2023\/03\/Amir-1024x1024.jpg 1024w, https:\/\/recto-vrso.com\/wp-content\/uploads\/2023\/03\/Amir-300x300.jpg 300w, https:\/\/recto-vrso.com\/wp-content\/uploads\/2023\/03\/Amir-150x150.jpg 150w, https:\/\/recto-vrso.com\/wp-content\/uploads\/2023\/03\/Amir-768x768.jpg 768w, https:\/\/recto-vrso.com\/wp-content\/uploads\/2023\/03\/Amir.jpg 1212w\" sizes=\"auto, (max-width: 1024px) 100vw, 1024px\" \/><\/figure><div class=\"wp-block-media-text__content\">\n<p><strong>\u201cEve 3.0\u201d<\/strong><\/p>\n\n\n\n<p><strong>2023  <\/strong><\/p>\n\n\n\n<p>Compagnie Voix<\/p>\n\n\n\n<p><strong>in co-production with<\/strong> Digital Rise<\/p>\n\n\n\n<p><strong>Format<\/strong> mixed reality dance performance<\/p>\n\n\n\n<p><strong>Artists<\/strong> Margherita Bergamo Meneghini, Veronica Boniotti, Daniel Gonz\u00e1lez-Franco, John Desnoyers-Stewart<\/p>\n\n\n\n<p><strong>Interpret<\/strong>: Elise Boileau<\/p>\n\n\n\n<p><strong>Producers <\/strong>Mark Lee, Fran\u00e7ois Klein, Linda Gabbay<\/p>\n\n\n\n<p><strong>With the support of<\/strong> Seesaw Project, EUR ArTeC*, France Active Bourgogne, FDVA, D\u00e9partement de Sa\u00f4ne-et-Loire, R\u00e9gion Bourgogne-Franche-Comt\u00e9, Ch\u00e2teau \u00c9ph\u00e9m\u00e8re &#8211; Fabrique sonore et num\u00e9rique, Artdam Longvic, Laval Virtual Center &amp; Recto VRso festival, la mise \u00e0 disposition de studios au CN D &#8211; Centre national de la danse Paris et au DansBlok Leiden. *This work benefited from a government grant managed by the Agence Nationale de la Recherche under the Investissements d&#8217;avenir program with the reference ANR-17-EURE-0008.<\/p>\n<\/div><\/div>\n\n<div class=\"wp-block-media-text alignwide has-media-on-the-right is-stacked-on-mobile\"><div class=\"wp-block-media-text__content\">\n<p><strong>Eve <\/strong>takes us into a sensitive encounter with six characters. Each of them shares pieces of their lives where extreme feelings, addiction, anxiety, depression, obsession, jealousy and paranoia, have impacted their social relationships. We hear their voices through the reading of diaries, and we embody their movements, until the gestures become a dance. Eve creates a dialogue through real and virtual bodies, questions the recurring causes of these states of consciousness, and emphasizes the encouragement to share that the meeting of bodies can generate. In this artistic proposal, the public is invited to participate individually and collectively. At different times, it will be possible to enter the game space and embody Eve in one of the stories told. Participation is spontaneous and, outside of VR, the audience can also enjoy the performance in its choreographic and multimedia forms.<\/p>\n\n\n\n<p><\/p>\n<\/div><figure class=\"wp-block-media-text__media\"><img loading=\"lazy\" decoding=\"async\" width=\"682\" height=\"1024\" src=\"https:\/\/recto-vrso.com\/wp-content\/uploads\/sites\/2\/2023\/03\/tanzahoi-9074-682x1024.jpg\" alt=\"\" class=\"wp-image-1013 size-full\" srcset=\"https:\/\/recto-vrso.com\/wp-content\/uploads\/2023\/03\/tanzahoi-9074-682x1024.jpg 682w, https:\/\/recto-vrso.com\/wp-content\/uploads\/2023\/03\/tanzahoi-9074-200x300.jpg 200w, https:\/\/recto-vrso.com\/wp-content\/uploads\/2023\/03\/tanzahoi-9074-768x1152.jpg 768w, https:\/\/recto-vrso.com\/wp-content\/uploads\/2023\/03\/tanzahoi-9074-1024x1536.jpg 1024w, https:\/\/recto-vrso.com\/wp-content\/uploads\/2023\/03\/tanzahoi-9074.jpg 1181w\" sizes=\"auto, (max-width: 682px) 100vw, 682px\" \/><\/figure><\/div>\n\n<div style=\"height:71px\" aria-hidden=\"true\" class=\"wp-block-spacer\"><\/div>\n\n<h2 class=\"has-text-align-center has-gradient-1-gradient-background has-background wp-block-heading\">DURING RECTO VRSO 2023<\/h2>\n\n<div class=\"wp-block-columns is-layout-flex wp-container-core-columns-is-layout-1 wp-block-columns-is-layout-flex\">\n<div class=\"wp-block-column is-layout-flow wp-block-column-is-layout-flow\">\n<h5 class=\"has-text-align-center wp-block-heading\"><strong>FORMAT PERFORMANCE<\/strong><\/h5>\n\n\n\n<p class=\"has-text-align-center\">Discover the work of Compagnie Voix in a dance performance format once a day on Wednesday, Thursday and Friday.<\/p>\n\n\n\n<p class=\"has-text-align-center\"><strong>Duration<\/strong>: 1h<\/p>\n\n\n\n<p class=\"has-text-align-center\"><strong>Number of attendees<\/strong> : 12<\/p>\n<\/div>\n\n\n\n<div class=\"wp-block-column is-layout-flow wp-block-column-is-layout-flow\">\n<h5 class=\"has-text-align-center wp-block-heading\"><strong>FORMAT EXPOSITION<\/strong><\/h5>\n\n\n\n<p class=\"has-text-align-center\">Experience Eve 3.0 in a three-participant exhibition format, available all week, Wednesday through Sunday in the Art&amp;VR Gallery.<\/p>\n\n\n\n<p class=\"has-text-align-center\"><strong>Duration<\/strong>: 15 minutes<\/p>\n\n\n\n<p class=\"has-text-align-center\"><strong>Number of attendees<\/strong> : 3<\/p>\n<\/div>\n<\/div>\n\n<div style=\"height:100px\" aria-hidden=\"true\" class=\"wp-block-spacer\"><\/div>\n\n<div class=\"wp-block-columns is-layout-flex wp-container-core-columns-is-layout-2 wp-block-columns-is-layout-flex\">\n<div class=\"wp-block-column is-layout-flow wp-block-column-is-layout-flow\">\n<figure class=\"wp-block-image aligncenter size-full\"><img loading=\"lazy\" decoding=\"async\" width=\"846\" height=\"942\" src=\"https:\/\/recto-vrso.com\/wp-content\/uploads\/sites\/2\/2023\/03\/4artists.png\" alt=\"\" class=\"wp-image-1017\" srcset=\"https:\/\/recto-vrso.com\/wp-content\/uploads\/2023\/03\/4artists.png 846w, https:\/\/recto-vrso.com\/wp-content\/uploads\/2023\/03\/4artists-269x300.png 269w, https:\/\/recto-vrso.com\/wp-content\/uploads\/2023\/03\/4artists-768x855.png 768w\" sizes=\"auto, (max-width: 846px) 100vw, 846px\" \/><figcaption class=\"wp-element-caption\"><strong>The Compagnie Voix<\/strong> develops projects based on a research of body language within creations mixing choreography with immersive technologies, to place the public in the heart of the danced experience. His work focuses on the creation of immersive experiences based on the body in movement, the practice and familiarization of contemporary dance applied to digital technological devices, the teaching and dissemination of dance and transversal activities. With the creation &#8220;Eve, dance is an unplaceable place&#8221;, realized in collaboration with Omnipresenz, the Compagnie Voix won the Laval Virtual Award Recto VRso Art&amp;VR (France) and the Man Man Er VR Grand Prize at Kaohsiung Film Festival (Taiwan)<\/figcaption><\/figure>\n\n\n\n<div class=\"wp-block-buttons is-content-justification-center is-layout-flex wp-container-core-buttons-is-layout-1 wp-block-buttons-is-layout-flex\">\n<div class=\"wp-block-button is-style-outline is-style-outline--1\"><a class=\"wp-block-button__link wp-element-button\" href=\"https:\/\/compagnievoix.com\/en\" target=\"_blank\" rel=\"noreferrer noopener\">Website<\/a><\/div>\n<\/div>\n<\/div>\n<\/div>\n\n<div class=\"wp-block-columns is-layout-flex wp-container-core-columns-is-layout-3 wp-block-columns-is-layout-flex\">\n<div class=\"wp-block-column is-layout-flow wp-block-column-is-layout-flow\">\n<div class=\"wp-block-buttons is-content-justification-center is-layout-flex wp-container-core-buttons-is-layout-2 wp-block-buttons-is-layout-flex\"><\/div>\n<\/div>\n<\/div>\n","protected":false},"excerpt":{"rendered":"<p>\u201cEve 3.0\u201d 2023 Compagnie Voix in co-production with Digital Rise Format mixed reality dance performance Artists Margherita Bergamo Meneghini, Veronica Boniotti, Daniel Gonz\u00e1lez-Franco, John Desnoyers-Stewart Interpret: Elise Boileau Producers Mark [&hellip;]<\/p>\n","protected":false},"author":6,"featured_media":0,"parent":0,"menu_order":0,"comment_status":"closed","ping_status":"closed","template":"","meta":{"_acf_changed":false,"content-type":"","footnotes":""},"class_list":["post-1464","page","type-page","status-publish","hentry"],"acf":[],"yoast_head":"<!-- This site is optimized with the Yoast SEO plugin v26.8 - https:\/\/yoast.com\/product\/yoast-seo-wordpress\/ -->\n<title>EVE 3.0 - Recto VRso<\/title>\n<meta name=\"robots\" content=\"index, follow, max-snippet:-1, max-image-preview:large, max-video-preview:-1\" \/>\n<link rel=\"canonical\" href=\"https:\/\/recto-vrso.com\/en\/eve-3-0\/\" \/>\n<meta property=\"og:locale\" content=\"en_US\" \/>\n<meta property=\"og:type\" content=\"article\" \/>\n<meta property=\"og:title\" content=\"EVE 3.0 - Recto VRso\" \/>\n<meta property=\"og:description\" content=\"\u201cEve 3.0\u201d 2023 Compagnie Voix in co-production with Digital Rise Format mixed reality dance performance Artists Margherita Bergamo Meneghini, Veronica Boniotti, Daniel Gonz\u00e1lez-Franco, John Desnoyers-Stewart Interpret: Elise Boileau Producers Mark [&hellip;]\" \/>\n<meta property=\"og:url\" content=\"https:\/\/recto-vrso.com\/en\/eve-3-0\/\" \/>\n<meta property=\"og:site_name\" content=\"Recto VRso\" \/>\n<meta property=\"article:modified_time\" content=\"2023-03-20T14:07:27+00:00\" \/>\n<meta property=\"og:image\" content=\"https:\/\/recto-vrso.com\/wp-content\/uploads\/sites\/2\/2023\/03\/Amir-1024x1024.jpg\" \/>\n<meta name=\"twitter:card\" content=\"summary_large_image\" \/>\n<meta name=\"twitter:label1\" content=\"Est. reading time\" \/>\n\t<meta name=\"twitter:data1\" content=\"2 minutes\" \/>\n<script type=\"application\/ld+json\" class=\"yoast-schema-graph\">{\"@context\":\"https:\/\/schema.org\",\"@graph\":[{\"@type\":\"WebPage\",\"@id\":\"https:\/\/recto-vrso.com\/en\/eve-3-0\/\",\"url\":\"https:\/\/recto-vrso.com\/en\/eve-3-0\/\",\"name\":\"EVE 3.0 - Recto VRso\",\"isPartOf\":{\"@id\":\"https:\/\/recto-vrso.com\/#website\"},\"primaryImageOfPage\":{\"@id\":\"https:\/\/recto-vrso.com\/en\/eve-3-0\/#primaryimage\"},\"image\":{\"@id\":\"https:\/\/recto-vrso.com\/en\/eve-3-0\/#primaryimage\"},\"thumbnailUrl\":\"https:\/\/recto-vrso.com\/wp-content\/uploads\/sites\/2\/2023\/03\/Amir-1024x1024.jpg\",\"datePublished\":\"2023-03-07T13:46:44+00:00\",\"dateModified\":\"2023-03-20T14:07:27+00:00\",\"inLanguage\":\"en-US\",\"potentialAction\":[{\"@type\":\"ReadAction\",\"target\":[\"https:\/\/recto-vrso.com\/en\/eve-3-0\/\"]}]},{\"@type\":\"ImageObject\",\"inLanguage\":\"en-US\",\"@id\":\"https:\/\/recto-vrso.com\/en\/eve-3-0\/#primaryimage\",\"url\":\"https:\/\/recto-vrso.com\/wp-content\/uploads\/sites\/2\/2023\/03\/Amir-1024x1024.jpg\",\"contentUrl\":\"https:\/\/recto-vrso.com\/wp-content\/uploads\/sites\/2\/2023\/03\/Amir-1024x1024.jpg\"},{\"@type\":\"WebSite\",\"@id\":\"https:\/\/recto-vrso.com\/#website\",\"url\":\"https:\/\/recto-vrso.com\/\",\"name\":\"Recto VRso\",\"description\":\"\",\"potentialAction\":[{\"@type\":\"SearchAction\",\"target\":{\"@type\":\"EntryPoint\",\"urlTemplate\":\"https:\/\/recto-vrso.com\/?s={search_term_string}\"},\"query-input\":{\"@type\":\"PropertyValueSpecification\",\"valueRequired\":true,\"valueName\":\"search_term_string\"}}],\"inLanguage\":\"en-US\"}]}<\/script>\n<!-- \/ Yoast SEO plugin. -->","yoast_head_json":{"title":"EVE 3.0 - Recto VRso","robots":{"index":"index","follow":"follow","max-snippet":"max-snippet:-1","max-image-preview":"max-image-preview:large","max-video-preview":"max-video-preview:-1"},"canonical":"https:\/\/recto-vrso.com\/en\/eve-3-0\/","og_locale":"en_US","og_type":"article","og_title":"EVE 3.0 - Recto VRso","og_description":"\u201cEve 3.0\u201d 2023 Compagnie Voix in co-production with Digital Rise Format mixed reality dance performance Artists Margherita Bergamo Meneghini, Veronica Boniotti, Daniel Gonz\u00e1lez-Franco, John Desnoyers-Stewart Interpret: Elise Boileau Producers Mark [&hellip;]","og_url":"https:\/\/recto-vrso.com\/en\/eve-3-0\/","og_site_name":"Recto VRso","article_modified_time":"2023-03-20T14:07:27+00:00","og_image":[{"url":"https:\/\/recto-vrso.com\/wp-content\/uploads\/sites\/2\/2023\/03\/Amir-1024x1024.jpg","type":"","width":"","height":""}],"twitter_card":"summary_large_image","twitter_misc":{"Est. reading time":"2 minutes"},"schema":{"@context":"https:\/\/schema.org","@graph":[{"@type":"WebPage","@id":"https:\/\/recto-vrso.com\/en\/eve-3-0\/","url":"https:\/\/recto-vrso.com\/en\/eve-3-0\/","name":"EVE 3.0 - Recto VRso","isPartOf":{"@id":"https:\/\/recto-vrso.com\/#website"},"primaryImageOfPage":{"@id":"https:\/\/recto-vrso.com\/en\/eve-3-0\/#primaryimage"},"image":{"@id":"https:\/\/recto-vrso.com\/en\/eve-3-0\/#primaryimage"},"thumbnailUrl":"https:\/\/recto-vrso.com\/wp-content\/uploads\/sites\/2\/2023\/03\/Amir-1024x1024.jpg","datePublished":"2023-03-07T13:46:44+00:00","dateModified":"2023-03-20T14:07:27+00:00","inLanguage":"en-US","potentialAction":[{"@type":"ReadAction","target":["https:\/\/recto-vrso.com\/en\/eve-3-0\/"]}]},{"@type":"ImageObject","inLanguage":"en-US","@id":"https:\/\/recto-vrso.com\/en\/eve-3-0\/#primaryimage","url":"https:\/\/recto-vrso.com\/wp-content\/uploads\/sites\/2\/2023\/03\/Amir-1024x1024.jpg","contentUrl":"https:\/\/recto-vrso.com\/wp-content\/uploads\/sites\/2\/2023\/03\/Amir-1024x1024.jpg"},{"@type":"WebSite","@id":"https:\/\/recto-vrso.com\/#website","url":"https:\/\/recto-vrso.com\/","name":"Recto VRso","description":"","potentialAction":[{"@type":"SearchAction","target":{"@type":"EntryPoint","urlTemplate":"https:\/\/recto-vrso.com\/?s={search_term_string}"},"query-input":{"@type":"PropertyValueSpecification","valueRequired":true,"valueName":"search_term_string"}}],"inLanguage":"en-US"}]}},"_links":{"self":[{"href":"https:\/\/recto-vrso.com\/en\/wp-json\/wp\/v2\/pages\/1464","targetHints":{"allow":["GET"]}}],"collection":[{"href":"https:\/\/recto-vrso.com\/en\/wp-json\/wp\/v2\/pages"}],"about":[{"href":"https:\/\/recto-vrso.com\/en\/wp-json\/wp\/v2\/types\/page"}],"author":[{"embeddable":true,"href":"https:\/\/recto-vrso.com\/en\/wp-json\/wp\/v2\/users\/6"}],"replies":[{"embeddable":true,"href":"https:\/\/recto-vrso.com\/en\/wp-json\/wp\/v2\/comments?post=1464"}],"version-history":[{"count":3,"href":"https:\/\/recto-vrso.com\/en\/wp-json\/wp\/v2\/pages\/1464\/revisions"}],"predecessor-version":[{"id":1467,"href":"https:\/\/recto-vrso.com\/en\/wp-json\/wp\/v2\/pages\/1464\/revisions\/1467"}],"wp:attachment":[{"href":"https:\/\/recto-vrso.com\/en\/wp-json\/wp\/v2\/media?parent=1464"}],"curies":[{"name":"wp","href":"https:\/\/api.w.org\/{rel}","templated":true}]}}