{"id":1454,"date":"2023-03-07T12:00:32","date_gmt":"2023-03-07T11:00:32","guid":{"rendered":"https:\/\/recto-vrso.com\/spring-odyssey\/"},"modified":"2023-03-20T14:53:40","modified_gmt":"2023-03-20T13:53:40","slug":"spring-odyssey","status":"publish","type":"page","link":"https:\/\/recto-vrso.com\/en\/spring-odyssey\/","title":{"rendered":"Spring Odyssey"},"content":{"rendered":"\n<section class=\"banner alignfull \" style=\"background-image: url(https:\/\/recto-vrso.com\/wp-content\/uploads\/2023\/03\/vlcsnap-2020-11-14-13h08m36s555-copie.jpg)\">>\n        <div class=\"container\">\n        <div class=\"content\">\n            <h1>\n                Spring Odyssey            <\/h1>\n                        <p>\n                            <\/p>\n                                <\/div>\n    <\/div>\n<\/section>\n\n\n<div style=\"height:45px\" aria-hidden=\"true\" class=\"wp-block-spacer\"><\/div>\n\n\n\n<div class=\"wp-block-media-text alignwide is-stacked-on-mobile\"><figure class=\"wp-block-media-text__media\"><img loading=\"lazy\" decoding=\"async\" width=\"531\" height=\"945\" src=\"https:\/\/recto-vrso.com\/wp-content\/uploads\/sites\/2\/2023\/03\/VR-best-copie-1.jpg\" alt=\"\" class=\"wp-image-1210 size-full\" srcset=\"https:\/\/recto-vrso.com\/wp-content\/uploads\/2023\/03\/VR-best-copie-1.jpg 531w, https:\/\/recto-vrso.com\/wp-content\/uploads\/2023\/03\/VR-best-copie-1-169x300.jpg 169w\" sizes=\"auto, (max-width: 531px) 100vw, 531px\" \/><\/figure><div class=\"wp-block-media-text__content\">\n<p><em><strong>Spring Odyssey<\/strong><\/em><\/p>\n\n\n\n<p>2020<\/p>\n\n\n\n<p><strong>Artist <\/strong>: Elise Morin<\/p>\n\n\n\n<p><strong>Technical Direction<\/strong> : Vincent Malizia<\/p>\n\n\n\n<p><strong>Scientific collaboration :<\/strong> Jacqui Shykoff et Timothy Mousseau<\/p>\n\n\n\n<p><strong>Producers <\/strong>: Chlo\u00e9 Jarry and Charles Drouin<\/p>\n\n\n\n<p><strong>Production Manager<\/strong> : Alexandrine Stehelin<\/p>\n\n\n\n<p><strong>Production Assistant <\/strong>: Cl\u00e9lie Chassignet<\/p>\n\n\n\n<p><strong>Production <\/strong>: Lucid Realities and Tulipes &amp; Cie<\/p>\n\n\n\n<p><strong>Co-production<\/strong> : France T\u00e9l\u00e9visions<\/p>\n\n\n\n<p><strong>With the support of<\/strong> CNC-DICREAM &amp; La Diagonale Paris-Saclay<\/p>\n<\/div><\/div>\n\n\n\n<div class=\"wp-block-media-text alignwide has-media-on-the-right is-stacked-on-mobile\"><div class=\"wp-block-media-text__content\">\n<p><strong>In collaboration<\/strong> with scientists from the University of Paris-Saclay, the artist has worked on a tobacco plant capable of making radioactivity visible in an attempt to tame it. This attempt is essential for the continuation of life on earth but also for a possible conquest of space where radiation is higher.<\/p>\n\n\n\n<p>The plant then traveled to one of the most radioactive places on earth: the &#8220;red forest&#8221; in Chernobyl, named after the pine needles that turned red after the explosion of the nuclear power plant. Since 1986, this territory has become a laboratory open only to scientific expeditions that are in charge of observing the effects of high levels of radiation and the absence of man on the environment. The plant was exposed for the five days prescribed in a clearing in the heart of the forest of particularly resistant birches.<\/p>\n\n\n\n<p>Following this exposure, the plant has mutated. The hanging plants and the one in the center of the room, emerging from the pile of pine needles that have since disappeared from the red forest, come from this &#8220;mother&#8221; plant. This presence gives rise to hope. Once the VR helmet is worn, any action in reality has an impact in virtuality and vice versa. We come into contact with the mutant plant. We take care of it. In both worlds. Then begins a choreography that allows us to tame our fears and our limits.<\/p>\n\n\n\n<p>The SPRING ODYSSEY VR experience breaks a boundary that the body could not naturally support. It is about inscribing this experience as a rite of passage towards a new physical reality mixing science and technology around a powerful invisible phenomenon and questioning the fluctuating limits of our intuitions. The VR experience gives an account of different levels of perception of this space that looks paradoxically so familiar and to tame this territory.<\/p>\n\n\n\n<p>Between fragility, strength and resilience, our relationship to this world will be outlined through the complicity woven with the real and virtual mutant plant. A plurality of reading of the spaces and the elements which compose them incites to a renewal of the glance carried on the plants able to resist the various representations of the environments.<\/p>\n\n\n\n<p><\/p>\n<\/div><figure class=\"wp-block-media-text__media\"><img loading=\"lazy\" decoding=\"async\" width=\"1024\" height=\"576\" src=\"https:\/\/recto-vrso.com\/wp-content\/uploads\/sites\/2\/2023\/03\/SETUP05-1024x576.jpg\" alt=\"\" class=\"wp-image-1212 size-full\" srcset=\"https:\/\/recto-vrso.com\/wp-content\/uploads\/2023\/03\/SETUP05-1024x576.jpg 1024w, https:\/\/recto-vrso.com\/wp-content\/uploads\/2023\/03\/SETUP05-300x169.jpg 300w, https:\/\/recto-vrso.com\/wp-content\/uploads\/2023\/03\/SETUP05-768x432.jpg 768w, https:\/\/recto-vrso.com\/wp-content\/uploads\/2023\/03\/SETUP05-1536x864.jpg 1536w, https:\/\/recto-vrso.com\/wp-content\/uploads\/2023\/03\/SETUP05.jpg 1920w\" sizes=\"auto, (max-width: 1024px) 100vw, 1024px\" \/><\/figure><\/div>\n\n\n\n<div style=\"height:71px\" aria-hidden=\"true\" class=\"wp-block-spacer\"><\/div>\n\n\n\n<h2 class=\"has-text-align-center has-gradient-1-gradient-background has-background wp-block-heading\">DURING RECTO VRSO 2023<\/h2>\n\n\n\n<div class=\"wp-block-columns is-layout-flex wp-container-core-columns-is-layout-1 wp-block-columns-is-layout-flex\">\n<div class=\"wp-block-column is-layout-flow wp-block-column-is-layout-flow\">\n<h5 class=\"has-text-align-center wp-block-heading\">Installation de r\u00e9alit\u00e9 virtuelle<\/h5>\n\n\n\n<p class=\"has-text-align-center\">Discover the virtual reality artwork <em>Spring Odyssey<\/em> everyday from Wednesday to Sunday at Espace Mayenne.<\/p>\n\n\n\n<p class=\"has-text-align-center\"><strong>Duration <\/strong>: 15 minutes<\/p>\n\n\n\n<p class=\"has-text-align-center\"><strong>Number of attendees <\/strong>: 1<\/p>\n<\/div>\n<\/div>\n\n\n\n<div style=\"height:100px\" aria-hidden=\"true\" class=\"wp-block-spacer\"><\/div>\n\n\n\n<div class=\"wp-block-columns is-layout-flex wp-container-core-columns-is-layout-2 wp-block-columns-is-layout-flex\">\n<div class=\"wp-block-column is-layout-flow wp-block-column-is-layout-flow\">\n<figure class=\"wp-block-image aligncenter size-full is-resized has-custom-border\"><img loading=\"lazy\" decoding=\"async\" src=\"https:\/\/recto-vrso.com\/wp-content\/uploads\/sites\/2\/2023\/03\/03-PORTRAIT_ELISEMORIN-copie.jpg\" alt=\"\" class=\"wp-image-1214\" style=\"border-radius:0px\" width=\"377\" height=\"377\" srcset=\"https:\/\/recto-vrso.com\/wp-content\/uploads\/2023\/03\/03-PORTRAIT_ELISEMORIN-copie.jpg 709w, https:\/\/recto-vrso.com\/wp-content\/uploads\/2023\/03\/03-PORTRAIT_ELISEMORIN-copie-300x300.jpg 300w, https:\/\/recto-vrso.com\/wp-content\/uploads\/2023\/03\/03-PORTRAIT_ELISEMORIN-copie-150x150.jpg 150w\" sizes=\"auto, (max-width: 377px) 100vw, 377px\" \/><figcaption class=\"wp-element-caption\">Elise Morin was born in 1978 and lives and works in Paris. Elise Morin develops an interdisciplinary practice rooted in ecological thinking that questions our relationship to the visible and to modes of coexistence. The devices of conception and production generate collaborations with scientists, local communities, engineers, musicians, philosophers. The choice of specific places and environments are intrinsic components of his work. They allow her to reflect on the relationship between creation and the common good, on the role of aesthetics in the understanding of other perceptions of a damaged earth. Elise Morin has exhibited in France at the Cent-quatre, the Jeu de Paume, the Grand Palais, the Museum of Contemporary Art of Bucharest, Moscow, Beijing and Tokyo. She studied at the \u00c9cole Nationale Su-p\u00e9rieure des Arts D\u00e9coratifs in Paris, at Central Saint Martins College in London, and at the Tokyo National University of Fine Arts in Tokyo.<\/figcaption><\/figure>\n\n\n\n<div class=\"wp-block-buttons is-content-justification-center is-layout-flex wp-container-core-buttons-is-layout-1 wp-block-buttons-is-layout-flex\">\n<div class=\"wp-block-button is-style-outline is-style-outline--1\"><a class=\"wp-block-button__link wp-element-button\" href=\"https:\/\/elise-morin.com\/\" target=\"_blank\" rel=\"noreferrer noopener\">WEBSITE<\/a><\/div>\n<\/div>\n<\/div>\n<\/div>\n\n\n\n<div class=\"wp-block-columns is-layout-flex wp-container-core-columns-is-layout-3 wp-block-columns-is-layout-flex\">\n<div class=\"wp-block-column is-layout-flow wp-block-column-is-layout-flow\">\n<div class=\"wp-block-buttons is-content-justification-center is-layout-flex wp-container-core-buttons-is-layout-2 wp-block-buttons-is-layout-flex\"><\/div>\n<\/div>\n<\/div>\n\n\n\n<div class=\"wp-block-columns is-layout-flex wp-container-core-columns-is-layout-4 wp-block-columns-is-layout-flex\">\n<div class=\"wp-block-column is-layout-flow wp-block-column-is-layout-flow\">\n<div class=\"wp-block-buttons is-content-justification-center is-layout-flex wp-container-core-buttons-is-layout-3 wp-block-buttons-is-layout-flex\"><\/div>\n<\/div>\n<\/div>\n","protected":false},"excerpt":{"rendered":"<p>Spring Odyssey 2020 Artist : Elise Morin Technical Direction : Vincent Malizia Scientific collaboration : Jacqui Shykoff et Timothy Mousseau Producers : Chlo\u00e9 Jarry and Charles Drouin Production Manager : [&hellip;]<\/p>\n","protected":false},"author":6,"featured_media":0,"parent":0,"menu_order":0,"comment_status":"closed","ping_status":"closed","template":"","meta":{"_acf_changed":false,"content-type":"","footnotes":""},"class_list":["post-1454","page","type-page","status-publish","hentry"],"acf":[],"yoast_head":"<!-- This site is optimized with the Yoast SEO plugin v26.8 - https:\/\/yoast.com\/product\/yoast-seo-wordpress\/ -->\n<title>Spring Odyssey - Recto VRso<\/title>\n<meta name=\"robots\" content=\"index, follow, max-snippet:-1, max-image-preview:large, max-video-preview:-1\" \/>\n<link rel=\"canonical\" href=\"https:\/\/recto-vrso.com\/en\/spring-odyssey\/\" \/>\n<meta property=\"og:locale\" content=\"en_US\" \/>\n<meta property=\"og:type\" content=\"article\" \/>\n<meta property=\"og:title\" content=\"Spring Odyssey - Recto VRso\" \/>\n<meta property=\"og:description\" content=\"Spring Odyssey 2020 Artist : Elise Morin Technical Direction : Vincent Malizia Scientific collaboration : Jacqui Shykoff et Timothy Mousseau Producers : Chlo\u00e9 Jarry and Charles Drouin Production Manager : [&hellip;]\" \/>\n<meta property=\"og:url\" content=\"https:\/\/recto-vrso.com\/en\/spring-odyssey\/\" \/>\n<meta property=\"og:site_name\" content=\"Recto VRso\" \/>\n<meta property=\"article:modified_time\" content=\"2023-03-20T13:53:40+00:00\" \/>\n<meta property=\"og:image\" content=\"https:\/\/recto-vrso.com\/wp-content\/uploads\/sites\/2\/2023\/03\/VR-best-copie-1.jpg\" \/>\n<meta name=\"twitter:card\" content=\"summary_large_image\" \/>\n<meta name=\"twitter:label1\" content=\"Est. reading time\" \/>\n\t<meta name=\"twitter:data1\" content=\"4 minutes\" \/>\n<script type=\"application\/ld+json\" class=\"yoast-schema-graph\">{\"@context\":\"https:\/\/schema.org\",\"@graph\":[{\"@type\":\"WebPage\",\"@id\":\"https:\/\/recto-vrso.com\/en\/spring-odyssey\/\",\"url\":\"https:\/\/recto-vrso.com\/en\/spring-odyssey\/\",\"name\":\"Spring Odyssey - Recto VRso\",\"isPartOf\":{\"@id\":\"https:\/\/recto-vrso.com\/#website\"},\"primaryImageOfPage\":{\"@id\":\"https:\/\/recto-vrso.com\/en\/spring-odyssey\/#primaryimage\"},\"image\":{\"@id\":\"https:\/\/recto-vrso.com\/en\/spring-odyssey\/#primaryimage\"},\"thumbnailUrl\":\"https:\/\/recto-vrso.com\/wp-content\/uploads\/sites\/2\/2023\/03\/VR-best-copie-1.jpg\",\"datePublished\":\"2023-03-07T11:00:32+00:00\",\"dateModified\":\"2023-03-20T13:53:40+00:00\",\"inLanguage\":\"en-US\",\"potentialAction\":[{\"@type\":\"ReadAction\",\"target\":[\"https:\/\/recto-vrso.com\/en\/spring-odyssey\/\"]}]},{\"@type\":\"ImageObject\",\"inLanguage\":\"en-US\",\"@id\":\"https:\/\/recto-vrso.com\/en\/spring-odyssey\/#primaryimage\",\"url\":\"https:\/\/recto-vrso.com\/wp-content\/uploads\/sites\/2\/2023\/03\/VR-best-copie-1.jpg\",\"contentUrl\":\"https:\/\/recto-vrso.com\/wp-content\/uploads\/sites\/2\/2023\/03\/VR-best-copie-1.jpg\"},{\"@type\":\"WebSite\",\"@id\":\"https:\/\/recto-vrso.com\/#website\",\"url\":\"https:\/\/recto-vrso.com\/\",\"name\":\"Recto VRso\",\"description\":\"\",\"potentialAction\":[{\"@type\":\"SearchAction\",\"target\":{\"@type\":\"EntryPoint\",\"urlTemplate\":\"https:\/\/recto-vrso.com\/?s={search_term_string}\"},\"query-input\":{\"@type\":\"PropertyValueSpecification\",\"valueRequired\":true,\"valueName\":\"search_term_string\"}}],\"inLanguage\":\"en-US\"}]}<\/script>\n<!-- \/ Yoast SEO plugin. -->","yoast_head_json":{"title":"Spring Odyssey - Recto VRso","robots":{"index":"index","follow":"follow","max-snippet":"max-snippet:-1","max-image-preview":"max-image-preview:large","max-video-preview":"max-video-preview:-1"},"canonical":"https:\/\/recto-vrso.com\/en\/spring-odyssey\/","og_locale":"en_US","og_type":"article","og_title":"Spring Odyssey - Recto VRso","og_description":"Spring Odyssey 2020 Artist : Elise Morin Technical Direction : Vincent Malizia Scientific collaboration : Jacqui Shykoff et Timothy Mousseau Producers : Chlo\u00e9 Jarry and Charles Drouin Production Manager : [&hellip;]","og_url":"https:\/\/recto-vrso.com\/en\/spring-odyssey\/","og_site_name":"Recto VRso","article_modified_time":"2023-03-20T13:53:40+00:00","og_image":[{"url":"https:\/\/recto-vrso.com\/wp-content\/uploads\/sites\/2\/2023\/03\/VR-best-copie-1.jpg","type":"","width":"","height":""}],"twitter_card":"summary_large_image","twitter_misc":{"Est. reading time":"4 minutes"},"schema":{"@context":"https:\/\/schema.org","@graph":[{"@type":"WebPage","@id":"https:\/\/recto-vrso.com\/en\/spring-odyssey\/","url":"https:\/\/recto-vrso.com\/en\/spring-odyssey\/","name":"Spring Odyssey - Recto VRso","isPartOf":{"@id":"https:\/\/recto-vrso.com\/#website"},"primaryImageOfPage":{"@id":"https:\/\/recto-vrso.com\/en\/spring-odyssey\/#primaryimage"},"image":{"@id":"https:\/\/recto-vrso.com\/en\/spring-odyssey\/#primaryimage"},"thumbnailUrl":"https:\/\/recto-vrso.com\/wp-content\/uploads\/sites\/2\/2023\/03\/VR-best-copie-1.jpg","datePublished":"2023-03-07T11:00:32+00:00","dateModified":"2023-03-20T13:53:40+00:00","inLanguage":"en-US","potentialAction":[{"@type":"ReadAction","target":["https:\/\/recto-vrso.com\/en\/spring-odyssey\/"]}]},{"@type":"ImageObject","inLanguage":"en-US","@id":"https:\/\/recto-vrso.com\/en\/spring-odyssey\/#primaryimage","url":"https:\/\/recto-vrso.com\/wp-content\/uploads\/sites\/2\/2023\/03\/VR-best-copie-1.jpg","contentUrl":"https:\/\/recto-vrso.com\/wp-content\/uploads\/sites\/2\/2023\/03\/VR-best-copie-1.jpg"},{"@type":"WebSite","@id":"https:\/\/recto-vrso.com\/#website","url":"https:\/\/recto-vrso.com\/","name":"Recto VRso","description":"","potentialAction":[{"@type":"SearchAction","target":{"@type":"EntryPoint","urlTemplate":"https:\/\/recto-vrso.com\/?s={search_term_string}"},"query-input":{"@type":"PropertyValueSpecification","valueRequired":true,"valueName":"search_term_string"}}],"inLanguage":"en-US"}]}},"_links":{"self":[{"href":"https:\/\/recto-vrso.com\/en\/wp-json\/wp\/v2\/pages\/1454","targetHints":{"allow":["GET"]}}],"collection":[{"href":"https:\/\/recto-vrso.com\/en\/wp-json\/wp\/v2\/pages"}],"about":[{"href":"https:\/\/recto-vrso.com\/en\/wp-json\/wp\/v2\/types\/page"}],"author":[{"embeddable":true,"href":"https:\/\/recto-vrso.com\/en\/wp-json\/wp\/v2\/users\/6"}],"replies":[{"embeddable":true,"href":"https:\/\/recto-vrso.com\/en\/wp-json\/wp\/v2\/comments?post=1454"}],"version-history":[{"count":4,"href":"https:\/\/recto-vrso.com\/en\/wp-json\/wp\/v2\/pages\/1454\/revisions"}],"predecessor-version":[{"id":1459,"href":"https:\/\/recto-vrso.com\/en\/wp-json\/wp\/v2\/pages\/1454\/revisions\/1459"}],"wp:attachment":[{"href":"https:\/\/recto-vrso.com\/en\/wp-json\/wp\/v2\/media?parent=1454"}],"curies":[{"name":"wp","href":"https:\/\/api.w.org\/{rel}","templated":true}]}}