{"id":1402,"date":"2023-03-02T20:58:04","date_gmt":"2023-03-02T19:58:04","guid":{"rendered":"https:\/\/recto-vrso.com\/billetterie\/"},"modified":"2023-04-05T11:07:22","modified_gmt":"2023-04-05T09:07:22","slug":"billetterie","status":"publish","type":"page","link":"https:\/\/recto-vrso.com\/en\/billetterie\/","title":{"rendered":"Get your ticket"},"content":{"rendered":"\n<div style=\"height:25px\" aria-hidden=\"true\" class=\"wp-block-spacer\"><\/div>\n\n\n\n<h2 class=\"has-text-align-center has-gradient-1-gradient-background has-background wp-block-heading\">GET YOUR PASS INTO THE FUTURE !<\/h2>\n\n\n\n<p><strong>Laval Virtual is the first VR\/AR event in Europe<\/strong>&nbsp;with its 200 exhibitors. From April 12 to 14, 2023 in Laval (France) <strong>the Recto VRso digital art festival<\/strong> and the&nbsp;<strong>general public exhibition<\/strong>.<\/p>\n\n\n\n<div style=\"height:50px\" aria-hidden=\"true\" class=\"wp-block-spacer\"><\/div>\n\n\n\n\n\n<div style=\"margin-top:var(--wp--preset--spacing--30);margin-bottom:var(--wp--preset--spacing--30);height:25px\" aria-hidden=\"true\" class=\"wp-block-spacer\"><\/div>\n\n\n\n<div class=\"wp-block-columns is-layout-flex wp-container-core-columns-is-layout-1 wp-block-columns-is-layout-flex\">\n<div class=\"wp-block-column is-layout-flow wp-block-column-is-layout-flow\">\n<h4 class=\"wp-block-heading\">LE SALON GRAND PUBLIC<\/h4>\n\n\n\n<p>Du 12 au 16 Avril 2023, au travers d\u2019un salon de cinq jours, partez \u00e0 la d\u00e9couverte des derni\u00e8res technologies et projets d\u2019innovation. Des participants venus du monde entier viendront prendre part \u00e0 cet \u00e9v\u00e9nement unique !<\/p>\n\n\n\n<div class=\"wp-block-buttons is-layout-flex wp-block-buttons-is-layout-flex\">\n<div class=\"wp-block-button is-style-outline is-style-outline--1\"><a class=\"wp-block-button__link wp-element-button\" href=\"https:\/\/grandpublic.laval-virtual.com\/\" target=\"_blank\" rel=\"noreferrer noopener\">En savoir plus<\/a><\/div>\n<\/div>\n<\/div>\n\n\n\n<div class=\"wp-block-column is-layout-flow wp-block-column-is-layout-flow\">\n<h4 class=\"wp-block-heading\">LE SALON PROFESSIONNEL<\/h4>\n\n\n\n<p>Du 12 au 16 avril 2023, des visionnaires reconnus et des experts internationaux partageront leurs connaissances avec un public professionnel \u00e0 travers un programme de conf\u00e9rences d\u00e9di\u00e9 \u00e0 la VR et AR (R\u00e9alit\u00e9s Virtuelles et Augment\u00e9es).<\/p>\n\n\n\n<div class=\"wp-block-buttons is-layout-flex wp-block-buttons-is-layout-flex\">\n<div class=\"wp-block-button is-style-outline is-style-outline--2\"><a class=\"wp-block-button__link wp-element-button\" href=\"https:\/\/laval-virtual.com\/\" target=\"_blank\" rel=\"noreferrer noopener\">En savoir plus<\/a><\/div>\n<\/div>\n<\/div>\n<\/div>\n\n\n\n<div style=\"height:25px\" aria-hidden=\"true\" class=\"wp-block-spacer\"><\/div>\n\n\n\n<div style=\"height:25px\" aria-hidden=\"true\" class=\"wp-block-spacer\"><\/div>\n","protected":false},"excerpt":{"rendered":"<p>GET YOUR PASS INTO THE FUTURE ! Laval Virtual is the first VR\/AR event in Europe&nbsp;with its 200 exhibitors. From April 12 to 14, 2023 in Laval (France) the Recto [&hellip;]<\/p>\n","protected":false},"author":2,"featured_media":0,"parent":0,"menu_order":0,"comment_status":"closed","ping_status":"closed","template":"","meta":{"_acf_changed":false,"content-type":"","footnotes":""},"class_list":["post-1402","page","type-page","status-publish","hentry"],"acf":[],"yoast_head":"<!-- This site is optimized with the Yoast SEO plugin v26.8 - https:\/\/yoast.com\/product\/yoast-seo-wordpress\/ -->\n<title>Get your ticket - Recto VRso<\/title>\n<meta name=\"robots\" content=\"index, follow, max-snippet:-1, max-image-preview:large, max-video-preview:-1\" \/>\n<link rel=\"canonical\" href=\"https:\/\/recto-vrso.com\/en\/billetterie\/\" \/>\n<meta property=\"og:locale\" content=\"en_US\" \/>\n<meta property=\"og:type\" content=\"article\" \/>\n<meta property=\"og:title\" content=\"Get your ticket - Recto VRso\" \/>\n<meta property=\"og:description\" content=\"GET YOUR PASS INTO THE FUTURE ! Laval Virtual is the first VR\/AR event in Europe&nbsp;with its 200 exhibitors. From April 12 to 14, 2023 in Laval (France) the Recto [&hellip;]\" \/>\n<meta property=\"og:url\" content=\"https:\/\/recto-vrso.com\/en\/billetterie\/\" \/>\n<meta property=\"og:site_name\" content=\"Recto VRso\" \/>\n<meta property=\"article:modified_time\" content=\"2023-04-05T09:07:22+00:00\" \/>\n<meta name=\"twitter:card\" content=\"summary_large_image\" \/>\n<meta name=\"twitter:label1\" content=\"Est. reading time\" \/>\n\t<meta name=\"twitter:data1\" content=\"1 minute\" \/>\n<script type=\"application\/ld+json\" class=\"yoast-schema-graph\">{\"@context\":\"https:\/\/schema.org\",\"@graph\":[{\"@type\":\"WebPage\",\"@id\":\"https:\/\/recto-vrso.com\/en\/billetterie\/\",\"url\":\"https:\/\/recto-vrso.com\/en\/billetterie\/\",\"name\":\"Get your ticket - Recto VRso\",\"isPartOf\":{\"@id\":\"https:\/\/recto-vrso.com\/#website\"},\"datePublished\":\"2023-03-02T19:58:04+00:00\",\"dateModified\":\"2023-04-05T09:07:22+00:00\",\"inLanguage\":\"en-US\",\"potentialAction\":[{\"@type\":\"ReadAction\",\"target\":[\"https:\/\/recto-vrso.com\/en\/billetterie\/\"]}]},{\"@type\":\"WebSite\",\"@id\":\"https:\/\/recto-vrso.com\/#website\",\"url\":\"https:\/\/recto-vrso.com\/\",\"name\":\"Recto VRso\",\"description\":\"\",\"potentialAction\":[{\"@type\":\"SearchAction\",\"target\":{\"@type\":\"EntryPoint\",\"urlTemplate\":\"https:\/\/recto-vrso.com\/?s={search_term_string}\"},\"query-input\":{\"@type\":\"PropertyValueSpecification\",\"valueRequired\":true,\"valueName\":\"search_term_string\"}}],\"inLanguage\":\"en-US\"}]}<\/script>\n<!-- \/ Yoast SEO plugin. -->","yoast_head_json":{"title":"Get your ticket - Recto VRso","robots":{"index":"index","follow":"follow","max-snippet":"max-snippet:-1","max-image-preview":"max-image-preview:large","max-video-preview":"max-video-preview:-1"},"canonical":"https:\/\/recto-vrso.com\/en\/billetterie\/","og_locale":"en_US","og_type":"article","og_title":"Get your ticket - Recto VRso","og_description":"GET YOUR PASS INTO THE FUTURE ! Laval Virtual is the first VR\/AR event in Europe&nbsp;with its 200 exhibitors. From April 12 to 14, 2023 in Laval (France) the Recto [&hellip;]","og_url":"https:\/\/recto-vrso.com\/en\/billetterie\/","og_site_name":"Recto VRso","article_modified_time":"2023-04-05T09:07:22+00:00","twitter_card":"summary_large_image","twitter_misc":{"Est. reading time":"1 minute"},"schema":{"@context":"https:\/\/schema.org","@graph":[{"@type":"WebPage","@id":"https:\/\/recto-vrso.com\/en\/billetterie\/","url":"https:\/\/recto-vrso.com\/en\/billetterie\/","name":"Get your ticket - Recto VRso","isPartOf":{"@id":"https:\/\/recto-vrso.com\/#website"},"datePublished":"2023-03-02T19:58:04+00:00","dateModified":"2023-04-05T09:07:22+00:00","inLanguage":"en-US","potentialAction":[{"@type":"ReadAction","target":["https:\/\/recto-vrso.com\/en\/billetterie\/"]}]},{"@type":"WebSite","@id":"https:\/\/recto-vrso.com\/#website","url":"https:\/\/recto-vrso.com\/","name":"Recto VRso","description":"","potentialAction":[{"@type":"SearchAction","target":{"@type":"EntryPoint","urlTemplate":"https:\/\/recto-vrso.com\/?s={search_term_string}"},"query-input":{"@type":"PropertyValueSpecification","valueRequired":true,"valueName":"search_term_string"}}],"inLanguage":"en-US"}]}},"_links":{"self":[{"href":"https:\/\/recto-vrso.com\/en\/wp-json\/wp\/v2\/pages\/1402","targetHints":{"allow":["GET"]}}],"collection":[{"href":"https:\/\/recto-vrso.com\/en\/wp-json\/wp\/v2\/pages"}],"about":[{"href":"https:\/\/recto-vrso.com\/en\/wp-json\/wp\/v2\/types\/page"}],"author":[{"embeddable":true,"href":"https:\/\/recto-vrso.com\/en\/wp-json\/wp\/v2\/users\/2"}],"replies":[{"embeddable":true,"href":"https:\/\/recto-vrso.com\/en\/wp-json\/wp\/v2\/comments?post=1402"}],"version-history":[{"count":10,"href":"https:\/\/recto-vrso.com\/en\/wp-json\/wp\/v2\/pages\/1402\/revisions"}],"predecessor-version":[{"id":1817,"href":"https:\/\/recto-vrso.com\/en\/wp-json\/wp\/v2\/pages\/1402\/revisions\/1817"}],"wp:attachment":[{"href":"https:\/\/recto-vrso.com\/en\/wp-json\/wp\/v2\/media?parent=1402"}],"curies":[{"name":"wp","href":"https:\/\/api.w.org\/{rel}","templated":true}]}}