{"id":1400,"date":"2023-02-15T10:41:02","date_gmt":"2023-02-15T09:41:02","guid":{"rendered":"https:\/\/recto-vrso.com\/festival\/"},"modified":"2026-01-21T15:12:32","modified_gmt":"2026-01-21T14:12:32","slug":"festival","status":"publish","type":"page","link":"https:\/\/recto-vrso.com\/en\/festival\/","title":{"rendered":"Recto VRso 2025"},"content":{"rendered":"\n<div class=\"wp-block-group alignfull has-global-padding is-layout-constrained wp-block-group-is-layout-constrained has-background\" style=\"padding-top:var(--wp--preset--spacing--80);padding-bottom:var(--wp--preset--spacing--80);background-image:url(&#039;http:\/\/recto-vrso.com\/wp-content\/uploads\/2025\/01\/Home-Recto_VRso.png&#039;);background-position:51% 53%;background-size:cover;\">\n<h1 class=\"wp-block-heading has-text-align-center is-style-default has-contrast-color has-text-color has-link-color has-hwt-mardell-font-family wp-elements-b001f9f4cc5ae1ff71cbba7c4f182745\" style=\"font-size:5rem\">POP CHAOS!<\/h1>\n\n\n\n<div class=\"wp-block-group alignwide is-layout-flow wp-block-group-is-layout-flow\">\n<div class=\"wp-block-columns are-vertically-aligned-center is-layout-flex wp-container-core-columns-is-layout-1 wp-block-columns-is-layout-flex\" style=\"margin-top:0;margin-bottom:0;padding-right:var(--wp--preset--spacing--80);padding-left:var(--wp--preset--spacing--80)\">\n<div class=\"wp-block-column is-vertically-aligned-center is-layout-flow wp-block-column-is-layout-flow\" style=\"flex-basis:45%\">\n<p class=\"has-text-align-right has-contrast-color has-text-color has-link-color has-x-large-font-size wp-elements-7fd5be597cce6514a7e0e26888d44077\"><strong>APRIL 10<\/strong><\/p>\n<\/div>\n\n\n\n<div class=\"wp-block-column is-vertically-aligned-center is-layout-flow wp-block-column-is-layout-flow\" style=\"flex-basis:10%\">\n<figure class=\"wp-block-image aligncenter size-full is-resized arrow-rotate\" style=\"margin-top:0;margin-right:-50px;margin-bottom:0;margin-left:-50px\"><img decoding=\"async\" src=\"http:\/\/recto-vrso.com\/wp-content\/uploads\/2025\/01\/logo-xs-white.svg\" alt=\"\" class=\"wp-image-5525\" style=\"aspect-ratio:1;width:54px;height:auto\"\/><\/figure>\n<\/div>\n\n\n\n<div class=\"wp-block-column is-vertically-aligned-center is-layout-flow wp-block-column-is-layout-flow\" style=\"flex-basis:45%\">\n<p class=\"has-text-align-left has-contrast-color has-text-color has-link-color has-x-large-font-size wp-elements-be7761c81939e15e230b412a2dd49786\" style=\"border-style:none;border-width:0px\"><strong>APRIL 13<\/strong><\/p>\n<\/div>\n<\/div>\n\n\n\n<p class=\"has-text-align-center has-contrast-color has-text-color has-link-color wp-elements-8a2123e9fea01361514e41fb560866c0\">Immerse yourself in the discovery of immersive and interactive art with the Recto VRso international festival!<br\/>A blend of art, science and technology, the event takes place alongside the Laval Virtual trade show.<\/p>\n\n\n\n<p class=\"has-text-align-center has-contrast-color has-text-color has-link-color wp-elements-465b8cb197af023f99fe025b2a421389\"><em>Open from April 10 to 13, 2025, from 10am to 1pm and 2pm to 6pm.<\/em><\/p>\n<\/div>\n<\/div>\n\n<div class=\"wp-block-group alignfull has-custom-gradient-gradient-background has-background has-global-padding is-layout-constrained wp-block-group-is-layout-constrained\" style=\"min-height:10px;margin-top:0;margin-bottom:0\">\n<hr class=\"wp-block-separator has-text-color has-alpha-channel-opacity has-background\" style=\"background-color:#ffffff00;color:#ffffff00\"\/>\n<\/div>\n\n<div class=\"wp-block-group alignfull has-global-padding is-layout-constrained wp-container-core-group-is-layout-6 wp-block-group-is-layout-constrained\">\n<div class=\"wp-block-group alignwide has-global-padding is-layout-constrained wp-block-group-is-layout-constrained\" style=\"margin-top:-5rem;margin-bottom:0\">\n<div class=\"wp-block-columns alignwide order-reverse is-layout-flex wp-container-core-columns-is-layout-2 wp-block-columns-is-layout-flex\">\n<div class=\"wp-block-column is-vertically-aligned-bottom is-layout-flow wp-block-column-is-layout-flow\">\n<figure class=\"wp-block-image size-full buddy\"><img loading=\"lazy\" decoding=\"async\" width=\"680\" height=\"904\" src=\"http:\/\/recto-vrso.com\/wp-content\/uploads\/2025\/01\/HOMME_NUAGE-1.png\" alt=\"\" class=\"wp-image-5504\" srcset=\"https:\/\/recto-vrso.com\/wp-content\/uploads\/2025\/01\/HOMME_NUAGE-1.png 680w, https:\/\/recto-vrso.com\/wp-content\/uploads\/2025\/01\/HOMME_NUAGE-1-226x300.png 226w\" sizes=\"auto, (max-width: 680px) 100vw, 680px\" \/><\/figure>\n<\/div>\n\n\n\n<div class=\"wp-block-column is-layout-flow wp-block-column-is-layout-flow\" style=\"padding-top:10rem;padding-bottom:5rem;flex-basis:45%\">\n<div class=\"wp-block-group has-background has-global-padding is-layout-constrained wp-container-core-group-is-layout-4 wp-block-group-is-layout-constrained\" style=\"background-color:#ffffff9e;padding-top:var(--wp--preset--spacing--50);padding-right:var(--wp--preset--spacing--40);padding-bottom:var(--wp--preset--spacing--50);padding-left:var(--wp--preset--spacing--40)\">\n<p class=\"has-contrast-color has-text-color has-link-color wp-elements-a7e0aee3fe101d9f54b21e7cfd32ae95\">8th edition from 10 to 13 April 2025<\/p>\n\n\n\n<h2 class=\"wp-block-heading has-contrast-color has-text-color has-link-color wp-elements-cf7bb4feb36e6a943eb02ed7dababbeb\">Recto VRso: between Arts, Sciences and Technologies<\/h2>\n\n\n\n<p class=\"has-contrast-color has-text-color has-link-color wp-elements-58ad36266ec39ac33797c7aca01d6696\">Recto VRso is an <strong>international exhibition of art and virtual and mixed reality<\/strong> held as part of the Laval Virtual trade show. Con\u00e7ue par l\u2019artiste-chercheure Judith Guez, Recto VRso a pour objectif d\u2019inviter les \u0153uvres d\u2019artistes, de chercheurs, d\u2019\u00e9tudiants et d\u2019explorateurs qui interrogent de pr\u00e8s ou de loin le m\u00e9dium de la r\u00e9alit\u00e9 virtuelle, de mani\u00e8re \u00e0 faire \u00e9merger de nouvelles formes artistiques.<\/p>\n\n\n\n<p class=\"has-contrast-color has-text-color has-link-color wp-elements-83ea557bb86062ba6476defe79d7733d\">The 8\u1d49 edition of Recto VRso will be held from April 10 to 13, 2025, <strong>under the following theme: Pop Chaos!<\/strong> Access to the festival is totally <strong>free<\/strong> and will take place at Le Quarante, in Laval.<\/p>\n\n\n\n<div class=\"wp-block-buttons is-layout-flex wp-block-buttons-is-layout-flex\">\n<div class=\"wp-block-button is-style-negative-btn is-style-negative-btn--1\"><a class=\"wp-block-button__link wp-element-button\" href=\"https:\/\/recto-vrso.com\/en\/art-vr-gallery-2025-en\/\">Discover the gallery<\/a><\/div>\n<\/div>\n<\/div>\n<\/div>\n<\/div>\n<\/div>\n<\/div>\n\n<div class=\"wp-block-group alignfull overflow-hidden has-custom-gradient-gradient-background has-background has-global-padding is-layout-constrained wp-container-core-group-is-layout-8 wp-block-group-is-layout-constrained\" style=\"margin-top:0;margin-bottom:0;padding-top:var(--wp--preset--spacing--80);padding-right:0;padding-bottom:0rem;padding-left:0\">\n<div class=\"wp-block-group alignwide has-global-padding is-layout-constrained wp-container-core-group-is-layout-7 wp-block-group-is-layout-constrained\" style=\"padding-right:var(--wp--preset--spacing--80);padding-left:var(--wp--preset--spacing--80)\">\n<div class=\"wp-block-columns alignwide is-layout-flex wp-container-core-columns-is-layout-3 wp-block-columns-is-layout-flex\" style=\"padding-top:var(--wp--preset--spacing--20);padding-right:0;padding-bottom:var(--wp--preset--spacing--20);padding-left:0\">\n<div class=\"wp-block-column is-layout-flow wp-container-core-column-is-layout-6 wp-block-column-is-layout-flow\">\n<p class=\"has-text-align-center has-base-color has-text-color has-link-color wp-elements-dc1ec6785ae27592b1a0558f5a629392\" style=\"font-size:4rem\">4<\/p>\n\n\n\n<p class=\"has-text-align-center has-base-color has-text-color has-link-color has-hwt-mardell-font-family has-large-font-size wp-elements-22a81f427533e67c79f301d2fbe17d9d\">DAYS<\/p>\n<\/div>\n\n\n\n<div class=\"wp-block-column is-layout-flow wp-container-core-column-is-layout-7 wp-block-column-is-layout-flow\">\n<p class=\"has-text-align-center has-base-color has-text-color has-link-color wp-elements-f2f826af3a547d9104198ed2bf2b08f9\" style=\"font-size:4rem\">55<\/p>\n\n\n\n<p class=\"has-text-align-center has-base-color has-text-color has-link-color has-hwt-mardell-font-family has-large-font-size wp-elements-b8ee99077aad30ad68f755b2f10d6f87\">WORKS<\/p>\n<\/div>\n\n\n\n<div class=\"wp-block-column is-layout-flow wp-container-core-column-is-layout-8 wp-block-column-is-layout-flow\">\n<p class=\"has-text-align-center has-base-color has-text-color has-link-color wp-elements-98ab1360b09bc8ff234aed3ef4bb8486\" style=\"font-size:4rem\">12<\/p>\n\n\n\n<p class=\"has-text-align-center has-base-color has-text-color has-link-color has-hwt-mardell-font-family has-large-font-size wp-elements-171e9c7626f14e6b4e144c7dd2d74f36\">ARTISTS<\/p>\n<\/div>\n\n\n\n<div class=\"wp-block-column is-layout-flow wp-container-core-column-is-layout-9 wp-block-column-is-layout-flow\">\n<p class=\"has-text-align-center has-base-color has-text-color has-link-color wp-elements-3f3209dea93f9582a4d1de2e7a9c447f\" style=\"font-size:4rem\">1400<\/p>\n\n\n\n<p class=\"has-text-align-center has-base-color has-text-color has-link-color has-hwt-mardell-font-family has-large-font-size wp-elements-71299b9e318cb32160a2f728e3a389df\">attendees<\/p>\n<\/div>\n<\/div>\n<\/div>\n\n\n\n<figure class=\"wp-block-image alignfull size-full clouds\" style=\"margin-top:-5vw\"><img loading=\"lazy\" decoding=\"async\" width=\"1920\" height=\"333\" src=\"http:\/\/recto-vrso.com\/wp-content\/uploads\/2025\/01\/CLOUDS.png\" alt=\"\" class=\"wp-image-5502\" srcset=\"https:\/\/recto-vrso.com\/wp-content\/uploads\/2025\/01\/CLOUDS.png 1920w, https:\/\/recto-vrso.com\/wp-content\/uploads\/2025\/01\/CLOUDS-300x52.png 300w, https:\/\/recto-vrso.com\/wp-content\/uploads\/2025\/01\/CLOUDS-1024x178.png 1024w, https:\/\/recto-vrso.com\/wp-content\/uploads\/2025\/01\/CLOUDS-768x133.png 768w, https:\/\/recto-vrso.com\/wp-content\/uploads\/2025\/01\/CLOUDS-1536x266.png 1536w\" sizes=\"auto, (max-width: 1920px) 100vw, 1920px\" \/><\/figure>\n<\/div>\n\n<div class=\"wp-block-columns alignwide front is-layout-flex wp-container-core-columns-is-layout-4 wp-block-columns-is-layout-flex\" style=\"margin-top:-50px;margin-bottom:var(--wp--preset--spacing--80)\">\n<div class=\"wp-block-column is-vertically-aligned-top is-layout-flow wp-block-column-is-layout-flow\">\n<figure class=\"wp-block-image aligncenter size-full\"><img loading=\"lazy\" decoding=\"async\" width=\"272\" height=\"228\" src=\"http:\/\/recto-vrso.com\/wp-content\/uploads\/2025\/01\/blob1.png\" alt=\"\" class=\"wp-image-5494\" style=\"object-fit:cover\"\/><\/figure>\n\n\n\n<h2 class=\"wp-block-heading has-contrast-color has-text-color has-link-color has-large-font-size wp-elements-bdcc3319b6654873cf2f13192c94e07b\">The Art &amp; VR Gallery<\/h2>\n\n\n\n<p class=\"has-contrast-color has-text-color has-link-color wp-elements-6acaea5e1fee5979e5493949b0095a88\">The Art &amp; VR Gallery is the official exhibition of Recto VRso, featuring <strong>over a dozen international artists<\/strong> exhibiting works exploring an annual theme. This year&#8217;s theme is <strong>Pop Chaos<\/strong>! <\/p>\n\n\n\n<p class=\"has-contrast-color has-text-color has-link-color wp-elements-51de5f45714f00510c9ca6e5fb966f4d\"><em>April 10-13, 2025, at Le Quarante (Rue du Britais &#8211; Laval).<\/em><\/p>\n\n\n\n<div class=\"wp-block-buttons is-layout-flex wp-block-buttons-is-layout-flex\">\n<div class=\"wp-block-button is-style-negative-btn is-style-negative-btn--2\"><a class=\"wp-block-button__link wp-element-button\" href=\"https:\/\/recto-vrso.com\/en\/art-vr-gallery-2025-en\/\">Know more<\/a><\/div>\n<\/div>\n<\/div>\n\n\n\n<div class=\"wp-block-column is-vertically-aligned-top is-layout-flow wp-block-column-is-layout-flow\">\n<figure class=\"wp-block-image aligncenter size-full\"><img loading=\"lazy\" decoding=\"async\" width=\"296\" height=\"228\" src=\"http:\/\/recto-vrso.com\/wp-content\/uploads\/2025\/01\/blob2.png\" alt=\"\" class=\"wp-image-5496\" style=\"object-fit:cover\"\/><\/figure>\n\n\n\n<h2 class=\"wp-block-heading has-contrast-color has-text-color has-link-color has-large-font-size wp-elements-a344c0237391d2af1c2640dda591f55d\">The R&amp;C Lab&#8217;<\/h2>\n\n\n\n<p class=\"has-contrast-color has-text-color has-link-color wp-elements-c904caf738f2aa1364f075e96d617dcf\"><strong>The Research &amp; Creation Laboratory promotes artistic diversity by inviting established artists, students, researchers and collectives to take over different spaces.<\/strong> University and school projects in digital creation, guest curators, collectives, pioneering and emerging artists.<\/p>\n\n\n\n<p class=\"has-contrast-color has-text-color has-link-color wp-elements-51de5f45714f00510c9ca6e5fb966f4d\"><em>April 10-13, 2025, at Le Quarante (Rue du Britais &#8211; Laval).<\/em><\/p>\n\n\n\n<div class=\"wp-block-buttons is-layout-flex wp-block-buttons-is-layout-flex\">\n<div class=\"wp-block-button is-style-negative-btn is-style-negative-btn--3\"><a class=\"wp-block-button__link wp-element-button\" href=\"https:\/\/recto-vrso.com\/en\/lab-research-creation-2025-2\/\">Discover the lab<\/a><\/div>\n<\/div>\n<\/div>\n\n\n\n<div class=\"wp-block-column is-vertically-aligned-top is-layout-flow wp-block-column-is-layout-flow\">\n<figure class=\"wp-block-image aligncenter size-full\"><img loading=\"lazy\" decoding=\"async\" width=\"296\" height=\"228\" src=\"http:\/\/recto-vrso.com\/wp-content\/uploads\/2025\/01\/blob3.png\" alt=\"\" class=\"wp-image-5498\" style=\"object-fit:cover\"\/><\/figure>\n\n\n\n<h2 class=\"wp-block-heading has-contrast-color has-text-color has-link-color has-large-font-size wp-elements-80889eb7a3b391cb838990e19cbe421f\">&#8220;Xtended&#8221;<\/h2>\n\n\n\n<p class=\"has-contrast-color has-text-color has-link-color wp-elements-cac01edbaf531c2fe03df8a141e3f504\">Recto VRso is expanding with \u2018Xtended\u2019, inviting you to <strong>explore digital discovery through fun, immersive experiences.<\/strong><\/p>\n\n\n\n<p class=\"has-contrast-color has-text-color has-link-color wp-elements-160e8dfdc172d6ac01f9c2e26751d74b\"><em>April 12 and 13, 2025, at Le Quarante (Rue du Britais &#8211; Laval).<\/em><\/p>\n\n\n\n<div class=\"wp-block-buttons is-layout-flex wp-block-buttons-is-layout-flex\">\n<div class=\"wp-block-button is-style-negative-btn is-style-negative-btn--4\"><a class=\"wp-block-button__link wp-element-button\" href=\"https:\/\/recto-vrso.com\/xtended\/\">What to expect<\/a><\/div>\n<\/div>\n<\/div>\n<\/div>\n\n<div class=\"wp-block-group alignfull has-global-padding is-layout-constrained wp-block-group-is-layout-constrained has-background\" style=\"margin-top:0;margin-bottom:0;padding-top:var(--wp--preset--spacing--80);padding-bottom:var(--wp--preset--spacing--80);background-image:url(&#039;http:\/\/recto-vrso.com\/wp-content\/uploads\/2025\/01\/Cloud_full.png&#039;);background-size:cover;\">\n<h2 class=\"wp-block-heading has-text-align-center has-contrast-color has-text-color has-link-color wp-elements-99718771dcac81040c62afa05308b637\">Come and discover<\/h2>\n\n\n\n<h2 class=\"wp-block-heading alignwide has-text-align-center has-contrast-color has-text-color has-link-color has-hwt-mardell-font-family wp-elements-e47190886c41b57de0b8d3eb4d76baad\" style=\"margin-top:0;margin-bottom:0;font-size:6.4vw\">l&#8217;art &amp; vr gallery<\/h2>\n\n\n\n<div class=\"wp-block-buttons is-content-justification-center is-layout-flex wp-container-core-buttons-is-layout-5 wp-block-buttons-is-layout-flex\">\n<div class=\"wp-block-button is-style-negative-btn is-style-negative-btn--5\"><a class=\"wp-block-button__link wp-element-button\" href=\"https:\/\/recto-vrso.com\/en\/art-vr-gallery-2025-en\/\">Know more<\/a><\/div>\n<\/div>\n<\/div>\n","protected":false},"excerpt":{"rendered":"<p>POP CHAOS! APRIL 10 APRIL 13 Immerse yourself in the discovery of immersive and interactive art with the Recto VRso international festival!A blend of art, science and technology, the event [&hellip;]<\/p>\n","protected":false},"author":6,"featured_media":4644,"parent":0,"menu_order":0,"comment_status":"closed","ping_status":"closed","template":"","meta":{"_acf_changed":false,"content-type":"","footnotes":""},"class_list":["post-1400","page","type-page","status-publish","has-post-thumbnail","hentry"],"acf":[],"yoast_head":"<!-- This site is optimized with the Yoast SEO plugin v26.8 - https:\/\/yoast.com\/product\/yoast-seo-wordpress\/ -->\n<title>Recto VRso 2025<\/title>\n<meta name=\"description\" content=\"Recto VRso is an international exhibition of virtual and mixed reality art held as part of Laval Virtual. From April 10 to 13, 2025!\" \/>\n<meta name=\"robots\" content=\"index, follow, max-snippet:-1, max-image-preview:large, max-video-preview:-1\" \/>\n<link rel=\"canonical\" href=\"https:\/\/recto-vrso.com\/en\/\" \/>\n<meta property=\"og:locale\" content=\"en_US\" \/>\n<meta property=\"og:type\" content=\"article\" \/>\n<meta property=\"og:title\" content=\"Recto VRso 2025\" \/>\n<meta property=\"og:description\" content=\"Recto VRso is an international exhibition of virtual and mixed reality art held as part of Laval Virtual. From April 10 to 13, 2025!\" \/>\n<meta property=\"og:url\" content=\"https:\/\/recto-vrso.com\/en\/\" \/>\n<meta property=\"og:site_name\" content=\"Recto VRso\" \/>\n<meta property=\"article:modified_time\" content=\"2026-01-21T14:12:32+00:00\" \/>\n<meta property=\"og:image\" content=\"http:\/\/recto-vrso.com\/wp-content\/uploads\/sites\/2\/2023\/03\/52037874731_2dfa60d324_c.jpg\" \/>\n<meta name=\"twitter:card\" content=\"summary_large_image\" \/>\n<meta name=\"twitter:label1\" content=\"Est. reading time\" \/>\n\t<meta name=\"twitter:data1\" content=\"3 minutes\" \/>\n<script type=\"application\/ld+json\" class=\"yoast-schema-graph\">{\"@context\":\"https:\/\/schema.org\",\"@graph\":[{\"@type\":\"WebPage\",\"@id\":\"https:\/\/recto-vrso.com\/en\/\",\"url\":\"https:\/\/recto-vrso.com\/en\/\",\"name\":\"Recto VRso 2025\",\"isPartOf\":{\"@id\":\"https:\/\/recto-vrso.com\/#website\"},\"primaryImageOfPage\":{\"@id\":\"https:\/\/recto-vrso.com\/en\/#primaryimage\"},\"image\":{\"@id\":\"https:\/\/recto-vrso.com\/en\/#primaryimage\"},\"thumbnailUrl\":\"https:\/\/recto-vrso.com\/wp-content\/uploads\/2024\/08\/53659781581_642b1b8535_k.jpg\",\"datePublished\":\"2023-02-15T09:41:02+00:00\",\"dateModified\":\"2026-01-21T14:12:32+00:00\",\"description\":\"Recto VRso is an international exhibition of virtual and mixed reality art held as part of Laval Virtual. From April 10 to 13, 2025!\",\"inLanguage\":\"en-US\",\"potentialAction\":[{\"@type\":\"ReadAction\",\"target\":[\"https:\/\/recto-vrso.com\/en\/\"]}]},{\"@type\":\"ImageObject\",\"inLanguage\":\"en-US\",\"@id\":\"https:\/\/recto-vrso.com\/en\/#primaryimage\",\"url\":\"https:\/\/recto-vrso.com\/wp-content\/uploads\/2024\/08\/53659781581_642b1b8535_k.jpg\",\"contentUrl\":\"https:\/\/recto-vrso.com\/wp-content\/uploads\/2024\/08\/53659781581_642b1b8535_k.jpg\",\"width\":2048,\"height\":1365},{\"@type\":\"WebSite\",\"@id\":\"https:\/\/recto-vrso.com\/#website\",\"url\":\"https:\/\/recto-vrso.com\/\",\"name\":\"Recto VRso\",\"description\":\"\",\"potentialAction\":[{\"@type\":\"SearchAction\",\"target\":{\"@type\":\"EntryPoint\",\"urlTemplate\":\"https:\/\/recto-vrso.com\/?s={search_term_string}\"},\"query-input\":{\"@type\":\"PropertyValueSpecification\",\"valueRequired\":true,\"valueName\":\"search_term_string\"}}],\"inLanguage\":\"en-US\"}]}<\/script>\n<!-- \/ Yoast SEO plugin. -->","yoast_head_json":{"title":"Recto VRso 2025","description":"Recto VRso is an international exhibition of virtual and mixed reality art held as part of Laval Virtual. From April 10 to 13, 2025!","robots":{"index":"index","follow":"follow","max-snippet":"max-snippet:-1","max-image-preview":"max-image-preview:large","max-video-preview":"max-video-preview:-1"},"canonical":"https:\/\/recto-vrso.com\/en\/","og_locale":"en_US","og_type":"article","og_title":"Recto VRso 2025","og_description":"Recto VRso is an international exhibition of virtual and mixed reality art held as part of Laval Virtual. From April 10 to 13, 2025!","og_url":"https:\/\/recto-vrso.com\/en\/","og_site_name":"Recto VRso","article_modified_time":"2026-01-21T14:12:32+00:00","og_image":[{"url":"http:\/\/recto-vrso.com\/wp-content\/uploads\/sites\/2\/2023\/03\/52037874731_2dfa60d324_c.jpg","type":"","width":"","height":""}],"twitter_card":"summary_large_image","twitter_misc":{"Est. reading time":"3 minutes"},"schema":{"@context":"https:\/\/schema.org","@graph":[{"@type":"WebPage","@id":"https:\/\/recto-vrso.com\/en\/","url":"https:\/\/recto-vrso.com\/en\/","name":"Recto VRso 2025","isPartOf":{"@id":"https:\/\/recto-vrso.com\/#website"},"primaryImageOfPage":{"@id":"https:\/\/recto-vrso.com\/en\/#primaryimage"},"image":{"@id":"https:\/\/recto-vrso.com\/en\/#primaryimage"},"thumbnailUrl":"https:\/\/recto-vrso.com\/wp-content\/uploads\/2024\/08\/53659781581_642b1b8535_k.jpg","datePublished":"2023-02-15T09:41:02+00:00","dateModified":"2026-01-21T14:12:32+00:00","description":"Recto VRso is an international exhibition of virtual and mixed reality art held as part of Laval Virtual. From April 10 to 13, 2025!","inLanguage":"en-US","potentialAction":[{"@type":"ReadAction","target":["https:\/\/recto-vrso.com\/en\/"]}]},{"@type":"ImageObject","inLanguage":"en-US","@id":"https:\/\/recto-vrso.com\/en\/#primaryimage","url":"https:\/\/recto-vrso.com\/wp-content\/uploads\/2024\/08\/53659781581_642b1b8535_k.jpg","contentUrl":"https:\/\/recto-vrso.com\/wp-content\/uploads\/2024\/08\/53659781581_642b1b8535_k.jpg","width":2048,"height":1365},{"@type":"WebSite","@id":"https:\/\/recto-vrso.com\/#website","url":"https:\/\/recto-vrso.com\/","name":"Recto VRso","description":"","potentialAction":[{"@type":"SearchAction","target":{"@type":"EntryPoint","urlTemplate":"https:\/\/recto-vrso.com\/?s={search_term_string}"},"query-input":{"@type":"PropertyValueSpecification","valueRequired":true,"valueName":"search_term_string"}}],"inLanguage":"en-US"}]}},"_links":{"self":[{"href":"https:\/\/recto-vrso.com\/en\/wp-json\/wp\/v2\/pages\/1400","targetHints":{"allow":["GET"]}}],"collection":[{"href":"https:\/\/recto-vrso.com\/en\/wp-json\/wp\/v2\/pages"}],"about":[{"href":"https:\/\/recto-vrso.com\/en\/wp-json\/wp\/v2\/types\/page"}],"author":[{"embeddable":true,"href":"https:\/\/recto-vrso.com\/en\/wp-json\/wp\/v2\/users\/6"}],"replies":[{"embeddable":true,"href":"https:\/\/recto-vrso.com\/en\/wp-json\/wp\/v2\/comments?post=1400"}],"version-history":[{"count":109,"href":"https:\/\/recto-vrso.com\/en\/wp-json\/wp\/v2\/pages\/1400\/revisions"}],"predecessor-version":[{"id":6503,"href":"https:\/\/recto-vrso.com\/en\/wp-json\/wp\/v2\/pages\/1400\/revisions\/6503"}],"wp:featuredmedia":[{"embeddable":true,"href":"https:\/\/recto-vrso.com\/en\/wp-json\/wp\/v2\/media\/4644"}],"wp:attachment":[{"href":"https:\/\/recto-vrso.com\/en\/wp-json\/wp\/v2\/media?parent=1400"}],"curies":[{"name":"wp","href":"https:\/\/api.w.org\/{rel}","templated":true}]}}