{"id":1393,"date":"2023-02-20T17:50:55","date_gmt":"2023-02-20T16:50:55","guid":{"rendered":"https:\/\/recto-vrso.com\/le-off\/"},"modified":"2023-11-20T13:54:33","modified_gmt":"2023-11-20T12:54:33","slug":"le-off","status":"publish","type":"page","link":"https:\/\/recto-vrso.com\/en\/le-off\/","title":{"rendered":"Le OFF"},"content":{"rendered":"\n<section class=\"banner alignfull \" style=\"background-image: url(https:\/\/recto-vrso.com\/wp-content\/uploads\/2023\/02\/1200x680_20221102_142628-1-e1677576429246.jpg)\">>\n        <div class=\"container\">\n        <div class=\"content\">\n            <h1>\n                Le OFF            <\/h1>\n                        <p>\n                Retrouvez la partie OFF du festival Recto VRso au Quarante, nouveau lieu culturel de la ville de Laval, pour tout public en acc\u00e8s gratuit.            <\/p>\n                            <a href=\"#\" target=\"\" class=\"btn btn--gradient\">\n                    Programme de la semaine                <\/a>\n                                <\/div>\n    <\/div>\n<\/section>\n<div style=\"height:50px\" aria-hidden=\"true\" class=\"wp-block-spacer\"><\/div>\n\n<div class=\"wp-block-columns is-layout-flex wp-container-core-columns-is-layout-1 wp-block-columns-is-layout-flex\">\n<div class=\"wp-block-column is-layout-flow wp-block-column-is-layout-flow\">\n<figure class=\"wp-block-image size-full\"><img loading=\"lazy\" decoding=\"async\" width=\"2560\" height=\"1707\" src=\"https:\/\/recto-vrso.com\/wp-content\/uploads\/sites\/2\/2023\/02\/52038375400_613a9d4a74_o-scaled.jpg\" alt=\"\" class=\"wp-image-69\" style=\"aspect-ratio:1;object-fit:cover\" srcset=\"https:\/\/recto-vrso.com\/wp-content\/uploads\/2023\/02\/52038375400_613a9d4a74_o-scaled.jpg 2560w, https:\/\/recto-vrso.com\/wp-content\/uploads\/2023\/02\/52038375400_613a9d4a74_o-300x200.jpg 300w, https:\/\/recto-vrso.com\/wp-content\/uploads\/2023\/02\/52038375400_613a9d4a74_o-1024x683.jpg 1024w, https:\/\/recto-vrso.com\/wp-content\/uploads\/2023\/02\/52038375400_613a9d4a74_o-768x512.jpg 768w, https:\/\/recto-vrso.com\/wp-content\/uploads\/2023\/02\/52038375400_613a9d4a74_o-1536x1024.jpg 1536w, https:\/\/recto-vrso.com\/wp-content\/uploads\/2023\/02\/52038375400_613a9d4a74_o-2048x1365.jpg 2048w\" sizes=\"auto, (max-width: 2560px) 100vw, 2560px\" \/><\/figure>\n<\/div>\n\n\n\n<div class=\"wp-block-column is-layout-flow wp-block-column-is-layout-flow\">\n<h2 class=\"wp-block-heading has-violet-color has-orange-background-color  has-link-color wp-elements-d9b182a21b9aab66a5c986ef3ee38711\">La cr\u00e9ation num\u00e9rique et le patrimoine lavallois<\/h2>\n\n\n\n<p><strong>En parall\u00e8le de l&#8217;ART&amp;VR Gallery, <\/strong>une partie OFF dans la vieille ville de Laval valorise la diversit\u00e9 artistique du domaine en invitant des artistes reconnus, des \u00e9tudiants, des chercheurs et des collectifs \u00e0 s\u2019emparer de diff\u00e9rents lieux. Cette dynamique permet l\u2019exposition plus libre de projets \u00e9mergents, accompagnant une th\u00e9matique particuli\u00e8re, et hybridant diff\u00e9rentes pratiques et laissant part \u00e0 l\u2019exploration artistique. Ce parcours veut \u00e9galement favoriser les partenariats, en proposant \u00e0 des structures (acad\u00e9miques, artistiques ou industrielles) d\u2019investir un lieu, et\/ou de proposer des \u00e9v\u00e9nements en lien avec les valeurs de Recto VRso.<\/p>\n<\/div>\n<\/div>\n\n<div style=\"height:50px\" aria-hidden=\"true\" class=\"wp-block-spacer\"><\/div>\n\n<div class=\"wp-block-columns is-layout-flex wp-container-core-columns-is-layout-2 wp-block-columns-is-layout-flex\">\n<div class=\"wp-block-column is-layout-flow wp-block-column-is-layout-flow\">\n<h2 class=\"wp-block-heading has-turquoise-background-color has-background\">Plusieurs universit\u00e9s partenaires<\/h2>\n\n\n\n<p><strong>Depuis les d\u00e9buts du festival Recto VRso, plusieurs universit\u00e9s ont investi les lieux embl\u00e9matiques de Laval,<\/strong> comme les Bains-Douches ou le Mus\u00e9e Ecole de la Perrine, afin de pr\u00e9senter au grand public la recherche-cr\u00e9ation et l&#8217;art num\u00e9rique.<\/p>\n\n\n\n<p>Cette ann\u00e9e, le OFF aura lieu au Quarante, nouveau lieu culturel de la ville de Laval, et pr\u00e9sentera les oeuvres de plusieurs \u00e9coles : Universit\u00e9 Paris 8 Vincennes &#8211; Saint-Denis, Universit\u00e9 Paul-Val\u00e9ry Montpellier 3, Universit\u00e9 Rennes 2, National Tsing Hua University, Universit\u00e9 Catholique de l&#8217;Ouest &#8211; Angers<\/p>\n<\/div>\n\n\n\n<div class=\"wp-block-column is-layout-flow wp-block-column-is-layout-flow\">\n<figure class=\"wp-block-image size-full\"><img loading=\"lazy\" decoding=\"async\" width=\"2560\" height=\"1706\" src=\"https:\/\/recto-vrso.com\/wp-content\/uploads\/sites\/2\/2023\/02\/52037908213_3468ca6cd5_o-scaled.jpg\" alt=\"\" class=\"wp-image-63\" style=\"aspect-ratio:1;object-fit:cover\" srcset=\"https:\/\/recto-vrso.com\/wp-content\/uploads\/2023\/02\/52037908213_3468ca6cd5_o-scaled.jpg 2560w, https:\/\/recto-vrso.com\/wp-content\/uploads\/2023\/02\/52037908213_3468ca6cd5_o-300x200.jpg 300w, https:\/\/recto-vrso.com\/wp-content\/uploads\/2023\/02\/52037908213_3468ca6cd5_o-1024x683.jpg 1024w, https:\/\/recto-vrso.com\/wp-content\/uploads\/2023\/02\/52037908213_3468ca6cd5_o-768x512.jpg 768w, https:\/\/recto-vrso.com\/wp-content\/uploads\/2023\/02\/52037908213_3468ca6cd5_o-1536x1024.jpg 1536w, https:\/\/recto-vrso.com\/wp-content\/uploads\/2023\/02\/52037908213_3468ca6cd5_o-2048x1365.jpg 2048w\" sizes=\"auto, (max-width: 2560px) 100vw, 2560px\" \/><\/figure>\n<\/div>\n<\/div>\n\n<div style=\"height:50px\" aria-hidden=\"true\" class=\"wp-block-spacer\"><\/div>\n\n<h2 class=\"wp-block-heading alignwide has-text-align-center has-orange-turquoise-gradient-background has-background\">PLUSIEURS TEMPS FORTS DANS LA SEMAINE<\/h2>\n\n<div style=\"height:25px\" aria-hidden=\"true\" class=\"wp-block-spacer\"><\/div>\n\n<div class=\"wp-block-columns is-layout-flex wp-container-core-columns-is-layout-3 wp-block-columns-is-layout-flex\">\n<div class=\"wp-block-column is-layout-flow wp-block-column-is-layout-flow\">\n<figure class=\"wp-block-image size-large has-custom-border\"><img loading=\"lazy\" decoding=\"async\" width=\"1024\" height=\"872\" src=\"https:\/\/recto-vrso.com\/wp-content\/uploads\/sites\/2\/2023\/03\/5-expositions-4-1024x872.jpg\" alt=\"\" class=\"wp-image-510\" style=\"border-radius:10px\" srcset=\"https:\/\/recto-vrso.com\/wp-content\/uploads\/2023\/03\/5-expositions-4-1024x872.jpg 1024w, https:\/\/recto-vrso.com\/wp-content\/uploads\/2023\/03\/5-expositions-4-300x256.jpg 300w, https:\/\/recto-vrso.com\/wp-content\/uploads\/2023\/03\/5-expositions-4-768x654.jpg 768w, https:\/\/recto-vrso.com\/wp-content\/uploads\/2023\/03\/5-expositions-4.jpg 1174w\" sizes=\"auto, (max-width: 1024px) 100vw, 1024px\" \/><\/figure>\n<\/div>\n\n\n\n<div class=\"wp-block-column is-layout-flow wp-block-column-is-layout-flow\">\n<figure class=\"wp-block-image size-large has-custom-border\"><img loading=\"lazy\" decoding=\"async\" width=\"1024\" height=\"872\" src=\"https:\/\/recto-vrso.com\/wp-content\/uploads\/sites\/2\/2023\/03\/2-creative-jam-1-1024x872.jpg\" alt=\"\" class=\"wp-image-513\" style=\"border-radius:10px\" srcset=\"https:\/\/recto-vrso.com\/wp-content\/uploads\/2023\/03\/2-creative-jam-1-1024x872.jpg 1024w, https:\/\/recto-vrso.com\/wp-content\/uploads\/2023\/03\/2-creative-jam-1-300x256.jpg 300w, https:\/\/recto-vrso.com\/wp-content\/uploads\/2023\/03\/2-creative-jam-1-768x654.jpg 768w, https:\/\/recto-vrso.com\/wp-content\/uploads\/2023\/03\/2-creative-jam-1.jpg 1174w\" sizes=\"auto, (max-width: 1024px) 100vw, 1024px\" \/><\/figure>\n<\/div>\n\n\n\n<div class=\"wp-block-column is-layout-flow wp-block-column-is-layout-flow\">\n<figure class=\"wp-block-image size-large has-custom-border\"><img loading=\"lazy\" decoding=\"async\" width=\"1024\" height=\"872\" src=\"https:\/\/recto-vrso.com\/wp-content\/uploads\/sites\/2\/2023\/03\/1-atelier-spectacle-2-1024x872.jpg\" alt=\"\" class=\"wp-image-517\" style=\"border-radius:10px\" srcset=\"https:\/\/recto-vrso.com\/wp-content\/uploads\/2023\/03\/1-atelier-spectacle-2-1024x872.jpg 1024w, https:\/\/recto-vrso.com\/wp-content\/uploads\/2023\/03\/1-atelier-spectacle-2-300x256.jpg 300w, https:\/\/recto-vrso.com\/wp-content\/uploads\/2023\/03\/1-atelier-spectacle-2-768x654.jpg 768w, https:\/\/recto-vrso.com\/wp-content\/uploads\/2023\/03\/1-atelier-spectacle-2.jpg 1174w\" sizes=\"auto, (max-width: 1024px) 100vw, 1024px\" \/><\/figure>\n<\/div>\n<\/div>\n\n<div class=\"wp-block-columns is-layout-flex wp-container-core-columns-is-layout-4 wp-block-columns-is-layout-flex\">\n<div class=\"wp-block-column is-layout-flow wp-block-column-is-layout-flow\">\n<figure class=\"wp-block-image size-large has-custom-border\"><img loading=\"lazy\" decoding=\"async\" width=\"1024\" height=\"872\" src=\"https:\/\/recto-vrso.com\/wp-content\/uploads\/sites\/2\/2023\/03\/2-talbes-rondes-1-1024x872.jpg\" alt=\"\" class=\"wp-image-519\" style=\"border-radius:10px\" srcset=\"https:\/\/recto-vrso.com\/wp-content\/uploads\/2023\/03\/2-talbes-rondes-1-1024x872.jpg 1024w, https:\/\/recto-vrso.com\/wp-content\/uploads\/2023\/03\/2-talbes-rondes-1-300x256.jpg 300w, https:\/\/recto-vrso.com\/wp-content\/uploads\/2023\/03\/2-talbes-rondes-1-768x654.jpg 768w, https:\/\/recto-vrso.com\/wp-content\/uploads\/2023\/03\/2-talbes-rondes-1.jpg 1174w\" sizes=\"auto, (max-width: 1024px) 100vw, 1024px\" \/><\/figure>\n<\/div>\n\n\n\n<div class=\"wp-block-column is-layout-flow wp-block-column-is-layout-flow\">\n<figure class=\"wp-block-image size-large has-custom-border\"><img loading=\"lazy\" decoding=\"async\" width=\"1024\" height=\"872\" src=\"https:\/\/recto-vrso.com\/wp-content\/uploads\/sites\/2\/2023\/03\/3-spectacles-1-1024x872.jpg\" alt=\"\" class=\"wp-image-521\" style=\"border-radius:10px\" srcset=\"https:\/\/recto-vrso.com\/wp-content\/uploads\/2023\/03\/3-spectacles-1-1024x872.jpg 1024w, https:\/\/recto-vrso.com\/wp-content\/uploads\/2023\/03\/3-spectacles-1-300x256.jpg 300w, https:\/\/recto-vrso.com\/wp-content\/uploads\/2023\/03\/3-spectacles-1-768x654.jpg 768w, https:\/\/recto-vrso.com\/wp-content\/uploads\/2023\/03\/3-spectacles-1.jpg 1174w\" sizes=\"auto, (max-width: 1024px) 100vw, 1024px\" \/><\/figure>\n<\/div>\n\n\n\n<div class=\"wp-block-column is-layout-flow wp-block-column-is-layout-flow\">\n<figure class=\"wp-block-image size-large has-custom-border\"><img loading=\"lazy\" decoding=\"async\" width=\"1024\" height=\"872\" src=\"https:\/\/recto-vrso.com\/wp-content\/uploads\/sites\/2\/2023\/03\/1-projection-1-1024x872.jpg\" alt=\"\" class=\"wp-image-523\" style=\"border-radius:10px\" srcset=\"https:\/\/recto-vrso.com\/wp-content\/uploads\/2023\/03\/1-projection-1-1024x872.jpg 1024w, https:\/\/recto-vrso.com\/wp-content\/uploads\/2023\/03\/1-projection-1-300x256.jpg 300w, https:\/\/recto-vrso.com\/wp-content\/uploads\/2023\/03\/1-projection-1-768x654.jpg 768w, https:\/\/recto-vrso.com\/wp-content\/uploads\/2023\/03\/1-projection-1.jpg 1174w\" sizes=\"auto, (max-width: 1024px) 100vw, 1024px\" \/><\/figure>\n<\/div>\n<\/div>\n\n<div style=\"height:25px\" aria-hidden=\"true\" class=\"wp-block-spacer\"><\/div>\n\n<div class=\"wp-block-cover alignwide\" style=\"padding-top:var(--wp--preset--spacing--50);padding-right:var(--wp--preset--spacing--50);padding-bottom:var(--wp--preset--spacing--50);padding-left:var(--wp--preset--spacing--50);min-height:340px;aspect-ratio:unset;\"><span aria-hidden=\"true\" class=\"wp-block-cover__background has-background-dim-70 has-background-dim  has-orange-turquoise-gradient-background\"><\/span><img loading=\"lazy\" decoding=\"async\" width=\"799\" height=\"533\" class=\"wp-block-cover__image-background wp-image-439\" alt=\"\" src=\"http:\/\/recto-vrso.com\/wp-content\/uploads\/2023\/03\/47817055231_de942d4144_c.jpg\" data-object-fit=\"cover\" srcset=\"https:\/\/recto-vrso.com\/wp-content\/uploads\/2023\/03\/47817055231_de942d4144_c.jpg 799w, https:\/\/recto-vrso.com\/wp-content\/uploads\/2023\/03\/47817055231_de942d4144_c-300x200.jpg 300w, https:\/\/recto-vrso.com\/wp-content\/uploads\/2023\/03\/47817055231_de942d4144_c-768x512.jpg 768w\" sizes=\"auto, (max-width: 799px) 100vw, 799px\" \/><div class=\"wp-block-cover__inner-container is-layout-flow wp-block-cover-is-layout-flow\">\n<h2 class=\"wp-block-heading has-text-align-center has-white-color has-text-color has-x-large-font-size\">D\u00e9couvrez le programme du &#8220;Off&#8221; <\/h2>\n\n\n\n<div class=\"wp-block-buttons is-content-justification-center is-layout-flex wp-container-core-buttons-is-layout-1 wp-block-buttons-is-layout-flex\">\n<div class=\"wp-block-button\"><a class=\"wp-block-button__link has-gradient-1-gradient-background has-background wp-element-button\" href=\"https:\/\/recto-vrso.com\/programme\/\" target=\"_blank\" rel=\"noreferrer noopener\">PROGRAMME<\/a><\/div>\n<\/div>\n<\/div><\/div>\n\n<div style=\"height:25px\" aria-hidden=\"true\" class=\"wp-block-spacer\"><\/div>\n","protected":false},"excerpt":{"rendered":"<p>La cr\u00e9ation num\u00e9rique et le patrimoine lavallois En parall\u00e8le de l&#8217;ART&amp;VR Gallery, une partie OFF dans la vieille ville de Laval valorise la diversit\u00e9 artistique du domaine en invitant des [&hellip;]<\/p>\n","protected":false},"author":6,"featured_media":0,"parent":0,"menu_order":0,"comment_status":"closed","ping_status":"closed","template":"","meta":{"_acf_changed":false,"content-type":"","footnotes":""},"class_list":["post-1393","page","type-page","status-publish","hentry"],"acf":[],"yoast_head":"<!-- This site is optimized with the Yoast SEO plugin v26.8 - https:\/\/yoast.com\/product\/yoast-seo-wordpress\/ -->\n<title>Le OFF - Recto VRso<\/title>\n<meta name=\"description\" content=\"Retrouvez la partie OFF du festival Recto VRso au Quarante, nouveau lieu culturel de la ville de Laval.\" \/>\n<meta name=\"robots\" content=\"index, follow, max-snippet:-1, max-image-preview:large, max-video-preview:-1\" \/>\n<link rel=\"canonical\" href=\"https:\/\/recto-vrso.com\/en\/le-off\/\" \/>\n<meta property=\"og:locale\" content=\"en_US\" \/>\n<meta property=\"og:type\" content=\"article\" \/>\n<meta property=\"og:title\" content=\"Le OFF - Recto VRso\" \/>\n<meta property=\"og:description\" content=\"Retrouvez la partie OFF du festival Recto VRso au Quarante, nouveau lieu culturel de la ville de Laval.\" \/>\n<meta property=\"og:url\" content=\"https:\/\/recto-vrso.com\/en\/le-off\/\" \/>\n<meta property=\"og:site_name\" content=\"Recto VRso\" \/>\n<meta property=\"article:modified_time\" content=\"2023-11-20T12:54:33+00:00\" \/>\n<meta property=\"og:image\" content=\"https:\/\/recto-vrso.com\/wp-content\/uploads\/sites\/2\/2023\/02\/52038375400_613a9d4a74_o-scaled.jpg\" \/>\n<meta name=\"twitter:card\" content=\"summary_large_image\" \/>\n<meta name=\"twitter:label1\" content=\"Est. reading time\" \/>\n\t<meta name=\"twitter:data1\" content=\"3 minutes\" \/>\n<script type=\"application\/ld+json\" class=\"yoast-schema-graph\">{\"@context\":\"https:\/\/schema.org\",\"@graph\":[{\"@type\":\"WebPage\",\"@id\":\"https:\/\/recto-vrso.com\/en\/le-off\/\",\"url\":\"https:\/\/recto-vrso.com\/en\/le-off\/\",\"name\":\"Le OFF - Recto VRso\",\"isPartOf\":{\"@id\":\"https:\/\/recto-vrso.com\/#website\"},\"primaryImageOfPage\":{\"@id\":\"https:\/\/recto-vrso.com\/en\/le-off\/#primaryimage\"},\"image\":{\"@id\":\"https:\/\/recto-vrso.com\/en\/le-off\/#primaryimage\"},\"thumbnailUrl\":\"https:\/\/recto-vrso.com\/wp-content\/uploads\/sites\/2\/2023\/02\/52038375400_613a9d4a74_o-scaled.jpg\",\"datePublished\":\"2023-02-20T16:50:55+00:00\",\"dateModified\":\"2023-11-20T12:54:33+00:00\",\"description\":\"Retrouvez la partie OFF du festival Recto VRso au Quarante, nouveau lieu culturel de la ville de Laval.\",\"inLanguage\":\"en-US\",\"potentialAction\":[{\"@type\":\"ReadAction\",\"target\":[\"https:\/\/recto-vrso.com\/en\/le-off\/\"]}]},{\"@type\":\"ImageObject\",\"inLanguage\":\"en-US\",\"@id\":\"https:\/\/recto-vrso.com\/en\/le-off\/#primaryimage\",\"url\":\"https:\/\/recto-vrso.com\/wp-content\/uploads\/sites\/2\/2023\/02\/52038375400_613a9d4a74_o-scaled.jpg\",\"contentUrl\":\"https:\/\/recto-vrso.com\/wp-content\/uploads\/sites\/2\/2023\/02\/52038375400_613a9d4a74_o-scaled.jpg\"},{\"@type\":\"WebSite\",\"@id\":\"https:\/\/recto-vrso.com\/#website\",\"url\":\"https:\/\/recto-vrso.com\/\",\"name\":\"Recto VRso\",\"description\":\"\",\"potentialAction\":[{\"@type\":\"SearchAction\",\"target\":{\"@type\":\"EntryPoint\",\"urlTemplate\":\"https:\/\/recto-vrso.com\/?s={search_term_string}\"},\"query-input\":{\"@type\":\"PropertyValueSpecification\",\"valueRequired\":true,\"valueName\":\"search_term_string\"}}],\"inLanguage\":\"en-US\"}]}<\/script>\n<!-- \/ Yoast SEO plugin. -->","yoast_head_json":{"title":"Le OFF - Recto VRso","description":"Retrouvez la partie OFF du festival Recto VRso au Quarante, nouveau lieu culturel de la ville de Laval.","robots":{"index":"index","follow":"follow","max-snippet":"max-snippet:-1","max-image-preview":"max-image-preview:large","max-video-preview":"max-video-preview:-1"},"canonical":"https:\/\/recto-vrso.com\/en\/le-off\/","og_locale":"en_US","og_type":"article","og_title":"Le OFF - Recto VRso","og_description":"Retrouvez la partie OFF du festival Recto VRso au Quarante, nouveau lieu culturel de la ville de Laval.","og_url":"https:\/\/recto-vrso.com\/en\/le-off\/","og_site_name":"Recto VRso","article_modified_time":"2023-11-20T12:54:33+00:00","og_image":[{"url":"https:\/\/recto-vrso.com\/wp-content\/uploads\/sites\/2\/2023\/02\/52038375400_613a9d4a74_o-scaled.jpg","type":"","width":"","height":""}],"twitter_card":"summary_large_image","twitter_misc":{"Est. reading time":"3 minutes"},"schema":{"@context":"https:\/\/schema.org","@graph":[{"@type":"WebPage","@id":"https:\/\/recto-vrso.com\/en\/le-off\/","url":"https:\/\/recto-vrso.com\/en\/le-off\/","name":"Le OFF - Recto VRso","isPartOf":{"@id":"https:\/\/recto-vrso.com\/#website"},"primaryImageOfPage":{"@id":"https:\/\/recto-vrso.com\/en\/le-off\/#primaryimage"},"image":{"@id":"https:\/\/recto-vrso.com\/en\/le-off\/#primaryimage"},"thumbnailUrl":"https:\/\/recto-vrso.com\/wp-content\/uploads\/sites\/2\/2023\/02\/52038375400_613a9d4a74_o-scaled.jpg","datePublished":"2023-02-20T16:50:55+00:00","dateModified":"2023-11-20T12:54:33+00:00","description":"Retrouvez la partie OFF du festival Recto VRso au Quarante, nouveau lieu culturel de la ville de Laval.","inLanguage":"en-US","potentialAction":[{"@type":"ReadAction","target":["https:\/\/recto-vrso.com\/en\/le-off\/"]}]},{"@type":"ImageObject","inLanguage":"en-US","@id":"https:\/\/recto-vrso.com\/en\/le-off\/#primaryimage","url":"https:\/\/recto-vrso.com\/wp-content\/uploads\/sites\/2\/2023\/02\/52038375400_613a9d4a74_o-scaled.jpg","contentUrl":"https:\/\/recto-vrso.com\/wp-content\/uploads\/sites\/2\/2023\/02\/52038375400_613a9d4a74_o-scaled.jpg"},{"@type":"WebSite","@id":"https:\/\/recto-vrso.com\/#website","url":"https:\/\/recto-vrso.com\/","name":"Recto VRso","description":"","potentialAction":[{"@type":"SearchAction","target":{"@type":"EntryPoint","urlTemplate":"https:\/\/recto-vrso.com\/?s={search_term_string}"},"query-input":{"@type":"PropertyValueSpecification","valueRequired":true,"valueName":"search_term_string"}}],"inLanguage":"en-US"}]}},"_links":{"self":[{"href":"https:\/\/recto-vrso.com\/en\/wp-json\/wp\/v2\/pages\/1393","targetHints":{"allow":["GET"]}}],"collection":[{"href":"https:\/\/recto-vrso.com\/en\/wp-json\/wp\/v2\/pages"}],"about":[{"href":"https:\/\/recto-vrso.com\/en\/wp-json\/wp\/v2\/types\/page"}],"author":[{"embeddable":true,"href":"https:\/\/recto-vrso.com\/en\/wp-json\/wp\/v2\/users\/6"}],"replies":[{"embeddable":true,"href":"https:\/\/recto-vrso.com\/en\/wp-json\/wp\/v2\/comments?post=1393"}],"version-history":[{"count":13,"href":"https:\/\/recto-vrso.com\/en\/wp-json\/wp\/v2\/pages\/1393\/revisions"}],"predecessor-version":[{"id":2979,"href":"https:\/\/recto-vrso.com\/en\/wp-json\/wp\/v2\/pages\/1393\/revisions\/2979"}],"wp:attachment":[{"href":"https:\/\/recto-vrso.com\/en\/wp-json\/wp\/v2\/media?parent=1393"}],"curies":[{"name":"wp","href":"https:\/\/api.w.org\/{rel}","templated":true}]}}